{"id":3448,"date":"2021-05-12T08:03:33","date_gmt":"2021-05-12T08:03:33","guid":{"rendered":"https:\/\/qlu.ac.pa\/masters\/?page_id=3448"},"modified":"2023-04-28T16:55:48","modified_gmt":"2023-04-28T16:55:48","slug":"maestria-en-administracion-de-la-construccion","status":"publish","type":"page","link":"https:\/\/qlu.ac.pa\/masters\/maestria-en-administracion-de-la-construccion\/","title":{"rendered":"Maestr\u00eda en Administraci\u00f3n de la Construcci\u00f3n"},"content":{"rendered":"<p>[vc_row type=&#8221;full_width_background&#8221; full_screen_row_position=&#8221;middle&#8221; column_margin=&#8221;default&#8221; column_direction=&#8221;default&#8221; column_direction_tablet=&#8221;default&#8221; column_direction_phone=&#8221;default&#8221; scene_position=&#8221;center&#8221; layer_one_image=&#8221;2518&#8243; layer_four_image=&#8221;2655&#8243; top_padding=&#8221;0&#8243; bottom_padding=&#8221;0&#8243; text_color=&#8221;dark&#8221; text_align=&#8221;center&#8221; row_border_radius=&#8221;none&#8221; row_border_radius_applies=&#8221;bg&#8221; overflow=&#8221;visible&#8221; overlay_strength=&#8221;0.3&#8243; gradient_direction=&#8221;left_to_right&#8221; shape_divider_position=&#8221;bottom&#8221; bg_image_animation=&#8221;none&#8221;][vc_column column_padding=&#8221;no-extra-padding&#8221; column_padding_tablet=&#8221;inherit&#8221; column_padding_phone=&#8221;inherit&#8221; column_padding_position=&#8221;all&#8221; column_element_direction_desktop=&#8221;default&#8221; column_element_spacing=&#8221;default&#8221; desktop_text_alignment=&#8221;default&#8221; tablet_text_alignment=&#8221;default&#8221; phone_text_alignment=&#8221;default&#8221; background_color_opacity=&#8221;1&#8243; background_hover_color_opacity=&#8221;1&#8243; column_backdrop_filter=&#8221;none&#8221; column_shadow=&#8221;none&#8221; column_border_radius=&#8221;none&#8221; column_link_target=&#8221;_self&#8221; column_position=&#8221;default&#8221; gradient_direction=&#8221;left_to_right&#8221; overlay_strength=&#8221;0.3&#8243; width=&#8221;1\/1&#8243; tablet_width_inherit=&#8221;default&#8221; animation_type=&#8221;default&#8221; bg_image_animation=&#8221;none&#8221; border_type=&#8221;simple&#8221; column_border_width=&#8221;none&#8221; column_border_style=&#8221;solid&#8221;][nectar_slider location=&#8221;Administracion de la construccion&#8221; flexible_slider_height=&#8221;true&#8221; full_width=&#8221;true&#8221; overall_style=&#8221;classic&#8221; bg_animation=&#8221;none&#8221; loop=&#8221;true&#8221; slider_transition=&#8221;fade&#8221; caption_transition=&#8221;fade_in_from_bottom&#8221; image_loading=&#8221;default&#8221; heading_tag=&#8221;default&#8221; button_sizing=&#8221;regular&#8221; slider_height=&#8221;500&#8243; autorotate=&#8221;5000&#8243;]<div class=\"iwithtext\"><div class=\"iwt-icon\">  <\/div><div class=\"iwt-text\"> <\/p>\n<h2 style=\"text-align: center;\"><strong><span style=\"color: #0a178c;\">Maestr\u00eda en Administraci\u00f3n de la Construcci\u00f3n<\/span><\/strong><\/h2>\n<div id=\"gtx-trans\" style=\"position: absolute; left: -25px; top: -4.09375px;\">\n<div class=\"gtx-trans-icon\"><\/div>\n<\/div>\n<p> <\/div><div class=\"clear\"><\/div><\/div>[\/vc_column][\/vc_row][vc_row type=&#8221;full_width_background&#8221; full_screen_row_position=&#8221;middle&#8221; column_margin=&#8221;default&#8221; column_direction=&#8221;default&#8221; column_direction_tablet=&#8221;default&#8221; column_direction_phone=&#8221;default&#8221; bg_color=&#8221;#ffffff&#8221; scene_position=&#8221;center&#8221; top_padding=&#8221;50&#8243; bottom_padding=&#8221;50&#8243; text_color=&#8221;dark&#8221; text_align=&#8221;left&#8221; row_border_radius=&#8221;none&#8221; row_border_radius_applies=&#8221;bg&#8221; overflow=&#8221;visible&#8221; overlay_strength=&#8221;0.3&#8243; gradient_direction=&#8221;left_to_right&#8221; shape_divider_position=&#8221;bottom&#8221; bg_image_animation=&#8221;none&#8221;][vc_column column_padding=&#8221;no-extra-padding&#8221; column_padding_tablet=&#8221;inherit&#8221; column_padding_phone=&#8221;inherit&#8221; column_padding_position=&#8221;all&#8221; column_element_direction_desktop=&#8221;default&#8221; column_element_spacing=&#8221;default&#8221; desktop_text_alignment=&#8221;default&#8221; tablet_text_alignment=&#8221;default&#8221; phone_text_alignment=&#8221;default&#8221; background_color_opacity=&#8221;1&#8243; background_hover_color_opacity=&#8221;1&#8243; column_backdrop_filter=&#8221;none&#8221; column_shadow=&#8221;none&#8221; column_border_radius=&#8221;none&#8221; column_link_target=&#8221;_self&#8221; column_position=&#8221;default&#8221; gradient_direction=&#8221;left_to_right&#8221; overlay_strength=&#8221;0.3&#8243; width=&#8221;1\/3&#8243; tablet_width_inherit=&#8221;default&#8221; animation_type=&#8221;default&#8221; enable_animation=&#8221;true&#8221; animation=&#8221;fade-in&#8221; animation_easing=&#8221;default&#8221; bg_image_animation=&#8221;none&#8221; border_type=&#8221;simple&#8221; column_border_width=&#8221;none&#8221; column_border_style=&#8221;solid&#8221; delay=&#8221;0&#8243;]<div class=\"iwithtext\"><div class=\"iwt-icon\"> <i class=\"icon-default-style icon-tags extra-color-2\"><\/i> <\/div><div class=\"iwt-text\"> <\/p>\n<h3>Introducci\u00f3n<\/h3>\n<div>\n<p>La misi\u00f3n de la <strong>Maestr\u00eda en Administraci\u00f3n de la Construcci\u00f3n<\/strong> es formar profesionales a nivel de maestr\u00eda dotados de las capacidades y competencias para desempe\u00f1arse como <strong>gerentes de empresas, programas y proyectos de construcci\u00f3n<\/strong> y sus \u00e1reas relacionadas. La metodolog\u00eda que se manejara para el programa completo sera utilizando modelos, teor\u00edas, m\u00e9todos, procedimientos y programas de simulaci\u00f3n para mejorar la efectividad y eficiencia de la administraci\u00f3n integrada de proyectos y asegurar la <strong>adecuada administraci\u00f3n y optimizaci\u00f3n de uso de los recursos humanos, materiales, financieros, t\u00e9cnicos e inform\u00e1ticos.<\/strong><\/div>\n<div id=\"gtx-trans\" style=\"position: absolute; left: -28px; top: -4.09375px;\">\n<div class=\"gtx-trans-icon\"><\/div>\n<\/div>\n<p> <\/div><div class=\"clear\"><\/div><\/div><div class=\"iwithtext\"><div class=\"iwt-icon\"> <i class=\"icon-default-style icon-signal extra-color-2\"><\/i> <\/div><div class=\"iwt-text\"> <\/p>\n<h3>Ranking de la UPM<\/h3>\n<div>\n<p>\u201cLa Escuela T\u00e9cnica Superior de Arquitectura de la Universidad Polit\u00e9cnica de Madrid es reconocida por varias publicaciones como una de Top Escuela de Arquitectura en Europa y entre las mejores 100 en el mundo, compartiendo honores con prestigiosas Escuelas de Arquitectura de los Estados Unidos.\u201d<\/p>\n<p>Entre los rankings est\u00e1n:<\/p>\n<ul>\n<li><a href=\"http:\/\/www.arch2o.com\/top-10-european-schools-of-architecture\/\" target=\"_blank\" rel=\"noopener noreferrer\">No. 6 en Europa<\/a><\/li>\n<li><a href=\"http:\/\/masterarquitectura.com\/?p=54\" target=\"_blank\" rel=\"noopener noreferrer\">No. 8 en Europa<\/a><\/li>\n<li><a href=\"http:\/\/www.plataformaarquitectura.cl\/cl\/766179\/ranking-las-100-mejores-universidades-del-mundo-para-estudiar-arquitectura\" target=\"_blank\" rel=\"noopener noreferrer\">No. 14 en Europa y No. 51 en el mundo<\/a><\/li>\n<\/ul>\n<\/div>\n<div id=\"gtx-trans\" style=\"position: absolute; left: -60px; top: -4.09375px;\">\n<div class=\"gtx-trans-icon\"><\/div>\n<\/div>\n<p> <\/div><div class=\"clear\"><\/div><\/div>[vc_video link=&#8221;https:\/\/www.youtube.com\/watch?v=07QWPvoYhBw&#8221; align=&#8221;center&#8221;][\/vc_column][vc_column column_padding=&#8221;no-extra-padding&#8221; column_padding_tablet=&#8221;inherit&#8221; column_padding_phone=&#8221;inherit&#8221; column_padding_position=&#8221;all&#8221; column_element_direction_desktop=&#8221;default&#8221; column_element_spacing=&#8221;default&#8221; desktop_text_alignment=&#8221;default&#8221; tablet_text_alignment=&#8221;default&#8221; phone_text_alignment=&#8221;default&#8221; background_color_opacity=&#8221;1&#8243; background_hover_color_opacity=&#8221;1&#8243; column_backdrop_filter=&#8221;none&#8221; column_shadow=&#8221;none&#8221; column_border_radius=&#8221;none&#8221; column_link_target=&#8221;_self&#8221; column_position=&#8221;default&#8221; gradient_direction=&#8221;left_to_right&#8221; overlay_strength=&#8221;0.3&#8243; width=&#8221;1\/3&#8243; tablet_width_inherit=&#8221;default&#8221; animation_type=&#8221;default&#8221; enable_animation=&#8221;true&#8221; animation=&#8221;fade-in&#8221; animation_easing=&#8221;default&#8221; bg_image_animation=&#8221;none&#8221; border_type=&#8221;simple&#8221; column_border_width=&#8221;none&#8221; column_border_style=&#8221;solid&#8221; delay=&#8221;200&#8243;]<div class=\"iwithtext\"><div class=\"iwt-icon\"> <i class=\"icon-default-style icon-external-link extra-color-2\"><\/i> <\/div><div class=\"iwt-text\"> <\/p>\n<h3><span style=\"color: #122d99;\">Inicio de clases: <\/span><\/h3>\n<h3><span style=\"color: #122d99;\">29 de agosto\u00a02023<\/span><\/h3>\n<div id=\"gtx-trans\" style=\"position: absolute; left: -22px; top: 90.4375px;\">\n<div class=\"gtx-trans-icon\"><\/div>\n<\/div>\n<p> <\/div><div class=\"clear\"><\/div><\/div><div class=\"iwithtext\"><div class=\"iwt-icon\"> <i class=\"icon-default-style icon-search extra-color-2\"><\/i> <\/div><div class=\"iwt-text\"> <\/p>\n<h3>Beneficios<\/h3>\n<p>&nbsp;<\/p>\n<ul>\n<li><strong>Doble titulaci\u00f3n:<\/strong>\u00a0Universidad Polit\u00e9cnica de Madrid (Espa\u00f1a) t\u00edtulo de <strong>M\u00e1ster\u00a0en Direcci\u00f3n Integrada de Proyectos de Edificaci\u00f3n\u00a0<\/strong>y por Quality Leadership University t\u00edtulo en\u00a0<strong>Maestr\u00eda en Administraci\u00f3n de la Construcci\u00f3n.\u00a0<\/strong>(Resoluci\u00f3n CTDA 053-2018).<\/li>\n<li>En forma\u00a0<strong>presencial<\/strong>\u00a0completamente en Panam\u00e1<\/li>\n<li>Profesores con\u00a0<strong>grado de doctorado<\/strong>\u00a0y siendo el 70% de Madrid, Espa\u00f1a.<\/li>\n<li><strong>Financiamiento<\/strong>\u00a0a trav\u00e9s del IFARHU, y c\u00f3modos planes de pago sin cargo de intereses.<\/li>\n<li><strong>12 meses de duraci\u00f3n<\/strong>\u00a0y 4 meses de proyecto final.<\/li>\n<li>Ofrecido en idioma\u00a0<strong>espa\u00f1ol<\/strong>.<\/li>\n<\/ul>\n<p> <\/div><div class=\"clear\"><\/div><\/div><div class=\"iwithtext\"><div class=\"iwt-icon\"> <i class=\"icon-default-style icon-external-link extra-color-2\"><\/i> <\/div><div class=\"iwt-text\"> <\/p>\n<h3>Programa<\/h3>\n<ul>\n<li>Fundamentos en el <strong>Dise\u00f1o, Estimaci\u00f3n y Evaluaci\u00f3<\/strong>n de la Construcci\u00f3n<\/li>\n<li>An\u00e1lisis Econ\u00f3mico en la Construcci\u00f3n<\/li>\n<li>Construcci\u00f3n <strong>sostenible<\/strong><\/li>\n<li>Principios de <strong>Planificaci\u00f3n, Calendarizaci\u00f3n y Contr<\/strong>ol de la Construcci\u00f3n<\/li>\n<li>An\u00e1lisis y Control de Costos de Construcci\u00f3n<\/li>\n<li><strong>Productividad<\/strong> de la Construcci\u00f3n<\/li>\n<li>Administraci\u00f3n de la Seguridad en la Construcci\u00f3n<\/li>\n<li>Gerencia de Organizaciones y <strong>Proyectos<\/strong> de Construcci\u00f3n<\/li>\n<li>Gerencia de <strong>Recursos Humanos<\/strong> en empresas de Construcci\u00f3n<\/li>\n<li>Gerencia de <strong>Sistemas de Informaci\u00f3n<\/strong> para la Construcci\u00f3n &#8211;<\/li>\n<li>Proyecto Final &#8211; Toma de decisiones y <strong>an\u00e1lisis de riesgo<\/strong>s en Construcci\u00f3n<\/li>\n<\/ul>\n<div id=\"gtx-trans\" style=\"position: absolute; left: -37px; top: 51.9063px;\">\n<div class=\"gtx-trans-icon\"><\/div>\n<\/div>\n<p> <\/div><div class=\"clear\"><\/div><\/div>[\/vc_column][vc_column column_padding=&#8221;no-extra-padding&#8221; column_padding_tablet=&#8221;inherit&#8221; column_padding_phone=&#8221;inherit&#8221; column_padding_position=&#8221;all&#8221; column_element_direction_desktop=&#8221;default&#8221; column_element_spacing=&#8221;default&#8221; desktop_text_alignment=&#8221;default&#8221; tablet_text_alignment=&#8221;default&#8221; phone_text_alignment=&#8221;default&#8221; background_color_opacity=&#8221;1&#8243; background_hover_color_opacity=&#8221;1&#8243; column_backdrop_filter=&#8221;none&#8221; column_shadow=&#8221;none&#8221; column_border_radius=&#8221;none&#8221; column_link_target=&#8221;_self&#8221; column_position=&#8221;default&#8221; gradient_direction=&#8221;left_to_right&#8221; overlay_strength=&#8221;0.3&#8243; width=&#8221;1\/3&#8243; tablet_width_inherit=&#8221;default&#8221; animation_type=&#8221;default&#8221; enable_animation=&#8221;true&#8221; animation=&#8221;fade-in&#8221; animation_easing=&#8221;default&#8221; bg_image_animation=&#8221;none&#8221; border_type=&#8221;simple&#8221; column_border_width=&#8221;none&#8221; column_border_style=&#8221;solid&#8221; delay=&#8221;400&#8243;]<div class=\"iwithtext\"><div class=\"iwt-icon\"> <i class=\"icon-default-style icon-envelope-alt extra-color-2\"><\/i> <\/div><div class=\"iwt-text\"> <\/p>\n<h3>Registro y m\u00e1s informaci\u00f3n<\/h3>\n<div id=\"gtx-trans\" style=\"position: absolute; left: -12px; top: -4.09375px;\">\n<div class=\"gtx-trans-icon\"><\/div>\n<\/div>\n<p> <\/div><div class=\"clear\"><\/div><\/div>[vc_raw_html css=&#8221;.vc_custom_1652471923186{background-color: #063970 !important;}&#8221;]JTNDc2NyaXB0JTIwdHlwZSUzRCUyMnRleHQlMkZqYXZhc2NyaXB0JTIyJTNFJTBBcGlBSWQlMjAlM0QlMjAlMjc5NTUwMjMlMjclM0IlMEFwaUNJZCUyMCUzRCUyMCUyNzE2NzcwJTI3JTNCJTBBcGlIb3N0bmFtZSUyMCUzRCUyMCUyN3BpLnBhcmRvdC5jb20lMjclM0IlMEElMEElMjhmdW5jdGlvbiUyOCUyOSUyMCU3QiUwQSUwOWZ1bmN0aW9uJTIwYXN5bmNfbG9hZCUyOCUyOSU3QiUwQSUwOSUwOXZhciUyMHMlMjAlM0QlMjBkb2N1bWVudC5jcmVhdGVFbGVtZW50JTI4JTI3c2NyaXB0JTI3JTI5JTNCJTIwcy50eXBlJTIwJTNEJTIwJTI3dGV4dCUyRmphdmFzY3JpcHQlMjclM0IlMEElMDklMDlzLnNyYyUyMCUzRCUyMCUyOCUyN2h0dHBzJTNBJTI3JTIwJTNEJTNEJTIwZG9jdW1lbnQubG9jYXRpb24ucHJvdG9jb2wlMjAlM0YlMjAlMjdodHRwcyUzQSUyRiUyRnBpJTI3JTIwJTNBJTIwJTI3aHR0cCUzQSUyRiUyRmNkbiUyNyUyOSUyMCUyQiUyMCUyNy5wYXJkb3QuY29tJTJGcGQuanMlMjclM0IlMEElMDklMDl2YXIlMjBjJTIwJTNEJTIwZG9jdW1lbnQuZ2V0RWxlbWVudHNCeVRhZ05hbWUlMjglMjdzY3JpcHQlMjclMjklNUIwJTVEJTNCJTIwYy5wYXJlbnROb2RlLmluc2VydEJlZm9yZSUyOHMlMkMlMjBjJTI5JTNCJTBBJTA5JTdEJTBBJTA5aWYlMjh3aW5kb3cuYXR0YWNoRXZlbnQlMjklMjAlN0IlMjB3aW5kb3cuYXR0YWNoRXZlbnQlMjglMjdvbmxvYWQlMjclMkMlMjBhc3luY19sb2FkJTI5JTNCJTIwJTdEJTBBJTA5ZWxzZSUyMCU3QiUyMHdpbmRvdy5hZGRFdmVudExpc3RlbmVyJTI4JTI3bG9hZCUyNyUyQyUyMGFzeW5jX2xvYWQlMkMlMjBmYWxzZSUyOSUzQiUyMCU3RCUwQSU3RCUyOSUyOCUyOSUzQiUwQSUzQyUyRnNjcmlwdCUzRSUzQ2lmcmFtZSUyMHNyYyUzRCUyMmh0dHBzJTNBJTJGJTJGZ28ucWx1LmFjLnBhJTJGbCUyRjk1NDAyMyUyRjIwMjItMDUtMTIlMkZoZ3FiJTIyJTIwd2lkdGglM0QlMjIxMDAlMjUlMjIlMjBoZWlnaHQlM0QlMjI1MDAlMjIlMjB0eXBlJTNEJTIydGV4dCUyRmh0bWwlMjIlMjBmcmFtZWJvcmRlciUzRCUyMjAlMjIlMjBhbGxvd1RyYW5zcGFyZW5jeSUzRCUyMnRydWUlMjIlMjBzdHlsZSUzRCUyMmJvcmRlciUzQSUyMDAlMjIlM0UlM0MlMkZpZnJhbWUlM0U=[\/vc_raw_html]<div class=\"iwithtext\"><div class=\"iwt-icon\"> <i class=\"icon-default-style icon-credit-card extra-color-2\"><\/i> <\/div><div class=\"iwt-text\"> <\/p>\n<h3>Financiamiento<\/h3>\n<ul>\n<li>Financiamiento disponible a trav\u00e9s de QLU, IFARHU y los bancos de la localidad. Solicita m\u00e1s informaci\u00f3n en nuestras oficinas o a trav\u00e9s del correo electr\u00f3nico\u00a0<a href=\"mailto:maestrias@qlu.ac.pa\" target=\"_blank\" rel=\"noopener noreferrer\">maestrias@qlu.ac.pa<\/a>.<\/li>\n<li>Financiamiento a trav\u00e9s de Quality Leadership University al 0% de inter\u00e9s.<\/li>\n<\/ul>\n<div id=\"gtx-trans\" style=\"position: absolute; left: -86px; top: 51.9063px;\">\n<div class=\"gtx-trans-icon\"><\/div>\n<\/div>\n<p> <\/div><div class=\"clear\"><\/div><\/div><div class=\"iwithtext\"><div class=\"iwt-icon\"> <i class=\"icon-default-style icon-hand-right extra-color-2\"><\/i> <\/div><div class=\"iwt-text\"> <\/p>\n<h3>Requisitos<\/h3>\n<ul>\n<li>Completar formulario de Admisi\u00f3n de UPM<\/li>\n<li>Solicitud de Admisi\u00f3n de QLU<\/li>\n<li>Certificaci\u00f3n de Cr\u00e9ditos Acad\u00e9micos<\/li>\n<li>Copia del Diploma<\/li>\n<li>2 cartas de recomendaciones<\/li>\n<li>Hoja de vida actualizada<\/li>\n<li>Copia de la c\u00e9dula y\/o pasaporte<\/li>\n<li>2 fotograf\u00edas tama\u00f1o carnet<\/li>\n<\/ul>\n<div id=\"gtx-trans\" style=\"position: absolute; left: -179px; top: 51.9063px;\">\n<div class=\"gtx-trans-icon\"><\/div>\n<\/div>\n<p> <\/div><div class=\"clear\"><\/div><\/div><div class=\"iwithtext\"><div class=\"iwt-icon\"> <i class=\"icon-default-style icon-user extra-color-2\"><\/i> <\/div><div class=\"iwt-text\"> <\/p>\n<h3>Perfil de los egresados<\/h3>\n<p><img fetchpriority=\"high\" decoding=\"async\" class=\"aligncenter size-full wp-image-3738\" src=\"https:\/\/qlu.ac.pa\/masters\/wp-content\/uploads\/2014\/11\/Captura-de-pantalla-2015-08-04-a-las-14.17.12.png\" alt=\"Captura de pantalla 2015-08-04 a las 14.17.12\" width=\"746\" height=\"432\" srcset=\"https:\/\/qlu.ac.pa\/masters\/wp-content\/uploads\/2014\/11\/Captura-de-pantalla-2015-08-04-a-las-14.17.12.png 746w, https:\/\/qlu.ac.pa\/masters\/wp-content\/uploads\/2014\/11\/Captura-de-pantalla-2015-08-04-a-las-14.17.12-600x347.png 600w, https:\/\/qlu.ac.pa\/masters\/wp-content\/uploads\/2014\/11\/Captura-de-pantalla-2015-08-04-a-las-14.17.12-300x174.png 300w\" sizes=\"(max-width: 746px) 100vw, 746px\" \/> <a href=\"https:\/\/qlu.ac.pa\/masters\/wp-content\/uploads\/2014\/11\/Captura-de-pantalla-2015-08-04-a-las-14.17.25.png\"><img decoding=\"async\" class=\"aligncenter size-full wp-image-3739\" src=\"https:\/\/qlu.ac.pa\/masters\/wp-content\/uploads\/2014\/11\/Captura-de-pantalla-2015-08-04-a-las-14.17.25.png\" alt=\"Captura de pantalla 2015-08-04 a las 14.17.25\" width=\"428\" height=\"422\" srcset=\"https:\/\/qlu.ac.pa\/masters\/wp-content\/uploads\/2014\/11\/Captura-de-pantalla-2015-08-04-a-las-14.17.25.png 428w, https:\/\/qlu.ac.pa\/masters\/wp-content\/uploads\/2014\/11\/Captura-de-pantalla-2015-08-04-a-las-14.17.25-80x80.png 80w, https:\/\/qlu.ac.pa\/masters\/wp-content\/uploads\/2014\/11\/Captura-de-pantalla-2015-08-04-a-las-14.17.25-300x296.png 300w, https:\/\/qlu.ac.pa\/masters\/wp-content\/uploads\/2014\/11\/Captura-de-pantalla-2015-08-04-a-las-14.17.25-50x50.png 50w, https:\/\/qlu.ac.pa\/masters\/wp-content\/uploads\/2014\/11\/Captura-de-pantalla-2015-08-04-a-las-14.17.25-100x100.png 100w\" sizes=\"(max-width: 428px) 100vw, 428px\" \/><\/a><\/p>\n<div id=\"gtx-trans\" style=\"position: absolute; left: -22px; top: 51.9063px;\">\n<div class=\"gtx-trans-icon\"><\/div>\n<\/div>\n<p> <\/div><div class=\"clear\"><\/div><\/div>[\/vc_column][\/vc_row][vc_row type=&#8221;in_container&#8221; full_screen_row_position=&#8221;middle&#8221; column_margin=&#8221;default&#8221; column_direction=&#8221;default&#8221; column_direction_tablet=&#8221;default&#8221; column_direction_phone=&#8221;default&#8221; scene_position=&#8221;center&#8221; text_color=&#8221;dark&#8221; text_align=&#8221;left&#8221; row_border_radius=&#8221;none&#8221; row_border_radius_applies=&#8221;bg&#8221; overflow=&#8221;visible&#8221; overlay_strength=&#8221;0.3&#8243; gradient_direction=&#8221;left_to_right&#8221; shape_divider_position=&#8221;bottom&#8221; bg_image_animation=&#8221;none&#8221;][vc_column column_padding=&#8221;no-extra-padding&#8221; column_padding_tablet=&#8221;inherit&#8221; column_padding_phone=&#8221;inherit&#8221; column_padding_position=&#8221;all&#8221; column_element_direction_desktop=&#8221;default&#8221; column_element_spacing=&#8221;default&#8221; desktop_text_alignment=&#8221;default&#8221; tablet_text_alignment=&#8221;default&#8221; phone_text_alignment=&#8221;default&#8221; background_color_opacity=&#8221;1&#8243; background_hover_color_opacity=&#8221;1&#8243; column_backdrop_filter=&#8221;none&#8221; column_shadow=&#8221;none&#8221; column_border_radius=&#8221;none&#8221; column_link_target=&#8221;_self&#8221; column_position=&#8221;default&#8221; gradient_direction=&#8221;left_to_right&#8221; overlay_strength=&#8221;0.3&#8243; width=&#8221;1\/1&#8243; tablet_width_inherit=&#8221;default&#8221; animation_type=&#8221;default&#8221; bg_image_animation=&#8221;none&#8221; border_type=&#8221;simple&#8221; column_border_width=&#8221;none&#8221; column_border_style=&#8221;solid&#8221;][vc_column_text]<\/p>\n<p style=\"text-align: center;\"><a class=\"nectar-button n-sc-button large accent-color regular-button\"  href=\"https:\/\/qlu.ac.pa\/masters\/\" data-color-override=\"false\" data-hover-color-override=\"false\" data-hover-text-color-override=\"#fff\"><span>Otros programas<\/span><\/a><\/p>\n<p>[\/vc_column_text][\/vc_column][\/vc_row][vc_row type=&#8221;in_container&#8221; full_screen_row_position=&#8221;middle&#8221; column_margin=&#8221;default&#8221; column_direction=&#8221;default&#8221; column_direction_tablet=&#8221;default&#8221; column_direction_phone=&#8221;default&#8221; scene_position=&#8221;center&#8221; text_color=&#8221;dark&#8221; text_align=&#8221;left&#8221; row_border_radius=&#8221;none&#8221; row_border_radius_applies=&#8221;bg&#8221; overflow=&#8221;visible&#8221; overlay_strength=&#8221;0.3&#8243; gradient_direction=&#8221;left_to_right&#8221; shape_divider_position=&#8221;bottom&#8221; bg_image_animation=&#8221;none&#8221;][vc_column column_padding=&#8221;no-extra-padding&#8221; column_padding_tablet=&#8221;inherit&#8221; column_padding_phone=&#8221;inherit&#8221; column_padding_position=&#8221;all&#8221; column_element_direction_desktop=&#8221;default&#8221; column_element_spacing=&#8221;default&#8221; desktop_text_alignment=&#8221;default&#8221; tablet_text_alignment=&#8221;default&#8221; phone_text_alignment=&#8221;default&#8221; background_color_opacity=&#8221;1&#8243; background_hover_color_opacity=&#8221;1&#8243; column_backdrop_filter=&#8221;none&#8221; column_shadow=&#8221;none&#8221; column_border_radius=&#8221;none&#8221; column_link_target=&#8221;_self&#8221; column_position=&#8221;default&#8221; gradient_direction=&#8221;left_to_right&#8221; overlay_strength=&#8221;0.3&#8243; width=&#8221;1\/1&#8243; tablet_width_inherit=&#8221;default&#8221; animation_type=&#8221;default&#8221; bg_image_animation=&#8221;none&#8221; border_type=&#8221;simple&#8221; column_border_width=&#8221;none&#8221; column_border_style=&#8221;solid&#8221;][\/vc_column][\/vc_row]<\/p>\n","protected":false},"excerpt":{"rendered":"<p>[vc_row type=&#8221;full_width_background&#8221; full_screen_row_position=&#8221;middle&#8221; column_margin=&#8221;default&#8221; column_direction=&#8221;default&#8221; column_direction_tablet=&#8221;default&#8221; column_direction_phone=&#8221;default&#8221; scene_position=&#8221;center&#8221; layer_one_image=&#8221;2518&#8243; layer_four_image=&#8221;2655&#8243; top_padding=&#8221;0&#8243; bottom_padding=&#8221;0&#8243; text_color=&#8221;dark&#8221; text_align=&#8221;center&#8221; row_border_radius=&#8221;none&#8221; row_border_radius_applies=&#8221;bg&#8221; overflow=&#8221;visible&#8221; overlay_strength=&#8221;0.3&#8243; gradient_direction=&#8221;left_to_right&#8221; shape_divider_position=&#8221;bottom&#8221; bg_image_animation=&#8221;none&#8221;][vc_column column_padding=&#8221;no-extra-padding&#8221; [&hellip;]<\/p>\n","protected":false},"author":3,"featured_media":5489,"parent":0,"menu_order":36,"comment_status":"open","ping_status":"open","template":"","meta":{"_joinchat":[],"footnotes":""},"class_list":["post-3448","page","type-page","status-publish","has-post-thumbnail","hentry"],"_links":{"self":[{"href":"https:\/\/qlu.ac.pa\/masters\/wp-json\/wp\/v2\/pages\/3448","targetHints":{"allow":["GET"]}}],"collection":[{"href":"https:\/\/qlu.ac.pa\/masters\/wp-json\/wp\/v2\/pages"}],"about":[{"href":"https:\/\/qlu.ac.pa\/masters\/wp-json\/wp\/v2\/types\/page"}],"author":[{"embeddable":true,"href":"https:\/\/qlu.ac.pa\/masters\/wp-json\/wp\/v2\/users\/3"}],"replies":[{"embeddable":true,"href":"https:\/\/qlu.ac.pa\/masters\/wp-json\/wp\/v2\/comments?post=3448"}],"version-history":[{"count":28,"href":"https:\/\/qlu.ac.pa\/masters\/wp-json\/wp\/v2\/pages\/3448\/revisions"}],"predecessor-version":[{"id":6702,"href":"https:\/\/qlu.ac.pa\/masters\/wp-json\/wp\/v2\/pages\/3448\/revisions\/6702"}],"wp:featuredmedia":[{"embeddable":true,"href":"https:\/\/qlu.ac.pa\/masters\/wp-json\/wp\/v2\/media\/5489"}],"wp:attachment":[{"href":"https:\/\/qlu.ac.pa\/masters\/wp-json\/wp\/v2\/media?parent=3448"}],"curies":[{"name":"wp","href":"https:\/\/api.w.org\/{rel}","templated":true}]}}