{"id":3459,"date":"2014-11-13T17:47:45","date_gmt":"2014-11-13T17:47:45","guid":{"rendered":"https:\/\/qlu.ac.pa\/masters\/?page_id=3459"},"modified":"2026-01-30T15:07:14","modified_gmt":"2026-01-30T20:07:14","slug":"professional-master-of-business-administration","status":"publish","type":"page","link":"https:\/\/qlu.ac.pa\/masters\/professional-master-of-business-administration\/","title":{"rendered":"Professional Master of Business Administration"},"content":{"rendered":"<p>[vc_row type=&#8221;full_width_background&#8221; full_screen_row_position=&#8221;middle&#8221; scene_position=&#8221;center&#8221; layer_one_image=&#8221;2518&#8243; layer_four_image=&#8221;2655&#8243; text_color=&#8221;dark&#8221; text_align=&#8221;center&#8221; top_padding=&#8221;0&#8243; bottom_padding=&#8221;0&#8243; overlay_strength=&#8221;0.3&#8243;][vc_column column_padding=&#8221;no-extra-padding&#8221; column_padding_position=&#8221;all&#8221; background_color_opacity=&#8221;1&#8243; background_hover_color_opacity=&#8221;1&#8243; width=&#8221;1\/1&#8243; tablet_text_alignment=&#8221;default&#8221; phone_text_alignment=&#8221;default&#8221;][nectar_slider location=&#8221;MBA&#8221; flexible_slider_height=&#8221;true&#8221; full_width=&#8221;true&#8221; overall_style=&#8221;classic&#8221; loop=&#8221;true&#8221; slider_transition=&#8221;fade&#8221; button_sizing=&#8221;regular&#8221; slider_height=&#8221;500&#8243; autorotate=&#8221;5000&#8243;][\/vc_column][\/vc_row][vc_row type=&#8221;full_width_background&#8221; full_screen_row_position=&#8221;middle&#8221; bg_color=&#8221;#ffffff&#8221; scene_position=&#8221;center&#8221; text_color=&#8221;dark&#8221; text_align=&#8221;left&#8221; top_padding=&#8221;50&#8243; bottom_padding=&#8221;50&#8243; overlay_strength=&#8221;0.3&#8243;][vc_column enable_animation=&#8221;true&#8221; animation=&#8221;fade-in&#8221; column_padding=&#8221;no-extra-padding&#8221; column_padding_position=&#8221;all&#8221; background_color_opacity=&#8221;1&#8243; background_hover_color_opacity=&#8221;1&#8243; width=&#8221;1\/3&#8243; tablet_text_alignment=&#8221;default&#8221; phone_text_alignment=&#8221;default&#8221; delay=&#8221;0&#8243;][text-with-icon icon_type=&#8221;font_icon&#8221; icon=&#8221;icon-tags&#8221; color=&#8221;Accent-Color&#8221;]<\/p>\n<h2>Introducci\u00f3n<\/h2>\n<div>\n<p>Como estudiante del programa estar\u00e1 atendiendo a uno de los m\u00e1s prestigiosos \u00a0programas de<strong>\u00a0MBA de los Estados Unido<\/strong>s 100% \u00a0en Panam\u00e1, disfrutando de un \u00fanico\u00a0<strong>ambiente de aprendizaje<\/strong> sin salir de Panam\u00e1.<\/p>\n<p>Nuestro programa tiene una duraci\u00f3n de 18 meses que ofrece un s\u00f3lido compendio de materias en el \u00e1rea de negocios, teniendo como soporte un\u00a0<strong>renombrado cuerpo de docentes<\/strong>\u00a0de la sede principal en Miami, Florida. Contando con la oportunidad de una semana de negocios y seminario en el main campus de Miami Florida (opcional)<\/p>\n<p>El programa est\u00e1 dise\u00f1ado para profesionales que trabajan y buscan alcanzar un nivel de maestr\u00eda durante los fin de semana sin dejar su avance profesional a un lado.<\/p>\n<p>El programa cuenta con un\u00a0<strong>plan de estudio a fondo y atractivo<\/strong>\u00a0que integra los fundamentos de la<strong>\u00a0gesti\u00f3n empresarial<\/strong>\u00a0con el desarrollo de las habilidades en el\u00a0<strong>esp\u00edritu empresarial<\/strong>, el trabajo en equipo y liderazgo y visi\u00f3n de emprendimiento a cada uno de nuestros participantes.<\/p>\n<\/div>\n<p>[\/text-with-icon][text-with-icon icon_type=&#8221;font_icon&#8221; icon=&#8221;icon-search&#8221; color=&#8221;Accent-Color&#8221;]<\/p>\n<h2>Beneficios<\/h2>\n<ul>\n<li>Programa con altos reconocimientos por revistas como Am\u00e9rica Econom\u00eda, Business Week, U.S News &amp; World Report.<\/li>\n<li>Programa aprobado por la Comisi\u00f3n T\u00e9cnica de Fiscalizaci\u00f3n, Resoluci\u00f3n N\u00ba. CTF-79-2012.<\/li>\n<li>Cursos ofrecidos completamente en Ingl\u00e9s.<\/li>\n<li>Red de graduado, internacionalmente<\/li>\n<li>Servicio de carrera profesional despu\u00e9s de graduado<\/li>\n<li>Profesores con grado de Doctorado y con experiencia en el \u00e1rea que ense\u00f1an provenientes del main campus de Miami Florida<\/li>\n<li>Acceso a la librer\u00eda virtual y plataforma de FIU.<\/li>\n<li>Duraci\u00f3n de 18 meses, completamente en Ciudad de Panam\u00e1<\/li>\n<\/ul>\n<p>[\/text-with-icon][\/vc_column][vc_column enable_animation=&#8221;true&#8221; animation=&#8221;fade-in&#8221; column_padding=&#8221;no-extra-padding&#8221; column_padding_position=&#8221;all&#8221; background_color_opacity=&#8221;1&#8243; background_hover_color_opacity=&#8221;1&#8243; width=&#8221;1\/3&#8243; tablet_text_alignment=&#8221;default&#8221; phone_text_alignment=&#8221;default&#8221; delay=&#8221;200&#8243;][text-with-icon icon_type=&#8221;font_icon&#8221; icon=&#8221;icon-external-link&#8221; color=&#8221;Accent-Color&#8221;]<\/p>\n<h2>Programa<\/h2>\n<ul>\n<li>Contabilidad Gerencial<\/li>\n<li>Gerencia de Operaciones y An\u00e1lisis<\/li>\n<li>Comportamiento Organizacional y Administraci\u00f3n de los Recursos Humanos<\/li>\n<li>Entorno Jur\u00eddico de Negocios<\/li>\n<li>Finanzas Corporativas<\/li>\n<li>Estrategia Competitiva<\/li>\n<li>Gesti\u00f3n Empresarial<\/li>\n<li>Gerencia de Mercadeo y Distribuci\u00f3n<\/li>\n<li>Instituciones Financieras y Mercado de capitales<\/li>\n<li>Estrategia Global de Finanzas<\/li>\n<li>Negocios Internacionales<\/li>\n<li>Creaci\u00f3n de Empresas<\/li>\n<li>Estrategia Gerencia<\/li>\n<\/ul>\n<p>[\/text-with-icon][text-with-icon icon_type=&#8221;font_icon&#8221; icon=&#8221;icon-hand-right&#8221; color=&#8221;Accent-Color&#8221;]<\/p>\n<h2>Requisitos<\/h2>\n<ul>\n<li>Completar \u00a0aplicaci\u00f3n on line directamente a FIU, la cual tiene un costo de $30.00 no reembolsables. Se le sugiere al candidato que SOLAMENTE ingrese aquellas carreras de las cuales podamos verificar que posee los t\u00edtulos y notas originales de las mismas, de lo contrario favor no mencionarlas al momento de aplicar \u00a0<a href=\"http:\/\/gradschool.fiu.edu\/admissions.shtml\" target=\"_blank\" data-saferedirecturl=\"https:\/\/www.google.com\/url?hl=es&amp;q=http:\/\/gradschool.fiu.edu\/admissions.shtml&amp;source=gmail&amp;ust=1476832649576000&amp;usg=AFQjCNFPkAcnCTs2ANundMKn7yAMCRmVdw\">http:\/\/gradschool.fiu.edu\/<wbr \/>admissions.shtml<\/a><\/li>\n<li>Completar <a href=\"http:\/\/qlu.ac.pa\/wp-content\/uploads\/2014\/10\/Formato-de-Aplicacion-QLU.doc\" target=\"_blank\" data-saferedirecturl=\"https:\/\/www.google.com\/url?hl=es&amp;q=http:\/\/qlu.ac.pa\/wp-content\/uploads\/2014\/10\/Formato-de-Aplicacion-QLU.doc&amp;source=gmail&amp;ust=1476832649576000&amp;usg=AFQjCNHwRgmJTjte4QWteL2yNzQG8ncvWA\">aplicaci\u00f3n QLU<\/a><\/li>\n<li>Toefl 80\/120 para aquellos que estudiaron en idioma en espa\u00f1ol, requisito obligatorio. QLU ofrece tutor\u00edas de Toefl para la preparaci\u00f3n al examen final.<\/li>\n<li>Cr\u00e9ditos acad\u00e9micos copia y originales en sobre cerrado procedente de la universidad de origen.<\/li>\n<li>Copia del diploma<\/li>\n<li>Hoja de vida actualizada en ingl\u00e9s<\/li>\n<li>(<a href=\"http:\/\/qlu.ac.pa\/wp-content\/uploads\/2014\/11\/RecommendationEvaluationPMBA.pdf\" target=\"_blank\" data-saferedirecturl=\"https:\/\/www.google.com\/url?hl=es&amp;q=http:\/\/qlu.ac.pa\/wp-content\/uploads\/2014\/11\/RecommendationEvaluationPMBA.pdf&amp;source=gmail&amp;ust=1476832649576000&amp;usg=AFQjCNGI_rtGtEY5C7TyDLFAF02fJqixCA\">2) Formulario de recomendaci\u00f3n<\/a><\/li>\n<li>Copia de la c\u00e9dula y pasaporte vigente<\/li>\n<li><a href=\"http:\/\/qlu.ac.pa\/wp-content\/uploads\/2014\/11\/PMBA-FIU-Financiamiento-2015.pdf\" target=\"_blank\" data-saferedirecturl=\"https:\/\/www.google.com\/url?hl=es&amp;q=http:\/\/qlu.ac.pa\/wp-content\/uploads\/2014\/11\/PMBA-FIU-Financiamiento-2015.pdf&amp;source=gmail&amp;ust=1476832649576000&amp;usg=AFQjCNE9AxfKsuuFIiTihtxIlHPg1AyBag\">Pago de Postulaci\u00f3n de $200 <\/a><span class=\"m_-5494404225300293572MsoHyperlink\">al momento de someter los documentos *no reembolsables.<\/span><\/li>\n<\/ul>\n<p>[\/text-with-icon][vc_column_text]<\/p>\n<p style=\"text-align: center;\">[button color=&#8221;accent-color&#8221; hover_text_color_override=&#8221;#fff&#8221; size=&#8221;large&#8221; url=&#8221;http:\/\/qlu.ac.pa\/wp-content\/uploads\/2016\/12\/BROCHURE-MBA-FIU-2017-Num1.pdf&#8221; text=&#8221;Descargar PDF&#8221; color_override=&#8221;&#8221;]<\/p>\n<p style=\"text-align: center;\">[button color=&#8221;accent-color&#8221; hover_text_color_override=&#8221;#fff&#8221; size=&#8221;large&#8221; url=&#8221;https:\/\/qlu.ac.pa\/masters\/wp-content\/uploads\/2014\/11\/Formulario-matricula-TOEFL-T12015.ppt&#8221; text=&#8221;Formulario Matr\u00edcula TOEFL&#8221; color_override=&#8221;&#8221;]<\/p>\n<p>[\/vc_column_text][\/vc_column][vc_column enable_animation=&#8221;true&#8221; animation=&#8221;fade-in&#8221; column_padding=&#8221;no-extra-padding&#8221; column_padding_position=&#8221;all&#8221; background_color_opacity=&#8221;1&#8243; background_hover_color_opacity=&#8221;1&#8243; width=&#8221;1\/3&#8243; tablet_text_alignment=&#8221;default&#8221; phone_text_alignment=&#8221;default&#8221; delay=&#8221;400&#8243;][text-with-icon icon_type=&#8221;font_icon&#8221; icon=&#8221;icon-envelope-alt&#8221; color=&#8221;Accent-Color&#8221;]<\/p>\n<h2>Registro y m\u00e1s informaci\u00f3n<\/h2>\n<p>[contact-form-7 id=&#8221;3461&#8243; title=&#8221;MBA&#8221;][\/text-with-icon][text-with-icon icon_type=&#8221;font_icon&#8221; icon=&#8221;icon-credit-card&#8221; color=&#8221;Accent-Color&#8221;]<\/p>\n<h2>Financiamiento<\/h2>\n<ul>\n<li>Financiamiento disponible a trav\u00e9s de QLU al 0% de inter\u00e9s, pr\u00e9stamo con el IFARHU para ciudadanos nacionales y los bancos de la localidad. Solicita m\u00e1s informaci\u00f3n en nuestras oficinas o a trav\u00e9s del correo electr\u00f3nico <a href=\"mailto:marybella.delmar@qlu.ac.pa\" target=\"_blank\">marybella.delmar@qlu.ac.pa<\/a><\/li>\n<\/ul>\n<p>[\/text-with-icon][text-with-icon icon_type=&#8221;font_icon&#8221; icon=&#8221;icon-film&#8221; color=&#8221;Accent-Color&#8221;]<\/p>\n<h2>Testimonios<\/h2>\n<p><iframe src=\"https:\/\/youtube.https.co\/embed\/epSR6h9rkfo?list=UULST3TYTMaw_wR6xRT27FSQ\" width=\"260\" height=\"215\" frameborder=\"0\" allowfullscreen=\"allowfullscreen\"><\/iframe>[\/text-with-icon][\/vc_column][\/vc_row][vc_row type=&#8221;full_width_background&#8221; full_screen_row_position=&#8221;middle&#8221; bg_color=&#8221;#ffffff&#8221; scene_position=&#8221;center&#8221; text_color=&#8221;dark&#8221; text_align=&#8221;left&#8221; bottom_padding=&#8221;40&#8243; overlay_strength=&#8221;0.3&#8243;][vc_column column_padding=&#8221;no-extra-padding&#8221; column_padding_position=&#8221;all&#8221; background_color_opacity=&#8221;1&#8243; background_hover_color_opacity=&#8221;1&#8243; width=&#8221;1\/2&#8243; tablet_text_alignment=&#8221;default&#8221; phone_text_alignment=&#8221;default&#8221;][text-with-icon icon_type=&#8221;font_icon&#8221; icon=&#8221;icon-signal&#8221; color=&#8221;Accent-Color&#8221;]<\/p>\n<h2>Estad\u00edsticas de nuestros alumnos<\/h2>\n<p>[visualizer id=&#8221;3684&#8243;][\/text-with-icon][\/vc_column][vc_column column_padding=&#8221;no-extra-padding&#8221; column_padding_position=&#8221;all&#8221; background_color_opacity=&#8221;1&#8243; background_hover_color_opacity=&#8221;1&#8243; width=&#8221;1\/2&#8243; tablet_text_alignment=&#8221;default&#8221; phone_text_alignment=&#8221;default&#8221;][vc_column_text][visualizer id=&#8221;3688&#8243;][\/vc_column_text][\/vc_column][\/vc_row][vc_row type=&#8221;full_width_background&#8221; full_screen_row_position=&#8221;middle&#8221; bg_color=&#8221;#ffffff&#8221; scene_position=&#8221;center&#8221; text_color=&#8221;dark&#8221; text_align=&#8221;left&#8221; overlay_strength=&#8221;0.3&#8243;][vc_column column_padding=&#8221;no-extra-padding&#8221; column_padding_position=&#8221;all&#8221; background_color_opacity=&#8221;1&#8243; background_hover_color_opacity=&#8221;1&#8243; width=&#8221;1\/1&#8243; tablet_text_alignment=&#8221;default&#8221; phone_text_alignment=&#8221;default&#8221;][vc_column_text]<\/p>\n<p style=\"text-align: center;\">[button color=&#8221;accent-color&#8221; hover_text_color_override=&#8221;#fff&#8221; size=&#8221;large&#8221; url=&#8221;https:\/\/qlu.ac.pa\/masters\/&#8221; text=&#8221;Otros programas&#8221; color_override=&#8221;&#8221;]<\/p>\n<p>[\/vc_column_text][\/vc_column][\/vc_row]<\/p>\n","protected":false},"excerpt":{"rendered":"<p>[vc_row type=&#8221;full_width_background&#8221; full_screen_row_position=&#8221;middle&#8221; scene_position=&#8221;center&#8221; layer_one_image=&#8221;2518&#8243; layer_four_image=&#8221;2655&#8243; text_color=&#8221;dark&#8221; text_align=&#8221;center&#8221; top_padding=&#8221;0&#8243; bottom_padding=&#8221;0&#8243; overlay_strength=&#8221;0.3&#8243;][vc_column column_padding=&#8221;no-extra-padding&#8221; column_padding_position=&#8221;all&#8221; background_color_opacity=&#8221;1&#8243; background_hover_color_opacity=&#8221;1&#8243; width=&#8221;1\/1&#8243; tablet_text_alignment=&#8221;default&#8221; phone_text_alignment=&#8221;default&#8221;][nectar_slider location=&#8221;MBA&#8221; flexible_slider_height=&#8221;true&#8221; full_width=&#8221;true&#8221; overall_style=&#8221;classic&#8221; [&hellip;]<\/p>\n","protected":false},"author":3,"featured_media":0,"parent":0,"menu_order":36,"comment_status":"closed","ping_status":"closed","template":"","meta":{"_joinchat":[],"footnotes":""},"class_list":["post-3459","page","type-page","status-publish","hentry"],"_links":{"self":[{"href":"https:\/\/qlu.ac.pa\/masters\/wp-json\/wp\/v2\/pages\/3459","targetHints":{"allow":["GET"]}}],"collection":[{"href":"https:\/\/qlu.ac.pa\/masters\/wp-json\/wp\/v2\/pages"}],"about":[{"href":"https:\/\/qlu.ac.pa\/masters\/wp-json\/wp\/v2\/types\/page"}],"author":[{"embeddable":true,"href":"https:\/\/qlu.ac.pa\/masters\/wp-json\/wp\/v2\/users\/3"}],"replies":[{"embeddable":true,"href":"https:\/\/qlu.ac.pa\/masters\/wp-json\/wp\/v2\/comments?post=3459"}],"version-history":[{"count":25,"href":"https:\/\/qlu.ac.pa\/masters\/wp-json\/wp\/v2\/pages\/3459\/revisions"}],"predecessor-version":[{"id":3967,"href":"https:\/\/qlu.ac.pa\/masters\/wp-json\/wp\/v2\/pages\/3459\/revisions\/3967"}],"wp:attachment":[{"href":"https:\/\/qlu.ac.pa\/masters\/wp-json\/wp\/v2\/media?parent=3459"}],"curies":[{"name":"wp","href":"https:\/\/api.w.org\/{rel}","templated":true}]}}