{"id":3933,"date":"2016-10-12T18:22:07","date_gmt":"2016-10-12T18:22:07","guid":{"rendered":"https:\/\/qlu.ac.pa\/masters\/?page_id=3933"},"modified":"2016-10-13T12:55:44","modified_gmt":"2016-10-13T12:55:44","slug":"maestria-administracion-empresas-mba-mba-emprendedores","status":"publish","type":"page","link":"https:\/\/qlu.ac.pa\/masters\/maestria-administracion-empresas-mba-mba-emprendedores\/","title":{"rendered":"Maestr\u00eda en Administraci\u00f3n de Empresas (MBA) \u201cEl MBA para Emprendedores\u201d"},"content":{"rendered":"<p>[vc_row type=&#8221;in_container&#8221; full_screen_row_position=&#8221;middle&#8221; scene_position=&#8221;center&#8221; text_color=&#8221;dark&#8221; text_align=&#8221;left&#8221; overlay_strength=&#8221;0.3&#8243;][vc_column column_padding=&#8221;no-extra-padding&#8221; column_padding_position=&#8221;all&#8221; background_color_opacity=&#8221;1&#8243; background_hover_color_opacity=&#8221;1&#8243; width=&#8221;1\/1&#8243; tablet_text_alignment=&#8221;default&#8221; phone_text_alignment=&#8221;default&#8221;][nectar_slider location=&#8221;MBA para Emprendedores&#8221; flexible_slider_height=&#8221;true&#8221; full_width=&#8221;true&#8221; overall_style=&#8221;classic&#8221; loop=&#8221;true&#8221; slider_transition=&#8221;fade&#8221; button_sizing=&#8221;regular&#8221; slider_height=&#8221;400&#8243; autorotate=&#8221;4000&#8243;][\/vc_column][\/vc_row][vc_row type=&#8221;full_width_background&#8221; full_screen_row_position=&#8221;middle&#8221; bg_color=&#8221;#ffffff&#8221; scene_position=&#8221;center&#8221; text_color=&#8221;dark&#8221; text_align=&#8221;left&#8221; top_padding=&#8221;20&#8243; bottom_padding=&#8221;10&#8243; overlay_strength=&#8221;0.3&#8243;][vc_column enable_animation=&#8221;true&#8221; animation=&#8221;fade-in&#8221; column_padding=&#8221;no-extra-padding&#8221; column_padding_position=&#8221;all&#8221; background_color_opacity=&#8221;1&#8243; background_hover_color_opacity=&#8221;1&#8243; width=&#8221;1\/3&#8243; tablet_text_alignment=&#8221;default&#8221; phone_text_alignment=&#8221;default&#8221; delay=&#8221;0&#8243;][text-with-icon icon_type=&#8221;font_icon&#8221; icon=&#8221;icon-tags&#8221; color=&#8221;Accent-Color&#8221;]<\/p>\n<h2>Introduccio\u0301n<\/h2>\n<div>La misi\u00f3n de la <span style=\"text-decoration: underline;\">Maestr\u00eda en Administraci\u00f3n de Empresas (MBA)<\/span> es desarrollar los conocimientos y las habilidades para crear y gestionar nuevos negocios. Este MBA es reconocido como un MBA para Emprendedores ya que a trav\u00e9s de un proceso de desarrollo gradual, lleva al estudiante a desarrollar las ideas creativas, pasando por el proceso de elaboraci\u00f3n de un plan de negocios para la creaci\u00f3n de una nueva empresa con un producto o servicio innovador, aplicando los conocimientos y habilidades de las diferentes \u00e1reas de la administraci\u00f3n contempor\u00e1nea de empresas, desde la perspectiva del Emprendimiento o <i>Entrepreneurship<\/i>. El objetivo final de este exitoso MBA es que el estudiante cree una empresa innovadora.<\/div>\n<div><\/div>\n<div><img decoding=\"async\" class=\"aligncenter size-medium wp-image-3885\" src=\"https:\/\/qlu.ac.pa\/masters\/wp-content\/uploads\/2014\/12\/Logo-QLU-300x77.jpg\" alt=\"Logo QLU\" width=\"300\" height=\"77\" srcset=\"https:\/\/qlu.ac.pa\/masters\/wp-content\/uploads\/2014\/12\/Logo-QLU-300x77.jpg 300w, https:\/\/qlu.ac.pa\/masters\/wp-content\/uploads\/2014\/12\/Logo-QLU-600x154.jpg 600w, https:\/\/qlu.ac.pa\/masters\/wp-content\/uploads\/2014\/12\/Logo-QLU-768x197.jpg 768w, https:\/\/qlu.ac.pa\/masters\/wp-content\/uploads\/2014\/12\/Logo-QLU.jpg 879w\" sizes=\"(max-width: 300px) 100vw, 300px\" \/><\/div>\n<div><\/div>\n<p>[\/text-with-icon][text-with-icon icon_type=&#8221;font_icon&#8221; icon=&#8221;icon-external-link&#8221; color=&#8221;Accent-Color&#8221;]<\/p>\n<h2>Programa<\/h2>\n<p>El<span style=\"text-decoration: underline;\"> MBA para Emprendedores<\/span> incluye 12 materias te\u00f3rico pr\u00e1cticas que ayudar\u00e1n al estudiante no solo a desarrollar conocimientos y habilidades para la administraci\u00f3n de empresas, sino que tambi\u00e9n le preparar\u00e1n para incursionar en la creaci\u00f3n de empresas innovadoras. Todos los cursos del programa est\u00e1n desarrollados con un enfoque en emprendimiento. Los cursos:<\/p>\n<ol>\n<li>Estrategia Competitiva<\/li>\n<li><u><\/u>Comportamiento Organizacional y Administraci\u00f3n de Recursos Humanos<\/li>\n<li>Gerencia de Mercadeo y Distribuci\u00f3n<\/li>\n<li>Contabilidad Gerencial<\/li>\n<li>Gerencia de Operaciones: Dise\u00f1o y An\u00e1lisis<\/li>\n<li>Gerencia Financiera<\/li>\n<li>Liderando la Creatividad e Innovaci\u00f3n<\/li>\n<li>Instituciones Financieras y Mercado de Capitales<\/li>\n<li>Negocios Globales<\/li>\n<li>Estrategia Gerencial<\/li>\n<li>Creaci\u00f3n de Nuevas Empresas<\/li>\n<li>Desarrollo del Plan de Negocios<\/li>\n<\/ol>\n<p>[\/text-with-icon][text-with-icon icon_type=&#8221;font_icon&#8221; icon=&#8221;icon-external-link&#8221; color=&#8221;Accent-Color&#8221;]<\/p>\n<h2>Seminarios y talleres<\/h2>\n<p>Adem\u00e1s de las materias del programa, los estudiantes tendr\u00e1n acceso a una serie de conferencias, seminarios y talleres, entre las que se encuentran:<\/p>\n<ul>\n<li>El Esp\u00edritu Empresarial<\/li>\n<li>Finanzas personales del Emprendedor<\/li>\n<li>Ecosistema de Emprendimiento y Networking<\/li>\n<li>Competencias del Emprendedor<\/li>\n<li>Reconocimiento, Exploraci\u00f3n y Explotaci\u00f3n de Oportunidades<\/li>\n<li>Habilidades de persuasi\u00f3n y ventas<\/li>\n<li>Personal Branding<\/li>\n<li>Mercadeo Digital y Redes Sociales<\/li>\n<li>Metodolog\u00eda Canvas para la creaci\u00f3n de empresas<\/li>\n<li>Modelos de financiamiento<\/li>\n<li>H\u00e1bitos de trabajo y productividad<\/li>\n<\/ul>\n<p>[\/text-with-icon][\/vc_column][vc_column enable_animation=&#8221;true&#8221; animation=&#8221;fade-in&#8221; column_padding=&#8221;no-extra-padding&#8221; column_padding_position=&#8221;all&#8221; background_color_opacity=&#8221;1&#8243; background_hover_color_opacity=&#8221;1&#8243; width=&#8221;1\/3&#8243; tablet_text_alignment=&#8221;default&#8221; phone_text_alignment=&#8221;default&#8221; delay=&#8221;200&#8243;][text-with-icon icon_type=&#8221;font_icon&#8221; icon=&#8221;icon-search&#8221; color=&#8221;Accent-Color&#8221;]<\/p>\n<h2>Beneficios<\/h2>\n<ul>\n<li>\u00a0 Profesores expertos en emprendimiento con experiencia en la creaci\u00f3n de empresas.<\/li>\n<li>Prestigiosos profesores y conferencistas invitados provenientes de USA, Chile, Espa\u00f1a y Colombia.<\/li>\n<li>Ecosistema de emprendimiento para apoyar al estudiante emprendedor.<\/li>\n<li>Convenios para recibir apoyo de organizaciones que apoyan a emprendedores.<\/li>\n<li>Asistencia de mentores y seguimiento para el \u00e9xito.<\/li>\n<li>Acceso a aceleradores de empresas y coworkings.<\/li>\n<li>Conferencias de respaldo y acceso a recursos adicionales.<\/li>\n<li>Participaci\u00f3n en competencias de planes de negocio.<\/li>\n<li>Posibilidad de ganar premios en efectivo para capital semilla.<\/li>\n<li>Maestr\u00eda aprobada por la Comisi\u00f3n T\u00e9cnica de Fiscalizaci\u00f3n.<\/li>\n<li>Modalidad modular profesional.<\/li>\n<li>Aproximadamente un a\u00f1o y medio de duraci\u00f3n.<\/li>\n<li>C\u00f3modo horario ejecutivo para profesionales que trabajan.<\/li>\n<li>Facilidades de pago.<\/li>\n<li>Plataforma Schoology de aprendizaje interactivo online.<\/li>\n<li>T\u00edtulo conferido por Quality Leadership University.<\/li>\n<\/ul>\n<p>[\/text-with-icon][text-with-icon icon_type=&#8221;font_icon&#8221; icon=&#8221;icon-time&#8221; color=&#8221;Accent-Color&#8221;]<\/p>\n<h2>Universidad<\/h2>\n<p>Quality Leadership University (QLU) es una instituci\u00f3n privada de educaci\u00f3n superior fundada en la Ciudad de Panam\u00e1, Panam\u00e1 en 1998. QLU es una universidad debidamente autorizada por el Ministerio de Educaci\u00f3n de Panam\u00e1 a trav\u00e9s de Decreto Ejecutivo, todos sus programas est\u00e1n aprobados por la Comisi\u00f3n T\u00e9cnica de Fiscalizaci\u00f3n y es Acreditada por el Consejo Nacional de Evaluaci\u00f3n y Acreditaci\u00f3n Universitaria de Panam\u00e1, CONEAUPA.<\/p>\n<p>QLU es miembro de la Asociaci\u00f3n de Universidades Privadas de Panam\u00e1, AUPPA, la Asociaci\u00f3n de Universidades Privadas de Centro Am\u00e9rica, AUPRICA, el Consejo Latinoamericano de Escuelas de Administraci\u00f3n, CLADEA, The Association to Advance Collegiate Schools of Business, AACSB International y The Acreditation Council for Business Schools and Programs, ACBSP.<\/p>\n<p>En la actualidad QLU ofrece programas acad\u00e9micos a nivel de licenciatura y de postgrado tanto independientemente como en colaboraci\u00f3n acad\u00e9mica con universidades de Estados Unidos, Chile y Espa\u00f1a, entre las que se destacan: University of Louisville, Towson University, Florida International University, Illinois State University, Universidad de Chile y Universidad Polit\u00e9cnica de Madrid.<\/p>\n<p>Quality Leadership University (QLU) adem\u00e1s de servir a una poblaci\u00f3n estudiantil de m\u00e1s de 2,000 estudiantes, tambi\u00e9n hasta el presente ha graduado a m\u00e1s de 2,500 profesionales con grado de Licenciaturas y Maestr\u00edas. Los programas de QLU son de alto nivel acad\u00e9mico, est\u00e1n debidamente acreditados tanto a nivel nacional como internacional y representan una excelente inversi\u00f3n en educaci\u00f3n superior.<\/p>\n<p>Para mayor informaci\u00f3n, visite <a href=\"http:\/\/www.qlu.ac.pa\/\" data-saferedirecturl=\"https:\/\/www.google.com\/url?hl=es&amp;q=http:\/\/www.qlu.ac.pa&amp;source=gmail&amp;ust=1476378726169000&amp;usg=AFQjCNFgL2wGg_LP9GNc-LkdJAW3ljWo6g\">www.qlu.ac.pa<\/a><\/p>\n<p>[\/text-with-icon][\/vc_column][vc_column enable_animation=&#8221;true&#8221; animation=&#8221;fade-in&#8221; column_padding=&#8221;no-extra-padding&#8221; column_padding_position=&#8221;all&#8221; background_color_opacity=&#8221;1&#8243; background_hover_color_opacity=&#8221;1&#8243; width=&#8221;1\/3&#8243; tablet_text_alignment=&#8221;default&#8221; phone_text_alignment=&#8221;default&#8221; delay=&#8221;400&#8243;][text-with-icon icon_type=&#8221;font_icon&#8221; icon=&#8221;icon-envelope-alt&#8221; color=&#8221;Accent-Color&#8221;]<\/p>\n<h2>Registro y m\u00e1s informaci\u00f3n<\/h2>\n<p>[contact-form-7 id=&#8221;3955&#8243; title=&#8221;MBA en Emprendimiento&#8221;][\/text-with-icon][text-with-icon icon_type=&#8221;font_icon&#8221; icon=&#8221;icon-time&#8221; color=&#8221;Accent-Color&#8221;]<\/p>\n<h2>Lugar y Fecha<\/h2>\n<p><strong>FECHA DE INICIO<\/strong><br \/>\nMarzo del 2017<\/p>\n<p><strong>HORARIO<\/strong><br \/>\nNocturno y sabatino para profesionales que trabajan<\/p>\n<p><strong>INVERSI\u00d3N<\/strong><\/p>\n<p>$9,750.00<\/p>\n<p><strong>\u00a0<\/strong><strong>FORMAS DE PAGO<\/strong><\/p>\n<p><strong>\u00a0<\/strong>Los cuales pueden ser pagados as\u00ed:<\/p>\n<ul>\n<li>$1,000.00 de matr\u00edcula, $1,000.00 de abono inicial y 16 mensualidades de $484.38<\/li>\n<li>$1,000.00 de matr\u00edcula, $1,000.00 de abono inicial y 18 mensualidades de $430.56<\/li>\n<li>$1,000.00 de matr\u00edcula, $1,000.00 de abono inicial y 20 mensualidades de $387.50<\/li>\n<li>$1,000.00 de matr\u00edcula, $1,000.00 de abono inicial y 22 mensualidades de $352.27<\/li>\n<\/ul>\n<p><strong>FINANCIAMIENTO<\/strong><\/p>\n<p>Con IFARHU y diferentes bancos cuya mensualidad puede ser de menos de $200.00[\/text-with-icon][text-with-icon icon_type=&#8221;font_icon&#8221; icon=&#8221;icon-list-alt&#8221; color=&#8221;Accent-Color&#8221;]<\/p>\n<h2>Requisitos<\/h2>\n<ul>\n<li>T\u00edtulo de Licenciatura en cualquier \u00e1rea.<\/li>\n<li>Original y copia certificada de los t\u00edtulos y cr\u00e9ditos. Los t\u00edtulos y cr\u00e9ditos otorgados en lengua extranjera deber\u00e1n estar traducidos por un traductor p\u00fablico autorizado.<\/li>\n<li>Dominio medio del idioma ingl\u00e9s.<\/li>\n<li>Hoja de Vida.<\/li>\n<li>Fotocopia de documentos de identidad personal.<\/li>\n<li>Dos fotos tama\u00f1o carnet.<\/li>\n<li>Entrevista personal con el Director del Programa.<\/li>\n<li>Conocimientos b\u00e1sicos de inform\u00e1tica.<\/li>\n<li>Carta de inter\u00e9s, indicando los motivos para estudiar esta maestr\u00eda.<\/li>\n<\/ul>\n<p>[\/text-with-icon][\/vc_column][\/vc_row][vc_row type=&#8221;in_container&#8221; full_screen_row_position=&#8221;middle&#8221; scene_position=&#8221;center&#8221; text_color=&#8221;dark&#8221; text_align=&#8221;left&#8221; overlay_strength=&#8221;0.3&#8243;][vc_column column_padding=&#8221;no-extra-padding&#8221; column_padding_position=&#8221;all&#8221; background_color_opacity=&#8221;1&#8243; background_hover_color_opacity=&#8221;1&#8243; width=&#8221;1\/1&#8243; tablet_text_alignment=&#8221;default&#8221; phone_text_alignment=&#8221;default&#8221;][vc_column_text]<\/p>\n<p style=\"text-align: center;\">[button color=&#8221;accent-color&#8221; hover_text_color_override=&#8221;#fff&#8221; size=&#8221;large&#8221; url=&#8221;https:\/\/qlu.ac.pa\/masters\/&#8221; text=&#8221;Otros programas&#8221; color_override=&#8221;&#8221;]<\/p>\n<p>[\/vc_column_text][\/vc_column][\/vc_row]<\/p>\n","protected":false},"excerpt":{"rendered":"<p>[vc_row type=&#8221;in_container&#8221; full_screen_row_position=&#8221;middle&#8221; scene_position=&#8221;center&#8221; text_color=&#8221;dark&#8221; text_align=&#8221;left&#8221; overlay_strength=&#8221;0.3&#8243;][vc_column column_padding=&#8221;no-extra-padding&#8221; column_padding_position=&#8221;all&#8221; background_color_opacity=&#8221;1&#8243; background_hover_color_opacity=&#8221;1&#8243; width=&#8221;1\/1&#8243; tablet_text_alignment=&#8221;default&#8221; phone_text_alignment=&#8221;default&#8221;][nectar_slider location=&#8221;MBA para Emprendedores&#8221; flexible_slider_height=&#8221;true&#8221; full_width=&#8221;true&#8221; overall_style=&#8221;classic&#8221; loop=&#8221;true&#8221; slider_transition=&#8221;fade&#8221; [&hellip;]<\/p>\n","protected":false},"author":3,"featured_media":0,"parent":0,"menu_order":36,"comment_status":"closed","ping_status":"closed","template":"","meta":{"_joinchat":[],"footnotes":""},"class_list":["post-3933","page","type-page","status-publish","hentry"],"_links":{"self":[{"href":"https:\/\/qlu.ac.pa\/masters\/wp-json\/wp\/v2\/pages\/3933","targetHints":{"allow":["GET"]}}],"collection":[{"href":"https:\/\/qlu.ac.pa\/masters\/wp-json\/wp\/v2\/pages"}],"about":[{"href":"https:\/\/qlu.ac.pa\/masters\/wp-json\/wp\/v2\/types\/page"}],"author":[{"embeddable":true,"href":"https:\/\/qlu.ac.pa\/masters\/wp-json\/wp\/v2\/users\/3"}],"replies":[{"embeddable":true,"href":"https:\/\/qlu.ac.pa\/masters\/wp-json\/wp\/v2\/comments?post=3933"}],"version-history":[{"count":13,"href":"https:\/\/qlu.ac.pa\/masters\/wp-json\/wp\/v2\/pages\/3933\/revisions"}],"predecessor-version":[{"id":3956,"href":"https:\/\/qlu.ac.pa\/masters\/wp-json\/wp\/v2\/pages\/3933\/revisions\/3956"}],"wp:attachment":[{"href":"https:\/\/qlu.ac.pa\/masters\/wp-json\/wp\/v2\/media?parent=3933"}],"curies":[{"name":"wp","href":"https:\/\/api.w.org\/{rel}","templated":true}]}}