{"id":4993,"date":"2020-01-13T23:58:36","date_gmt":"2020-01-13T23:58:36","guid":{"rendered":"https:\/\/qlu.ac.pa\/masters\/?page_id=4993"},"modified":"2020-01-14T00:15:10","modified_gmt":"2020-01-14T00:15:10","slug":"mba-en-espanol-3","status":"publish","type":"page","link":"https:\/\/qlu.ac.pa\/masters\/mba-en-espanol-3\/","title":{"rendered":"Maestr\u00edas de Doble Titulaci\u00f3n con Universidad de Chile"},"content":{"rendered":"<p>[vc_row type=&#8221;full_width_background&#8221; full_screen_row_position=&#8221;middle&#8221; scene_position=&#8221;center&#8221; layer_one_image=&#8221;2518&#8243; layer_four_image=&#8221;2655&#8243; text_color=&#8221;dark&#8221; text_align=&#8221;center&#8221; top_padding=&#8221;0&#8243; bottom_padding=&#8221;0&#8243; overlay_strength=&#8221;0.3&#8243; shape_divider_position=&#8221;bottom&#8221;][vc_column column_padding=&#8221;no-extra-padding&#8221; column_padding_position=&#8221;all&#8221; background_color_opacity=&#8221;1&#8243; background_hover_color_opacity=&#8221;1&#8243; column_shadow=&#8221;none&#8221; column_border_radius=&#8221;none&#8221; width=&#8221;1\/1&#8243; tablet_text_alignment=&#8221;default&#8221; phone_text_alignment=&#8221;default&#8221; column_border_width=&#8221;none&#8221; column_border_style=&#8221;solid&#8221;][nectar_slider location=&#8221;MBA espa\u00f1ol&#8221; flexible_slider_height=&#8221;true&#8221; full_width=&#8221;true&#8221; overall_style=&#8221;classic&#8221; loop=&#8221;true&#8221; slider_transition=&#8221;fade&#8221; button_sizing=&#8221;regular&#8221; slider_height=&#8221;500&#8243; autorotate=&#8221;5000&#8243;][\/vc_column][\/vc_row][vc_row type=&#8221;full_width_background&#8221; full_screen_row_position=&#8221;middle&#8221; bg_color=&#8221;#ffffff&#8221; scene_position=&#8221;center&#8221; text_color=&#8221;dark&#8221; text_align=&#8221;left&#8221; top_padding=&#8221;50&#8243; bottom_padding=&#8221;50&#8243; overlay_strength=&#8221;0.3&#8243; shape_divider_position=&#8221;bottom&#8221;][vc_column enable_animation=&#8221;true&#8221; animation=&#8221;fade-in&#8221; column_padding=&#8221;no-extra-padding&#8221; column_padding_position=&#8221;all&#8221; background_color_opacity=&#8221;1&#8243; background_hover_color_opacity=&#8221;1&#8243; column_shadow=&#8221;none&#8221; column_border_radius=&#8221;none&#8221; width=&#8221;2\/3&#8243; tablet_text_alignment=&#8221;default&#8221; phone_text_alignment=&#8221;default&#8221; column_border_width=&#8221;none&#8221; column_border_style=&#8221;solid&#8221; delay=&#8221;0&#8243;][text-with-icon icon_type=&#8221;font_icon&#8221; icon=&#8221;icon-tags&#8221; color=&#8221;Extra-Color-2&#8243;]<\/p>\n<h3>Maestr\u00edas en Doble Titulaci\u00f3n con la Universidad de Chile<\/h3>\n<div>\n<p>Los programas en colaboraci\u00f3n acad\u00e9mica con la\u00a0<strong>Universidad de Chile <\/strong>son una\u00a0oportunidad \u00fanica para aquellos profesionales que buscan una maestr\u00eda doble grado con una de las principales universidades latinoamericanas.\u00a0Profesores de la Universidad de Chile, <strong>viajan a Panam\u00e1 a impartir presencialmente las clases<\/strong>, nuestros alumnos se aseguran as\u00ed recibir la misma formaci\u00f3n que los alumnos que residen en Chile.<\/p>\n<p>Nuestro objetivo es\u00a0entregarles las competencias y conocimientos necesarios para una gesti\u00f3n y emprendimiento exitosos, que contribuyan al desarrollo del Panam\u00e1 y la regi\u00f3n, potenciando as\u00ed la carrera profesional de nuestros egresados.<\/p>\n<p>Ser egresado de maestr\u00eda de la Universidad de Chile es integrarse a una de las<strong> redes de egresados m\u00e1s potentes, influyentes<\/strong> y extensas en negocios y econom\u00eda en Chile y en Latinoamericano.<\/p>\n<\/div>\n<div id=\"gtx-trans\" style=\"position: absolute; left: 182px; top: 159.438px;\">\n<div class=\"gtx-trans-icon\"><\/div>\n<\/div>\n<p>[\/text-with-icon][text-with-icon icon_type=&#8221;font_icon&#8221; icon=&#8221;icon-trophy&#8221; color=&#8221;Extra-Color-2&#8243;]<\/p>\n<h3>Top 1 entre las mejores de LATAM<\/h3>\n<p>La Facultad de Econom\u00eda y Negocios (FEN) se encuentra en el Top 10 de Escuelas de Negocios en Am\u00e9rica Latina. Entre los subrankings de Am\u00e9ricaEconom\u00eda (2018), cabe destacar: el <strong>MBA como N\u00b0 1<\/strong> entre universidades p\u00fablicas.<\/p>\n<p><img decoding=\"async\" class=\"wp-image-4271 aligncenter\" src=\"https:\/\/qlu.ac.pa\/masters\/wp-content\/uploads\/2018\/05\/Numero-1-MBA-300x223.png\" alt=\"\" width=\"206\" height=\"153\" srcset=\"https:\/\/qlu.ac.pa\/masters\/wp-content\/uploads\/2018\/05\/Numero-1-MBA-300x223.png 300w, https:\/\/qlu.ac.pa\/masters\/wp-content\/uploads\/2018\/05\/Numero-1-MBA-600x446.png 600w, https:\/\/qlu.ac.pa\/masters\/wp-content\/uploads\/2018\/05\/Numero-1-MBA-768x571.png 768w, https:\/\/qlu.ac.pa\/masters\/wp-content\/uploads\/2018\/05\/Numero-1-MBA.png 795w\" sizes=\"(max-width: 206px) 100vw, 206px\" \/><\/p>\n<p>En los subrankings donde se eval\u00faan las distintas especialidades, la Universidad de Chile mantiene su liderazgo en las siguientes \u00e1reas:<\/p>\n<p>Finanzas: 1\u00b0 en Chile y Latinoam\u00e9rica<br \/>\nMarketing: 1\u00b0 en Chile y Latinoam\u00e9rica<\/p>\n<div id=\"gtx-trans\" style=\"position: absolute; left: -33px; top: 456.563px;\">\n<div class=\"gtx-trans-icon\"><\/div>\n<\/div>\n<p>[\/text-with-icon][text-with-icon icon_type=&#8221;font_icon&#8221; icon=&#8221;icon-search&#8221; color=&#8221;Extra-Color-2&#8243;]<\/p>\n<h3>Beneficios<\/h3>\n<p><img decoding=\"async\" class=\"aligncenter size-full wp-image-3565\" src=\"https:\/\/qlu.ac.pa\/masters\/wp-content\/uploads\/2015\/02\/Captura-de-pantalla-2015-02-12-a-las-19.03.00-e1423764591820.png\" alt=\"\" width=\"184\" height=\"80\" \/><\/p>\n<ul>\n<li>La Universidad de Chile cuenta con la acreditaci\u00f3n de la Comisi\u00f3n Nacional de Chile (CNA), <strong>The Association of MBAs (AMBAs<\/strong>) y <strong>The Association to Advance Collegiate Schools of Business (AACSB)<\/strong>. S\u00f3lo 5% de las Escuelas de Negocios a nivel mundial ostentan la acreditaci\u00f3n de AACSB.<\/li>\n<li>Programas con <strong>duraci\u00f3n promedio de 20 meses.<\/strong><\/li>\n<li><strong>Los profesores viajan a Panam\u00e1<\/strong> dos veces al mes e imparten clases los jueves y viernes (6 p.m. a 10 p.m.) y los s\u00e1bados (9 a.m. a 5 p.m.).<\/li>\n<li>Recibir\u00e1s <strong>doble titulaci\u00f3n acad\u00e9mica<\/strong>: un diploma de Quality Leadership University (QLU) y otro diploma de la Universidad de Chile.<\/li>\n<li>M\u00e1s del <strong>80% de profesores<\/strong> ostentan <strong>doctorado.<\/strong><\/li>\n<li><strong>Metodolog\u00eda de ense\u00f1anza<\/strong> por medio de casos y simuladores<\/li>\n<li>La FEN est\u00e1 calificada No.1 a nivel de producci\u00f3n de conocimiento (Am\u00e9ricaEconom\u00eda, 2018)<\/li>\n<li>M\u00e1s del 50% de los estudiantes son internacionales, representan a m\u00e1s de 20 pa\u00edses y trabajan para las m\u00e1s de 100 multinacionales que operan en Panam\u00e1. Somos una diversa y poderosa red de m\u00e1s 17,000 egresados.<\/li>\n<\/ul>\n<p>[\/text-with-icon][divider line_type=&#8221;Full Width Line&#8221; line_thickness=&#8221;1&#8243; divider_color=&#8221;extra-color-2&#8243;][\/vc_column][vc_column column_padding=&#8221;no-extra-padding&#8221; column_padding_position=&#8221;all&#8221; background_color_opacity=&#8221;1&#8243; background_hover_color_opacity=&#8221;1&#8243; column_shadow=&#8221;none&#8221; column_border_radius=&#8221;none&#8221; width=&#8221;1\/3&#8243; tablet_text_alignment=&#8221;default&#8221; phone_text_alignment=&#8221;default&#8221; column_border_width=&#8221;none&#8221; column_border_style=&#8221;solid&#8221;][text-with-icon icon_type=&#8221;font_icon&#8221; icon=&#8221;icon-envelope-alt&#8221; color=&#8221;Extra-Color-2&#8243;]<\/p>\n<h3>Registro y m\u00e1s informaci\u00f3n<\/h3>\n<p>[contact-form-7 id=&#8221;4992&#8243; title=&#8221;selector de 3 servicios&#8221;]<\/p>\n<div id=\"gtx-trans\" style=\"position: absolute; left: -266px; top: 87.4375px;\">\n<div class=\"gtx-trans-icon\"><\/div>\n<\/div>\n<p>[\/text-with-icon][divider line_type=&#8221;Full Width Line&#8221; line_thickness=&#8221;1&#8243; divider_color=&#8221;extra-color-2&#8243;][text-with-icon icon_type=&#8221;font_icon&#8221; icon=&#8221;icon-user&#8221; color=&#8221;Extra-Color-2&#8243;]<\/p>\n<h3>Testimonio<\/h3>\n<p><strong>Alexandra Garc\u00eda<\/strong><br \/>\nVenezolana<br \/>\nGerente de Marca,\u00a0Agencias Motta<br \/>\nMBA, Promoci\u00f3n 2015<\/p>\n<p><img fetchpriority=\"high\" decoding=\"async\" class=\"alignleft wp-image-4273 size-large\" src=\"https:\/\/qlu.ac.pa\/masters\/wp-content\/uploads\/2018\/05\/Mupis-\u00c0rea-Bancaria-QLU-UCHILE-ALEXANDRA-1030x627.jpg\" alt=\"\" width=\"1030\" height=\"627\" srcset=\"https:\/\/qlu.ac.pa\/masters\/wp-content\/uploads\/2018\/05\/Mupis-\u00c0rea-Bancaria-QLU-UCHILE-ALEXANDRA-1030x627.jpg 1030w, https:\/\/qlu.ac.pa\/masters\/wp-content\/uploads\/2018\/05\/Mupis-\u00c0rea-Bancaria-QLU-UCHILE-ALEXANDRA-600x365.jpg 600w, https:\/\/qlu.ac.pa\/masters\/wp-content\/uploads\/2018\/05\/Mupis-\u00c0rea-Bancaria-QLU-UCHILE-ALEXANDRA-300x182.jpg 300w, https:\/\/qlu.ac.pa\/masters\/wp-content\/uploads\/2018\/05\/Mupis-\u00c0rea-Bancaria-QLU-UCHILE-ALEXANDRA-768x467.jpg 768w\" sizes=\"(max-width: 1030px) 100vw, 1030px\" \/>Es un orgullo haber obtenido el t\u00edtulo de MBA de una universidad cuyo prestigio no s\u00f3lo es validado\u00a0por los rankings, sino por el gran valor que representa pertenecer a la comunidad de m\u00e1s de 17,000 egresados de la Facultad de Econom\u00eda y Negocios de la Universidad de Chile. Me considero ahora una persona mucho m\u00e1s preparada y no s\u00f3lo por la teor\u00eda aprendida, sino por el sin fin de casos reales compartidos por profesores, quienes en su mayor\u00eda tambi\u00e9n fungen como directores de empresa y gerentes de proyectos. El haber tenido la oportunidad de estudiar el MBA en Panam\u00e1 me permite aportar a las solicitudes de un pa\u00eds que crece a velocidades vertiginosas y que se ha convertido en el hub de la regi\u00f3n.[\/text-with-icon][\/vc_column][\/vc_row][vc_row type=&#8221;in_container&#8221; full_screen_row_position=&#8221;middle&#8221; scene_position=&#8221;center&#8221; text_color=&#8221;dark&#8221; text_align=&#8221;left&#8221; overlay_strength=&#8221;0.3&#8243; shape_divider_position=&#8221;bottom&#8221;][vc_column column_padding=&#8221;no-extra-padding&#8221; column_padding_position=&#8221;all&#8221; background_color_opacity=&#8221;1&#8243; background_hover_color_opacity=&#8221;1&#8243; column_shadow=&#8221;none&#8221; column_border_radius=&#8221;none&#8221; width=&#8221;1\/3&#8243; tablet_text_alignment=&#8221;default&#8221; phone_text_alignment=&#8221;default&#8221; column_border_width=&#8221;none&#8221; column_border_style=&#8221;solid&#8221;][text-with-icon icon_type=&#8221;font_icon&#8221; icon=&#8221;icon-circle-arrow-right&#8221; color=&#8221;Extra-Color-2&#8243;]<\/p>\n<h3><span style=\"color: #0000ff;\"><a style=\"color: #0000ff;\" href=\"https:\/\/qlu.ac.pa\/masters\/mba-en-espanol\/\">Maestr\u00eda en Administraci\u00f3n de Empresas (MBA)<\/a><\/span><\/h3>\n<div>\n<p>El <strong>programa de MBA<\/strong> no tiene una especializaci\u00f3n; sin embargo,\u00a0<strong>desarrolla las habilidades de comunicaci\u00f3n<\/strong>, trabajo en equipo, discusi\u00f3n, <strong>estrategia, negociaci\u00f3n, toma de decisiones y liderazgo<\/strong>. Para lograr este objetivo el programa combina clases, seminarios, simuladores, y talleres que impulsan al aprendizaje como la aplicaci\u00f3n de conceptos y herramientas a problemas del mundo real, junto con estimular el potencial de<strong> competencias gerenciales a futuros egresados.<\/strong><\/p>\n<p>El MBA Panam\u00e1\u00a0est\u00e1 orientado a todos aquellos profesionales que buscan potenciar su carrera profesional y complementar sus conocimientos mediante un MBA, converti\u00e9ndose en l\u00edderes en diferentes organizaciones o iniciando su propio negocio. El programa considera un desarrollo integral, que refuerza los conocimientos en las diversas \u00e1reas de la Administraci\u00f3n (Finanzas, RHH, Marketing, Estrategia, Log\u00edstica) \u00a0y, al mismo tiempo, impulsa el desarrollo de habilidades gerenciales.<\/p>\n<h4 data-fontsize=\"18\" data-lineheight=\"27\"><strong>Inicio de Clases: Mayo, 2020<\/strong><\/h4>\n<\/div>\n<div id=\"gtx-trans\" style=\"position: absolute; left: 20px; top: 87.4375px;\">\n<div class=\"gtx-trans-icon\"><\/div>\n<\/div>\n<p>[\/text-with-icon][vc_column_text]<\/p>\n<p style=\"text-align: center;\">[button color=&#8221;accent-color&#8221; hover_text_color_override=&#8221;#fff&#8221; size=&#8221;large&#8221; url=&#8221;https:\/\/qlu.ac.pa\/masters\/mba-en-espanol\/&#8221; text=&#8221;M\u00e1s Informaci\u00f3n&#8221; color_override=&#8221;&#8221;]<\/p>\n<div id=\"gtx-trans\" style=\"position: absolute; left: 45px; top: 62px;\">\n<div class=\"gtx-trans-icon\"><\/div>\n<\/div>\n<p>[\/vc_column_text][\/vc_column][vc_column column_padding=&#8221;no-extra-padding&#8221; column_padding_position=&#8221;all&#8221; background_color_opacity=&#8221;1&#8243; background_hover_color_opacity=&#8221;1&#8243; column_shadow=&#8221;none&#8221; column_border_radius=&#8221;none&#8221; width=&#8221;1\/3&#8243; tablet_text_alignment=&#8221;default&#8221; phone_text_alignment=&#8221;default&#8221; column_border_width=&#8221;none&#8221; column_border_style=&#8221;solid&#8221;][text-with-icon icon_type=&#8221;font_icon&#8221; icon=&#8221;icon-circle-arrow-right&#8221; color=&#8221;Extra-Color-2&#8243;]<\/p>\n<h3><span style=\"color: #0000ff;\"><a style=\"color: #0000ff;\" href=\"https:\/\/qlu.ac.pa\/masters\/maestria-en-finanzas\/\"><strong>Maestr\u00eda en Finanzas<\/strong><\/a><\/span><\/h3>\n<p>La\u00a0<strong>Maestr\u00eda en Finanzas<\/strong>\u00a0l\u00edder en Chile y entre las mejores maestr\u00edas de Latinoam\u00e9rica (Ranking AmericaEconom\u00eda) entrega una formaci\u00f3n te\u00f3rica-pr\u00e1ctica balanceada, cuyos contenidos preparan a los profesionales para identificar, enfrentar y solucionar los problemas en el \u00e1rea financiera. Un\u00a0cuerpo docente de excelencias, que realiza docencia en prestigiosas universidades estadounidenses y europeas, e investigaci\u00f3n aplicada en las \u00e1reas de valoraci\u00f3n de empresas, pol\u00edticas de financiamiento, fusiones y adquisiciones, mercado de capitales y cobertura de riesgos financieros, entre otras complementa ese programa de alta calidad acad\u00e9mica.<\/p>\n<p>La Maestr\u00eda en Finanzas est\u00e1 dirigida a aquellos profesionales\u00a0de carreras afines u otras \u00e1reas, con cierto nivel de experiencia laboral que buscan desarrollarse en el \u00e1mbito financiero. Mediante\u00a0una s\u00f3lida formaci\u00f3n acad\u00e9mica y una orientaci\u00f3n pragm\u00e1tica, los profesionales estar\u00e1n preparados para identificar, enfrentar y solucionar los problemas del \u00e1rea en estudio.<\/p>\n<h4><strong>Inicio de Clases: Junio 2020<\/strong><\/h4>\n<div id=\"gtx-trans\" style=\"position: absolute; left: -34px; top: -6.28125px;\">\n<div class=\"gtx-trans-icon\"><\/div>\n<\/div>\n<p>[\/text-with-icon][vc_column_text]<\/p>\n<p style=\"text-align: center;\">[button color=&#8221;accent-color&#8221; hover_text_color_override=&#8221;#fff&#8221; size=&#8221;large&#8221; url=&#8221;https:\/\/qlu.ac.pa\/masters\/maestria-en-finanzas\/&#8221; text=&#8221;M\u00e1s informaci\u00f3n&#8221; color_override=&#8221;&#8221;]<\/p>\n<div id=\"gtx-trans\" style=\"position: absolute; left: 568px; top: 14px;\">\n<div class=\"gtx-trans-icon\"><\/div>\n<\/div>\n<p>[\/vc_column_text][\/vc_column][vc_column column_padding=&#8221;no-extra-padding&#8221; column_padding_position=&#8221;all&#8221; background_color_opacity=&#8221;1&#8243; background_hover_color_opacity=&#8221;1&#8243; column_shadow=&#8221;none&#8221; column_border_radius=&#8221;none&#8221; width=&#8221;1\/3&#8243; tablet_text_alignment=&#8221;default&#8221; phone_text_alignment=&#8221;default&#8221; column_border_width=&#8221;none&#8221; column_border_style=&#8221;solid&#8221;][text-with-icon icon_type=&#8221;font_icon&#8221; icon=&#8221;icon-circle-arrow-right&#8221; color=&#8221;Extra-Color-2&#8243;]<\/p>\n<h3><span style=\"color: #0000ff;\"><a style=\"color: #0000ff;\" href=\"https:\/\/qlu.ac.pa\/masters\/maestria-en-mercadeo\/\"><strong>Maestr\u00eda en Marketing<\/strong><\/a><\/span><\/h3>\n<p>La<strong> Maestr\u00eda\u00a0en Marketing<\/strong>, programa l\u00edder en Chile y Am\u00e9rica Latina (Ranking Am\u00e9ricaEconom\u00eda 2018) permitir\u00e1 a sus egresados conocer al consumidor, el mercado y la competencia, elaborar una correcta planificaci\u00f3n integral de marketing, entre otras acciones, que son factores determinantes para lograr el \u00e9xito de una empresa.<\/p>\n<p>El objetivo de la maestr\u00eda en Marketing es formar profesionales calificados, con visi\u00f3n estrat\u00e9gica y dotados de t\u00e9cnicas \u00f3ptimas que les permitan enfrentar los desaf\u00edos actuales. Que sean capaces de resolver exitosamente los problemas de marketing presentes en las organizaciones, utilizando las herramientas apropiadas y en los tiempos oportunos.<\/p>\n<h4><strong>Inicio de Clases: Agosto 2020<\/strong><\/h4>\n<div id=\"gtx-trans\" style=\"position: absolute; left: 173px; top: 151.438px;\">\n<div class=\"gtx-trans-icon\"><\/div>\n<\/div>\n<p>[\/text-with-icon][vc_column_text]<\/p>\n<p style=\"text-align: center;\">[button color=&#8221;accent-color&#8221; hover_text_color_override=&#8221;#fff&#8221; size=&#8221;large&#8221; url=&#8221;https:\/\/qlu.ac.pa\/masters\/maestria-en-mercadeo\/&#8221; text=&#8221;M\u00e1s informaci\u00f3n&#8221; color_override=&#8221;&#8221;]<\/p>\n<p>[\/vc_column_text][\/vc_column][\/vc_row][vc_row type=&#8221;in_container&#8221; full_screen_row_position=&#8221;middle&#8221; scene_position=&#8221;center&#8221; text_color=&#8221;dark&#8221; text_align=&#8221;left&#8221; overlay_strength=&#8221;0.3&#8243; shape_divider_position=&#8221;bottom&#8221;][vc_column column_padding=&#8221;no-extra-padding&#8221; column_padding_position=&#8221;all&#8221; background_color_opacity=&#8221;1&#8243; background_hover_color_opacity=&#8221;1&#8243; column_shadow=&#8221;none&#8221; column_border_radius=&#8221;none&#8221; width=&#8221;1\/1&#8243; tablet_text_alignment=&#8221;default&#8221; phone_text_alignment=&#8221;default&#8221; column_border_width=&#8221;none&#8221; column_border_style=&#8221;solid&#8221;][vc_column_text]<\/p>\n<p style=\"text-align: center;\">[button color=&#8221;accent-color&#8221; hover_text_color_override=&#8221;#fff&#8221; size=&#8221;large&#8221; url=&#8221;https:\/\/qlu.ac.pa\/masters\/&#8221; text=&#8221;Otros programas&#8221; color_override=&#8221;&#8221;]<\/p>\n<p>[\/vc_column_text][\/vc_column][vc_column column_padding=&#8221;no-extra-padding&#8221; column_padding_position=&#8221;all&#8221; background_color_opacity=&#8221;1&#8243; background_hover_color_opacity=&#8221;1&#8243; column_shadow=&#8221;none&#8221; column_border_radius=&#8221;none&#8221; width=&#8221;1\/1&#8243; tablet_text_alignment=&#8221;default&#8221; phone_text_alignment=&#8221;default&#8221; column_border_width=&#8221;none&#8221; column_border_style=&#8221;solid&#8221;][\/vc_column][\/vc_row]<\/p>\n","protected":false},"excerpt":{"rendered":"<p>[vc_row type=&#8221;full_width_background&#8221; full_screen_row_position=&#8221;middle&#8221; scene_position=&#8221;center&#8221; layer_one_image=&#8221;2518&#8243; layer_four_image=&#8221;2655&#8243; text_color=&#8221;dark&#8221; text_align=&#8221;center&#8221; top_padding=&#8221;0&#8243; bottom_padding=&#8221;0&#8243; overlay_strength=&#8221;0.3&#8243; shape_divider_position=&#8221;bottom&#8221;][vc_column column_padding=&#8221;no-extra-padding&#8221; column_padding_position=&#8221;all&#8221; background_color_opacity=&#8221;1&#8243; background_hover_color_opacity=&#8221;1&#8243; column_shadow=&#8221;none&#8221; column_border_radius=&#8221;none&#8221; width=&#8221;1\/1&#8243; tablet_text_alignment=&#8221;default&#8221; phone_text_alignment=&#8221;default&#8221; column_border_width=&#8221;none&#8221; [&hellip;]<\/p>\n","protected":false},"author":3,"featured_media":0,"parent":0,"menu_order":36,"comment_status":"open","ping_status":"open","template":"","meta":{"_joinchat":[],"footnotes":""},"class_list":["post-4993","page","type-page","status-publish","hentry"],"_links":{"self":[{"href":"https:\/\/qlu.ac.pa\/masters\/wp-json\/wp\/v2\/pages\/4993","targetHints":{"allow":["GET"]}}],"collection":[{"href":"https:\/\/qlu.ac.pa\/masters\/wp-json\/wp\/v2\/pages"}],"about":[{"href":"https:\/\/qlu.ac.pa\/masters\/wp-json\/wp\/v2\/types\/page"}],"author":[{"embeddable":true,"href":"https:\/\/qlu.ac.pa\/masters\/wp-json\/wp\/v2\/users\/3"}],"replies":[{"embeddable":true,"href":"https:\/\/qlu.ac.pa\/masters\/wp-json\/wp\/v2\/comments?post=4993"}],"version-history":[{"count":9,"href":"https:\/\/qlu.ac.pa\/masters\/wp-json\/wp\/v2\/pages\/4993\/revisions"}],"predecessor-version":[{"id":5505,"href":"https:\/\/qlu.ac.pa\/masters\/wp-json\/wp\/v2\/pages\/4993\/revisions\/5505"}],"wp:attachment":[{"href":"https:\/\/qlu.ac.pa\/masters\/wp-json\/wp\/v2\/media?parent=4993"}],"curies":[{"name":"wp","href":"https:\/\/api.w.org\/{rel}","templated":true}]}}